{"id":11176,"date":"2020-12-02T16:25:53","date_gmt":"2020-12-02T16:25:53","guid":{"rendered":"http:\/\/s961990797.websitehome.co.uk\/?page_id=11176"},"modified":"2021-06-10T22:54:22","modified_gmt":"2021-06-10T22:54:22","slug":"home","status":"publish","type":"page","link":"https:\/\/enfantsdazur.com\/fr\/","title":{"rendered":"Home"},"content":{"rendered":"\n\n\t\t\t<img decoding=\"async\" loading='false' src=\"https:\/\/enfantsdazur.com\/wp-content\/uploads\/2021\/03\/B-Platinum-Nanny-Facebook.png\" alt=\"\" \/><a href=\"https:\/\/www.platinumnanny.com\" target=\"_self\" aria-label=\"\" rel=\"noopener noreferrer nofollow\"><\/a>\t\t\t\n\t\t\t<img decoding=\"async\" loading='false' src=\"https:\/\/enfantsdazur.com\/wp-content\/uploads\/2021\/03\/Anna-Leak-Advert-1.png\" alt=\"Anna leak photography\" \/><a href=\"https:\/\/bit.ly\/37Z4ocg\" target=\"_self\" aria-label=\"\" rel=\"noopener noreferrer nofollow\"><\/a>\t\t\t\n\t\t\t<img decoding=\"async\" loading='false' src=\"https:\/\/enfantsdazur.com\/wp-content\/uploads\/2021\/03\/\u04414\u0441_560x400.jpg\" alt=\"sponsor a child&#039;s education C4C \" \/><a href=\"https:\/\/bit.ly\/3uOh0wH\" target=\"_self\" aria-label=\"\" rel=\"noopener noreferrer nofollow\"><\/a>\t\t\t\n\t\t\t\t<a href=\"https:\/\/issuu.com\/enfantsdazur\/docs\/enfants_dazur_magazine_june_july_august_2021?fr=sZWRkMDM4MTM4ODE\" target=\"_self\" itemprop=\"url\" rel=\"noopener noreferrer nofollow\">\n\t\t\t\t<img loading=\"lazy\" decoding=\"async\" src=\"https:\/\/enfantsdazur.com\/wp-content\/uploads\/2021\/06\/13.png\" alt=\"13\" itemprop=\"image\" height=\"100\" width=\"365\" title=\"13\" onerror=\"this.style.display='none'\"  \/>\n\t\t\t\t<\/a>\n\t\t\t\t<a href=\"https:\/\/issuu.com\/enfantsdazur\/docs\/enfants_dazur_magazine_june_july_august_2021?fr=sZWRkMDM4MTM4ODE\" target=\"_self\" itemprop=\"url\" rel=\"noopener noreferrer nofollow\">\n\t\t\t\t<img loading=\"lazy\" decoding=\"async\" src=\"https:\/\/enfantsdazur.com\/wp-content\/uploads\/2021\/06\/12.png\" alt=\"12\" itemprop=\"image\" height=\"100\" width=\"365\" title=\"12\" onerror=\"this.style.display='none'\"  \/>\n\t\t\t\t<\/a>\n\t<div class=\"fl-builder-content fl-builder-content-11295 fl-builder-template fl-builder-layout-template fl-builder-global-templates-locked\" data-post-id=\"11295\"><div class=\"fl-row fl-row-full-width fl-row-bg-none fl-node-5fca528263e65 fl-row-default-height fl-row-align-center\" data-node=\"5fca528263e65\">\n\t<div class=\"fl-row-content-wrap\">\n\t\t\t\t\t\t<div class=\"fl-row-content fl-row-fixed-width fl-node-content\">\n\t\t\n<div class=\"fl-col-group fl-node-5fca528263e66\" data-node=\"5fca528263e66\">\n\t\t\t<div class=\"fl-col fl-node-5fca528263e67 fl-col-bg-color\" data-node=\"5fca528263e67\">\n\t<div class=\"fl-col-content fl-node-content\"><div class=\"fl-module fl-module-photo fl-node-5fca528263e64\" data-node=\"5fca528263e64\">\n\t<div class=\"fl-module-content fl-node-content\">\n\t\t<div class=\"fl-photo fl-photo-align-center\" itemscope itemtype=\"https:\/\/schema.org\/ImageObject\">\n\t<div class=\"fl-photo-content fl-photo-img-png\">\n\t\t\t\t<img loading=\"lazy\" decoding=\"async\" class=\"fl-photo-img wp-image-7127 size-full\" src=\"https:\/\/enfantsdazur.com\/wp-content\/uploads\/2020\/05\/magazine-logo-french.png\" alt=\"magazine logo french\" itemprop=\"image\" height=\"150\" width=\"150\" title=\"magazine logo french\" srcset=\"https:\/\/enfantsdazur.com\/wp-content\/uploads\/2020\/05\/magazine-logo-french.png 150w, https:\/\/enfantsdazur.com\/wp-content\/uploads\/2020\/05\/magazine-logo-french-100x100.png 100w\" sizes=\"auto, (max-width: 150px) 100vw, 150px\" \/>\n\t\t\t\t\t<\/div>\n\t<\/div>\n\t<\/div>\n<\/div>\n<\/div>\n<\/div>\n\t<\/div>\n\t\t<\/div>\n\t<\/div>\n<\/div>\n<div class=\"fl-row fl-row-full-width fl-row-bg-none fl-node-5fca528263e5d fl-row-default-height fl-row-align-center fl-sidebar-wrap\" data-node=\"5fca528263e5d\">\n\t<div class=\"fl-row-content-wrap\">\n\t\t\t\t\t\t<div class=\"fl-row-content fl-row-fixed-width fl-node-content\">\n\t\t\n<div class=\"fl-col-group fl-node-5fca528263e60\" data-node=\"5fca528263e60\">\n\t\t\t<div class=\"fl-col fl-node-5fca528263e61 fl-col-bg-color\" data-node=\"5fca528263e61\">\n\t<div class=\"fl-col-content fl-node-content\"><div class=\"fl-module fl-module-rich-text fl-node-5fca528263e63\" data-node=\"5fca528263e63\">\n\t<div class=\"fl-module-content fl-node-content\">\n\t\t<div class=\"fl-rich-text\">\n\t<p style=\"text-align: center;\"><span style=\"font-size: 16px;\"><strong><span style=\"color: #8631a2;\">Recevez les derni\u00e8res <\/span><\/strong><\/span><\/p>\n<p style=\"text-align: center;\"><span style=\"font-size: 16px;\"><strong><span style=\"color: #8631a2;\">infos familiales de Enfants d'Azur <\/span><\/strong><\/span><\/p>\n<p style=\"text-align: center;\"><span style=\"font-size: 16px;\"><strong><span style=\"color: #8631a2;\">directement par mail !<\/span><\/strong><\/span><\/p>\n<\/div>\n\t<\/div>\n<\/div>\n<div class=\"fl-module fl-module-subscribe-form fl-node-5fca528263e62 .fl-sidebar-wrapper\" data-node=\"5fca528263e62\">\n\t<div class=\"fl-module-content fl-node-content\">\n\t\t<div class=\"fl-subscribe-form fl-subscribe-form-stacked fl-subscribe-form-name-show fl-form fl-clearfix\" ><input type=\"hidden\" id=\"fl-subscribe-form-nonce\" name=\"fl-subscribe-form-nonce\" value=\"3bdd463416\" \/><input type=\"hidden\" name=\"_wp_http_referer\" value=\"\/fr\/wp-json\/wp\/v2\/pages\/11176\" \/>\t\t<div class=\"fl-form-field\">\n\t\t<label for=\"fl-subscribe-form-name\" class=\"hidden\">Nom<\/label>\n\t\t<input type=\"text\" aria-describedby=\"name-error\" name=\"fl-subscribe-form-name\" placeholder=\"Nom\" id=\"fl-subscribe-form-name\" class=\"fl-subscribe-form-name\" \/>\n\t\t<div class=\"fl-form-error-message\" id=\"name-error\">Veuillez entrer votre nom.<\/div>\n\t<\/div>\n\t\n\t<div class=\"fl-form-field\">\n\t\t<label for=\"fl-subscribe-form-email\" class=\"hidden\">Email<\/label>\n\t\t<input type=\"email\" aria-describedby=\"email-error\" name=\"fl-subscribe-form-email\" placeholder=\"Email\" id=\"fl-subscribe-form-email\"  class=\"fl-subscribe-form-email\"  \/>\n\t\t<div class=\"fl-form-error-message\" id=\"email-error\">Veuillez entrer une adresse email valide.<\/div>\n\t<\/div>\n\n\t\t\t\n\t\t\t\n\t<div class=\"fl-form-button\" data-wait-text=\"Veuillez patienter...\">\n\t<div class=\"fl-button-wrap fl-button-width-full fl-button-left\">\n\t\t\t<a href=\"#\" target=\"_self\" class=\"fl-button\">\n\t\t\t\t\t\t\t<span class=\"fl-button-text\">M\u2019abonner!<\/span>\n\t\t\t\t\t<\/a>\n<\/div>\n\t<\/div>\n\n\t\n\t<div class=\"fl-form-success-message\"><p>Merci de vous inscrire ! Veuillez consulter votre courriel pour de plus amples instructions.<\/p><\/div>\n\n\t<div class=\"fl-form-error-message\">Une erreur s'est produite. V\u00e9rifiez vos donn\u00e9es et essayez \u00e0 nouveau.<\/div>\n\n<\/div>\n\t<\/div>\n<\/div>\n<\/div>\n<\/div>\n\t<\/div>\n\t\t<\/div>\n\t<\/div>\n<\/div>\n<\/div>\n\t\n\t<form autocomplete=\"off\" name=\"wpv-filter-9317\" action=\"\/fr\/wp-json\/wp\/v2\/pages\/11176?wpv_view_count=9317\" method=\"get\" class=\"wpv-filter-form js-wpv-filter-form js-wpv-filter-form-9317 js-wpv-form-full js-wpv-dps-enabled js-wpv-ajax-results-submit-enabled\" data-viewnumber=\"9317\" data-viewid=\"9317\" data-viewhash=\"eyJuYW1lIjoiYWxsLWJsb2dzIn0=\" data-viewwidgetid=\"0\" data-orderby=\"\" data-order=\"\" data-orderbyas=\"\" data-orderbysecond=\"\" data-ordersecond=\"\" data-parametric=\"{&quot;query&quot;:&quot;normal&quot;,&quot;id&quot;:9317,&quot;view_id&quot;:9317,&quot;widget_id&quot;:0,&quot;view_hash&quot;:&quot;9317&quot;,&quot;action&quot;:&quot;\\\/fr\\\/wp-json\\\/wp\\\/v2\\\/pages\\\/11176?wpv_view_count=9317&quot;,&quot;sort&quot;:{&quot;orderby&quot;:&quot;&quot;,&quot;order&quot;:&quot;&quot;,&quot;orderby_as&quot;:&quot;&quot;,&quot;orderby_second&quot;:&quot;&quot;,&quot;order_second&quot;:&quot;&quot;},&quot;orderby&quot;:&quot;&quot;,&quot;order&quot;:&quot;&quot;,&quot;orderby_as&quot;:&quot;&quot;,&quot;orderby_second&quot;:&quot;&quot;,&quot;order_second&quot;:&quot;&quot;,&quot;ajax_form&quot;:&quot;&quot;,&quot;ajax_results&quot;:&quot;&quot;,&quot;effect&quot;:&quot;fade&quot;,&quot;prebefore&quot;:&quot;&quot;,&quot;before&quot;:&quot;&quot;,&quot;after&quot;:&quot;&quot;,&quot;attributes&quot;:[],&quot;environment&quot;:{&quot;current_post_id&quot;:11176,&quot;parent_post_id&quot;:11176,&quot;parent_term_id&quot;:0,&quot;parent_user_id&quot;:0,&quot;archive&quot;:{&quot;type&quot;:&quot;&quot;,&quot;name&quot;:&quot;&quot;,&quot;data&quot;:[]}},&quot;loop&quot;:{&quot;type&quot;:&quot;&quot;,&quot;name&quot;:&quot;&quot;,&quot;data&quot;:[],&quot;id&quot;:0}}\" data-attributes=\"[]\" data-environment=\"{&quot;current_post_id&quot;:11176,&quot;parent_post_id&quot;:11176,&quot;parent_term_id&quot;:0,&quot;parent_user_id&quot;:0,&quot;archive&quot;:{&quot;type&quot;:&quot;&quot;,&quot;name&quot;:&quot;&quot;,&quot;data&quot;:[]}}\"><input type=\"hidden\" class=\"js-wpv-dps-filter-data js-wpv-filter-data-for-this-form\" data-action=\"\/fr\/wp-json\/wp\/v2\/pages\/11176?wpv_view_count=9317\" data-page=\"1\" data-ajax=\"disable\" data-effect=\"fade\" data-maxpages=\"4\" data-ajaxprebefore=\"\" data-ajaxbefore=\"\" data-ajaxafter=\"\" \/><input class=\"wpv_view_count wpv_view_count-9317\" type=\"hidden\" name=\"wpv_view_count\" value=\"9317\" \/>\n\n<div class=\"row\">\n\t<div class=\"col-sm-8\"><select name=\"wpv-category\" class=\"js-wpv-filter-trigger form-control\"><option selected='selected' value=\"0\">All categories<\/option><option value=\"choses-a-faire\">CHOSES \u00c0 FAIRE<\/option><option value=\"education-garde\">\u00c9DUCATION &amp; GARDE<\/option><option value=\"evenements\">\u00c9V\u00c8NEMENTS<\/option><option value=\"fetes\">F\u00caTES<\/option><option value=\"gagner-du-temps\">GAGNER DU TEMPS<\/option><option value=\"non-classifiee\">Non-Classifi\u00e9e<\/option><option value=\"recettes\">RECETTES<\/option><option value=\"restauration\">RESTAURATION<\/option><option value=\"sante-bien-etre\">SANT\u00c9 &amp; BIEN-\u00caTRE<\/option><option value=\"se-loger\">SE LOGER<\/option><option value=\"shopping-fr\">SHOPPING<\/option><option value=\"summer-camps-fr\">SUMMER CAMPS<\/option><option value=\"transports\">TRANSPORTS<\/option><\/select><\/div>\n\t<div class=\"col-sm-4\"><input type=\"submit\" class=\"btn-secondary wpv-submit-trigger js-wpv-submit-trigger btn\" name=\"wpv_filter_submit\" value=\"VALIDER\" \/><\/div>\n<\/div>\n<br>\n<ul class=\"pagination\">\n\t<li class=\"page-item\"><\/li>\n\t<li class=\"page-item\"><a class=\"wpv-filter-next-link js-wpv-pagination-next-link page-link \"  href=\"\/fr\/wp-json\/wp\/v2\/pages\/11176?wpv_view_count=9317&#038;wpv_paged=2\"\n\t\t\t\t\tdata-viewnumber=\"9317\" data-page=\"2\">Next<\/a><\/li>\n<\/ul>\n<br>\n\n<\/form>\n<div id=\"wpv-view-layout-9317\" class=\"js-wpv-view-layout js-wpv-layout-responsive js-wpv-view-layout-9317 wpv-pagination js-wpv-layout-has-pagination wpv-pagination-preload-images js-wpv-layout-preload-images\" style=\"visibility:hidden;\" data-viewnumber=\"9317\" data-pagination=\"{&quot;id&quot;:9317,&quot;query&quot;:&quot;normal&quot;,&quot;type&quot;:&quot;ajaxed&quot;,&quot;effect&quot;:&quot;fade&quot;,&quot;duration&quot;:500,&quot;speed&quot;:5,&quot;pause_on_hover&quot;:&quot;disabled&quot;,&quot;stop_rollover&quot;:&quot;false&quot;,&quot;cache_pages&quot;:&quot;disabled&quot;,&quot;preload_images&quot;:&quot;enabled&quot;,&quot;preload_pages&quot;:&quot;disabled&quot;,&quot;preload_reach&quot;:1,&quot;spinner&quot;:&quot;builtin&quot;,&quot;spinner_image&quot;:&quot;https:\/\/enfantsdazur.com\/wp-content\/plugins\/wp-views\/embedded\/res\/img\/ajax-loader-overlay.svg&quot;,&quot;callback_next&quot;:&quot;&quot;,&quot;manage_history&quot;:&quot;disabled&quot;,&quot;has_controls_in_form&quot;:&quot;enabled&quot;,&quot;infinite_tolerance&quot;:0,&quot;max_pages&quot;:4,&quot;page&quot;:1,&quot;base_permalink&quot;:&quot;\/fr\/wp-json\/wp\/v2\/pages\/11176?wpv_view_count=9317&amp;wpv_paged=WPV_PAGE_NUM&quot;,&quot;loop&quot;:{&quot;type&quot;:&quot;&quot;,&quot;name&quot;:&quot;&quot;,&quot;data&quot;:[],&quot;id&quot;:0}}\" data-permalink=\"\/fr\/wp-json\/wp\/v2\/pages\/11176?wpv_view_count=9317\">\n\n\t\n\t\n\t\n\t\t\n\t\t\t<div class=\"col-sm-4\"><a class=\"newsblock-link\" href=\"https:\/\/enfantsdazur.com\/fr\/getting-a-side-hustle-in-2021-6-ideas-to-boost-your-familys-finances\/\">\n\n\n\n\n<div class=\"newsblock newsblock-none-container\">\n\n  <div class=\"newsblock-image\">\n    \n    \n    \n    \n    \n    <div class=\"newsblock-absolute newsblock-default\">\n    \n      <label class=\"cat-label\">Non-Classifi\u00e9e<\/label>\n    <\/div>\n  <\/div>\n  <div class=\"newsblock-title\">\n\t<h3>Getting a Side Hustle in 2021: 6 Ideas to Boost Your Family\u2019s Finances<\/h3>\n  <\/div>\n  <div class=\"newsblock-desc\">\n\t<p>If there&rsquo;s one thing 2020 has taught us it&rsquo;s that the future is uncertain and with that being the case, having&#8230;<\/p>\n  <\/div>\n  \n<\/div>\n<\/a><\/div>\n\t\t\n\t\t\n\t\t\t<div class=\"col-sm-4\"><a class=\"newsblock-link\" href=\"https:\/\/enfantsdazur.com\/fr\/getting-a-side-hustle-in-2021-6-ideas-to-boost-your-familys-finances\/\">\n\n\n\n\n<div class=\"newsblock newsblock-none-container\">\n\n  <div class=\"newsblock-image\">\n    <img decoding=\"async\" class=\"attachment-350x size-350x newsblock-img\" src=\"https:\/\/enfantsdazur.com\/wp-content\/uploads\/2020\/07\/diary1-wpv_350x.png\" width=\"350\" height=\"\" alt=\"\" \/>\n    \n    \n    \n    \n    <div class=\"newsblock-absolute newsblock-default\">\n    \n      <label class=\"cat-label\">Non-Classifi\u00e9e<\/label>\n    <\/div>\n  <\/div>\n  <div class=\"newsblock-title\">\n\t<h3>Getting a Side Hustle in 2021: 6 Ideas to Boost Your Family\u2019s Finances<\/h3>\n  <\/div>\n  <div class=\"newsblock-desc\">\n\t<p>If there&rsquo;s one thing 2020 has taught us it&rsquo;s that the future is uncertain and with that being the case, having&#8230;<\/p>\n  <\/div>\n  \n<\/div>\n<\/a><\/div>\n\t\t\n\t\t\n\t\t\t<div class=\"col-sm-4\"><a class=\"newsblock-link\" href=\"https:\/\/enfantsdazur.com\/fr\/a-life-changing-summer-navigating-educational-summer-camp-options\/\">\n\n\n\n\n<div class=\"newsblock newsblock-none-container\">\n\n  <div class=\"newsblock-image\">\n    <img decoding=\"async\" class=\"attachment-350x size-350x newsblock-img\" src=\"https:\/\/enfantsdazur.com\/wp-content\/uploads\/2021\/05\/5-copie-4-wpv_350x.png\" width=\"350\" height=\"\" alt=\"Summer camp\" \/>\n    \n    \n    \n    \n    <div class=\"newsblock-absolute newsblock-default\">\n    \n      <label class=\"cat-label\">SUMMER CAMPS<\/label>\n    <\/div>\n  <\/div>\n  <div class=\"newsblock-title\">\n\t<h3>Un \u00c9t\u00e9 Qui Change La Vie : Parcourir les Options de Stages d\u2019\u00c9t\u00e9 \u00c9ducatifs<\/h3>\n  <\/div>\n  <div class=\"newsblock-desc\">\n\t<p>Les avantages d\u2019une exp\u00e9rience en dehors de la maison et du cadre familial sont multiples et peuvent \u00eatre diff\u00e9rents selon l\u2019\u00e2ge&#8230;<\/p>\n  <\/div>\n  \n<\/div>\n<\/a><\/div>\n\t\t\n\t\t\n\t\t\t<div class=\"col-sm-4\"><a class=\"newsblock-link\" href=\"https:\/\/enfantsdazur.com\/fr\/interview-with-victoria-stevenson-columbus-monte-carlo\/\">\n\n\n\n\n<div class=\"newsblock newsblock-none-container\">\n\n  <div class=\"newsblock-image\">\n    <img decoding=\"async\" class=\"attachment-350x size-350x newsblock-img\" src=\"https:\/\/enfantsdazur.com\/wp-content\/uploads\/2021\/04\/2-copie-2-wpv_350x.png\" width=\"350\" height=\"\" alt=\"Interview set\" \/>\n    \n    \n    \n    \n    <div class=\"newsblock-absolute newsblock-default\">\n    \n      <label class=\"cat-label\">RESTAURATION<\/label>\n    <\/div>\n  <\/div>\n  <div class=\"newsblock-title\">\n\t<h3>Interview With Victoria Stevenson, Columbus Monte-Carlo<\/h3>\n  <\/div>\n  <div class=\"newsblock-desc\">\n\t<p>Learn more about the Columbus Monte Carlo Hotel and the children&rsquo;s activities they offer&#8230;&#8230;<\/p>\n  <\/div>\n  \n<\/div>\n<\/a><\/div>\n\t\t\n\t\t\n\t\t\t<div class=\"col-sm-4\"><a class=\"newsblock-link\" href=\"https:\/\/enfantsdazur.com\/fr\/interview-with-victoria-stevenson-columbus-monte-carlo\/\">\n\n\n\n\n<div class=\"newsblock newsblock-none-container\">\n\n  <div class=\"newsblock-image\">\n    \n    \n    \n    \n    \n    <div class=\"newsblock-absolute newsblock-default\">\n    \n      <label class=\"cat-label\">Non-Classifi\u00e9e<\/label>\n    <\/div>\n  <\/div>\n  <div class=\"newsblock-title\">\n\t<h3>Interview With Victoria Stevenson, Columbus Monte-Carlo<\/h3>\n  <\/div>\n  <div class=\"newsblock-desc\">\n\t<p>Learn more about the Columbus Monte Carlo Hotel and the children&rsquo;s activities they offer&#8230;&#8230;<\/p>\n  <\/div>\n  \n<\/div>\n<\/a><\/div>\n\t\t\n\t\t\n\t\t\t<div class=\"col-sm-4\"><a class=\"newsblock-link\" href=\"https:\/\/enfantsdazur.com\/fr\/laissez-entrer-les-energies-printanieres-revitalisantes-avec-la-puissance-du-feng-shui\/\">\n\n\n\n\n<div class=\"newsblock newsblock-none-container\">\n\n  <div class=\"newsblock-image\">\n    <img decoding=\"async\" class=\"attachment-350x size-350x newsblock-img\" src=\"https:\/\/enfantsdazur.com\/wp-content\/uploads\/2021\/04\/EDZ-Photos-3-wpv_350x.png\" width=\"350\" height=\"\" alt=\"Feng shui\" \/>\n    \n    \n    \n    \n    <div class=\"newsblock-absolute newsblock-default\">\n    \n      <label class=\"cat-label\">GAGNER DU TEMPS<\/label>\n    <\/div>\n  <\/div>\n  <div class=\"newsblock-title\">\n\t<h3>Laissez Entrer les \u00c9nergies Printani\u00e8res Revitalisantes avec la Puissance du Feng Shui<\/h3>\n  <\/div>\n  <div class=\"newsblock-desc\">\n\t<p>Explorez les principes du Feng Shui, une pratique qui vous aidera \u00e0 cr\u00e9er l&rsquo;unit\u00e9 avec le monde naturel.&#8230;<\/p>\n  <\/div>\n  \n<\/div>\n<\/a><\/div>\n\t\t\n\t\t\n\t\t\t<div class=\"col-sm-4\"><a class=\"newsblock-link\" href=\"https:\/\/enfantsdazur.com\/fr\/chances-for-children-parrainer-leducation-dun-enfant\/\">\n\n\n\n\n<div class=\"newsblock newsblock-none-container\">\n\n  <div class=\"newsblock-image\">\n    \n    \n    \n    \n    \n    <div class=\"newsblock-absolute newsblock-default\">\n    \n      <label class=\"cat-label\">\u00c9DUCATION &amp; GARDE<\/label>\n    <\/div>\n  <\/div>\n  <div class=\"newsblock-title\">\n\t<h3>Chances For Children : Parrainer l\u2019\u00c9ducation d\u2019un Enfant<\/h3>\n  <\/div>\n  <div class=\"newsblock-desc\">\n\t<p>D\u00e9couvrez l&rsquo;ouvre caritative \u00ab\u00a0Chances for Children\u00a0\u00bb et tout ce qu&rsquo;ils font pour des enfants ougandais&#8230;&#8230;<\/p>\n  <\/div>\n  \n<\/div>\n<\/a><\/div>\n\t\t\n\t\t\n\t\t\t<div class=\"col-sm-4\"><a class=\"newsblock-link\" href=\"https:\/\/enfantsdazur.com\/fr\/allaitement-instinctif-lien-entre-maman-bebe\/\">\n\n\n\n  <div class=\"newsblock newsblock-turquoise-container\">\n\n\n  <div class=\"newsblock-image\">\n    <img decoding=\"async\" class=\"attachment-350x size-350x newsblock-img\" src=\"https:\/\/enfantsdazur.com\/wp-content\/uploads\/2021\/03\/EDZ-Photos-5-wpv_350x.png\" width=\"350\" height=\"\" alt=\"Breasfeeding\" \/>\n    \n    \n    \n    <div class=\"newsblock-absolute newsblock-turquoise\">\n    \n    \n      <label class=\"cat-label\">SANT\u00c9 &amp; BIEN-\u00caTRE<\/label>\n    <\/div>\n  <\/div>\n  <div class=\"newsblock-title\">\n\t<h3>Allaitement Instinctif : Lien Entre Maman &#038; B\u00e9b\u00e9<\/h3>\n  <\/div>\n  <div class=\"newsblock-desc\">\n\t<p>C\u00e9line Bourganeuf, consultante en lactation, explore les principes du Biological Nurturing dans notre dernier article sur la sant\u00e9 et le bien-\u00eatre.&#8230;<\/p>\n  <\/div>\n  \n<\/div>\n<\/a><\/div>\n\t\t\n\t\t\n\t\t\t<div class=\"col-sm-4\"><a class=\"newsblock-link\" href=\"https:\/\/enfantsdazur.com\/fr\/traditions%e2%80%af-what-is-la-chandeleur\/\">\n\n<div class=\"newsblock newsblock-pink-container\">\n\n\n\n\n  <div class=\"newsblock-image\">\n    \n    \n    <div class=\"newsblock-absolute newsblock-pink\">\n    \n    \n    \n    \n      <label class=\"cat-label\">F\u00caTES<\/label>\n    <\/div>\n  <\/div>\n  <div class=\"newsblock-title\">\n\t<h3>Traditions : Qu\u2019est-ce que la Chandeleur ?<\/h3>\n  <\/div>\n  <div class=\"newsblock-desc\">\n\t<p>Vous adorez manger des cr\u00eapes mais vous ne savez pas d&rsquo;o\u00f9 vient la tradition? Continuez \u00e0 lire pour le d\u00e9couvrir!&#8230;<\/p>\n  <\/div>\n  \n<\/div>\n<\/a><\/div>\n\t\t\n\t\n\t\n\t\n<\/div>\n\n<form autocomplete=\"off\" name=\"wpv-filter-9317\" action=\"\/fr\/wp-json\/wp\/v2\/pages\/11176?wpv_view_count=9317\" method=\"get\" class=\"wpv-filter-form js-wpv-filter-form js-wpv-filter-form-9317 js-wpv-form-full js-wpv-dps-enabled js-wpv-ajax-results-submit-enabled\" data-viewnumber=\"9317\" data-viewid=\"9317\" data-viewhash=\"eyJuYW1lIjoiYWxsLWJsb2dzIn0=\" data-viewwidgetid=\"0\" data-orderby=\"\" data-order=\"\" data-orderbyas=\"\" data-orderbysecond=\"\" data-ordersecond=\"\" data-parametric=\"{&quot;query&quot;:&quot;normal&quot;,&quot;id&quot;:9317,&quot;view_id&quot;:9317,&quot;widget_id&quot;:0,&quot;view_hash&quot;:&quot;9317&quot;,&quot;action&quot;:&quot;\\\/fr\\\/wp-json\\\/wp\\\/v2\\\/pages\\\/11176?wpv_view_count=9317&quot;,&quot;sort&quot;:{&quot;orderby&quot;:&quot;&quot;,&quot;order&quot;:&quot;&quot;,&quot;orderby_as&quot;:&quot;&quot;,&quot;orderby_second&quot;:&quot;&quot;,&quot;order_second&quot;:&quot;&quot;},&quot;orderby&quot;:&quot;&quot;,&quot;order&quot;:&quot;&quot;,&quot;orderby_as&quot;:&quot;&quot;,&quot;orderby_second&quot;:&quot;&quot;,&quot;order_second&quot;:&quot;&quot;,&quot;ajax_form&quot;:&quot;&quot;,&quot;ajax_results&quot;:&quot;&quot;,&quot;effect&quot;:&quot;fade&quot;,&quot;prebefore&quot;:&quot;&quot;,&quot;before&quot;:&quot;&quot;,&quot;after&quot;:&quot;&quot;,&quot;attributes&quot;:[],&quot;environment&quot;:{&quot;current_post_id&quot;:11176,&quot;parent_post_id&quot;:11176,&quot;parent_term_id&quot;:0,&quot;parent_user_id&quot;:0,&quot;archive&quot;:{&quot;type&quot;:&quot;&quot;,&quot;name&quot;:&quot;&quot;,&quot;data&quot;:[]}},&quot;loop&quot;:{&quot;type&quot;:&quot;&quot;,&quot;name&quot;:&quot;&quot;,&quot;data&quot;:[],&quot;id&quot;:0}}\" data-attributes=\"[]\" data-environment=\"{&quot;current_post_id&quot;:11176,&quot;parent_post_id&quot;:11176,&quot;parent_term_id&quot;:0,&quot;parent_user_id&quot;:0,&quot;archive&quot;:{&quot;type&quot;:&quot;&quot;,&quot;name&quot;:&quot;&quot;,&quot;data&quot;:[]}}\"><input type=\"hidden\" class=\"js-wpv-dps-filter-data js-wpv-filter-data-for-this-form\" data-action=\"\/fr\/wp-json\/wp\/v2\/pages\/11176?wpv_view_count=9317\" data-page=\"1\" data-ajax=\"disable\" data-effect=\"fade\" data-maxpages=\"4\" data-ajaxprebefore=\"\" data-ajaxbefore=\"\" data-ajaxafter=\"\" \/><input class=\"wpv_view_count wpv_view_count-9317\" type=\"hidden\" name=\"wpv_view_count\" value=\"9317\" \/>\n\n<ul class=\"pagination\">\n\t<li class=\"page-item\"><\/li>\n\t<li class=\"page-item\"><a class=\"wpv-filter-next-link js-wpv-pagination-next-link page-link \"  href=\"\/fr\/wp-json\/wp\/v2\/pages\/11176?wpv_view_count=9317&#038;wpv_paged=2\"\n\t\t\t\t\tdata-viewnumber=\"9317\" data-page=\"2\">Next<\/a><\/li>\n<\/ul>\n\n<\/form>\n\t<p>Sponsored Adverts<\/p>\n\t\n\n","protected":false},"excerpt":{"rendered":"<p>Sponsored Adverts<\/p>\n","protected":false},"author":16,"featured_media":0,"parent":0,"menu_order":0,"comment_status":"closed","ping_status":"closed","template":"","meta":{"footnotes":""},"class_list":["post-11176","page","type-page","status-publish","hentry"],"_links":{"self":[{"href":"https:\/\/enfantsdazur.com\/fr\/wp-json\/wp\/v2\/pages\/11176","targetHints":{"allow":["GET"]}}],"collection":[{"href":"https:\/\/enfantsdazur.com\/fr\/wp-json\/wp\/v2\/pages"}],"about":[{"href":"https:\/\/enfantsdazur.com\/fr\/wp-json\/wp\/v2\/types\/page"}],"author":[{"embeddable":true,"href":"https:\/\/enfantsdazur.com\/fr\/wp-json\/wp\/v2\/users\/16"}],"replies":[{"embeddable":true,"href":"https:\/\/enfantsdazur.com\/fr\/wp-json\/wp\/v2\/comments?post=11176"}],"version-history":[{"count":15,"href":"https:\/\/enfantsdazur.com\/fr\/wp-json\/wp\/v2\/pages\/11176\/revisions"}],"predecessor-version":[{"id":13749,"href":"https:\/\/enfantsdazur.com\/fr\/wp-json\/wp\/v2\/pages\/11176\/revisions\/13749"}],"wp:attachment":[{"href":"https:\/\/enfantsdazur.com\/fr\/wp-json\/wp\/v2\/media?parent=11176"}],"curies":[{"name":"wp","href":"https:\/\/api.w.org\/{rel}","templated":true}]}}