{"id":11611,"date":"2020-12-20T19:02:45","date_gmt":"2020-12-20T19:02:45","guid":{"rendered":"http:\/\/s961990797.websitehome.co.uk\/magazine-subscription-terms-and-conditions\/"},"modified":"2020-12-21T22:31:30","modified_gmt":"2020-12-21T22:31:30","slug":"magazine-subscription-terms-and-conditions","status":"publish","type":"page","link":"https:\/\/enfantsdazur.com\/fr\/magazine-subscription-terms-and-conditions\/","title":{"rendered":"Abonnement au Magazine : Conditions de Vente"},"content":{"rendered":"\n\n\t<h1>Abonnement au Magazine\u00a0: Conditions de Vente<\/h1>\n<p>Les offres d&rsquo;abonnement* incluent l&rsquo;affranchissement et l&#8217;emballage et ne sont valables que jusqu&rsquo;au 31 d\u00e9cembre 2021 en France m\u00e9tropolitaine.<\/p>\n<ul>\n<li>1 num\u00e9ro: 5\u20ac*<\/li>\n<li>6 Num\u00e9ros (1 An): 30\u20ac*<\/li>\n<\/ul>\n<p>Votre 1er num\u00e9ro vous sera envoy\u00e9 dans les 2 semaines suivant la confirmation de votre inscription au paiement.<\/p>\n<p>Vos informations personnelles seront g\u00e9r\u00e9es par Enfants d&rsquo;Azur pour g\u00e9rer votre abonnement \u00e0 notre magazine. Consultez notre politique <a href=\"https:\/\/enfantsdazur.com\/wpautoterms\/privacy-policy\/\">de confidentialit\u00e9 pour<\/a> plus de d\u00e9tails.<\/p>\n\n<p><strong>Clause contractuelle pour un num\u00e9ro unique**:<\/strong> Si vous d\u00e9cidez d&rsquo;annuler votre commande, tout produit(s)\/magazine(s) re\u00e7u doit nous \u00eatre retourn\u00e9 dans un \u00e9tat tout neuf\/revendable, par la poste suivie \u00e0 vos propres frais*. Les remboursements seront trait\u00e9s \u00e0 la r\u00e9ception des produits(s)\/magazine(s). Nous nous r\u00e9servons le droit de refuser les retours lorsqu&rsquo;ils ne r\u00e9pondent pas \u00e0 ces conditions.<\/p>\n<p><strong>Clause contractuelle pour 6 num\u00e9ros (1 an) **:<\/strong> Si vous d\u00e9cidez d&rsquo;annuler votre commande, tout produit(s)\/magazine(s) re\u00e7u doit nous \u00eatre retourn\u00e9 dans un \u00e9tat tout neuf\/revendable par la poste suivie \u00e0 vos propres frais*. Les remboursements seront trait\u00e9s \u00e0 la r\u00e9ception des produits(s)\/magazine(s).\u00a0Nous nous r\u00e9servons le droit de refuser les retours lorsqu&rsquo;ils ne r\u00e9pondent pas \u00e0 ces conditions. Si le produit\/magazine ne nous est pas retourn\u00e9 ou ne r\u00e9pond pas \u00e0 ces conditions*, un remboursement partiel sera \u00e9mis pour le nombre de num\u00e9ros restants dans votre commande.<\/p>\n<p>En dehors de ces clauses sp\u00e9cifiques** contenues dans ces conditions de vente, vous avez une p\u00e9riode de \u00ab r\u00e9flexion \u00bb de 14 jours \u00e0 partir de la r\u00e9ception de votre produit\/magazine pour annuler votre commande en informant Enfants d&rsquo;Azur de votre d\u00e9cision.<\/p>\n<p>Contactez-nous pour plus d&rsquo;informations: abonne@enfantsdazur.com<\/p>\n\n<p>&nbsp;<\/p>\n\n","protected":false},"excerpt":{"rendered":"<p>Abonnement au Magazine\u00a0: Conditions de Vente Les offres d&rsquo;abonnement* incluent l&rsquo;affranchissement et l&#8217;emballage et ne sont valables que jusqu&rsquo;au 31 d\u00e9cembre&hellip;<\/p>\n","protected":false},"author":1,"featured_media":0,"parent":0,"menu_order":0,"comment_status":"closed","ping_status":"closed","template":"","meta":{"footnotes":""},"class_list":["post-11611","page","type-page","status-publish","hentry"],"_links":{"self":[{"href":"https:\/\/enfantsdazur.com\/fr\/wp-json\/wp\/v2\/pages\/11611","targetHints":{"allow":["GET"]}}],"collection":[{"href":"https:\/\/enfantsdazur.com\/fr\/wp-json\/wp\/v2\/pages"}],"about":[{"href":"https:\/\/enfantsdazur.com\/fr\/wp-json\/wp\/v2\/types\/page"}],"author":[{"embeddable":true,"href":"https:\/\/enfantsdazur.com\/fr\/wp-json\/wp\/v2\/users\/1"}],"replies":[{"embeddable":true,"href":"https:\/\/enfantsdazur.com\/fr\/wp-json\/wp\/v2\/comments?post=11611"}],"version-history":[{"count":3,"href":"https:\/\/enfantsdazur.com\/fr\/wp-json\/wp\/v2\/pages\/11611\/revisions"}],"predecessor-version":[{"id":11640,"href":"https:\/\/enfantsdazur.com\/fr\/wp-json\/wp\/v2\/pages\/11611\/revisions\/11640"}],"wp:attachment":[{"href":"https:\/\/enfantsdazur.com\/fr\/wp-json\/wp\/v2\/media?parent=11611"}],"curies":[{"name":"wp","href":"https:\/\/api.w.org\/{rel}","templated":true}]}}