{"id":12815,"date":"2021-03-10T08:53:01","date_gmt":"2021-03-10T08:53:01","guid":{"rendered":"http:\/\/s961990797.websitehome.co.uk\/things-to-do\/sports-fitness\/natation\/"},"modified":"2021-03-10T08:56:09","modified_gmt":"2021-03-10T08:56:09","slug":"natation","status":"publish","type":"page","link":"https:\/\/enfantsdazur.com\/fr\/things-to-do\/sports-fitness\/natation\/","title":{"rendered":"Natation"},"content":{"rendered":"\n\n\t<p>&nbsp;<\/p>\n<p>Jetez un \u0153il aux nombreux endroits o\u00f9 vous pourrez vous baigner sur la C\u00f4te d&rsquo;Azur. En mer, piscines publiques, piscines priv\u00e9es, clubs de natation, comp\u00e9titions de natation. Faites votre choix! C&rsquo;est l\u00e0 que vous pouvez trouver des entra\u00eeneurs, des clubs de natation, des cours de natation, des \u00e9v\u00e9nements de natation et bien plus encore dans le sud de la France.<\/p>\n<p>&nbsp;<\/p>\n<p>&nbsp;<\/p>\n\n\n\n<div id=\"wpv-view-layout-6909\" class=\"js-wpv-view-layout js-wpv-layout-responsive js-wpv-view-layout-6909\" data-viewnumber=\"6909\" data-pagination=\"{&quot;id&quot;:6909,&quot;query&quot;:&quot;normal&quot;,&quot;type&quot;:&quot;disabled&quot;,&quot;effect&quot;:&quot;fade&quot;,&quot;duration&quot;:500,&quot;speed&quot;:5,&quot;pause_on_hover&quot;:&quot;disabled&quot;,&quot;stop_rollover&quot;:&quot;false&quot;,&quot;cache_pages&quot;:&quot;enabled&quot;,&quot;preload_images&quot;:&quot;enabled&quot;,&quot;preload_pages&quot;:&quot;enabled&quot;,&quot;preload_reach&quot;:1,&quot;spinner&quot;:&quot;builtin&quot;,&quot;spinner_image&quot;:&quot;https:\/\/enfantsdazur.com\/wp-content\/plugins\/wp-views\/embedded\/res\/img\/ajax-loader.gif&quot;,&quot;callback_next&quot;:&quot;&quot;,&quot;manage_history&quot;:&quot;enabled&quot;,&quot;has_controls_in_form&quot;:&quot;disabled&quot;,&quot;infinite_tolerance&quot;:&quot;0&quot;,&quot;max_pages&quot;:0,&quot;page&quot;:1,&quot;base_permalink&quot;:&quot;\/fr\/wp-json\/wp\/v2\/pages\/12815?wpv_view_count=6909&amp;wpv_paged=WPV_PAGE_NUM&quot;,&quot;loop&quot;:{&quot;type&quot;:&quot;&quot;,&quot;name&quot;:&quot;&quot;,&quot;data&quot;:[],&quot;id&quot;:0}}\" data-permalink=\"\/fr\/wp-json\/wp\/v2\/pages\/12815?wpv_view_count=6909\">\n\n\t\n\t\n\t\n\t\t<div class=\"container\">\n  <section id=\"image\">\n  \t<div class=\"logo-border\"><\/div>\n  <\/section>\n  <aside id=\"listing\">\n\t\t<div class=\"titles\"><strong>Company Name:<\/strong><\/div> <a href=\"https:\/\/enfantsdazur.com\/fr\/business-listing\/cours-de-notation-aves-anne-sophie\/\">Cours de notation aves Anne-Sophie<\/a>\n\t\t<br>\n\t\t<div id= \"text-color\"><strong>Locations:<\/strong><\/div> \n\t\t<br>\n    \t<div id= \"text-color\"><strong>Ages:<\/strong><\/div> De 3 \u00e0 100 ans\n    \t<br>\n    \t<br>\n\t\t<div id= \"text-color\"><strong>Description:<\/strong><\/div> <p>Anne-Sopie est Ma\u00eetre nageur dipl\u00f4m\u00e9 d'\u00e9tat offrant des cours de natation \u00e0 partir de 3 ans et, cours d'aquagym ou de natation artistique pour les plus grands et ad<\/p>\n <a href= \"https:\/\/enfantsdazur.com\/fr\/business-listing\/cours-de-notation-aves-anne-sophie\/\"> read more&#8230; <\/a> \n\t<br>\n    <br>\n\t<a href= \"https:\/\/enfantsdazur.com\/fr\/business-listing\/cours-de-notation-aves-anne-sophie\/\"> Click here for full listing details\u2026 <\/a>\n   <\/aside> \n<\/div>\n<hr>\n\t\n\t\t<div class=\"container\">\n  <section id=\"image\">\n  \t<div class=\"logo-border\"><\/div>\n  <\/section>\n  <aside id=\"listing\">\n\t\t<div class=\"titles\"><strong>Company Name:<\/strong><\/div> <a href=\"https:\/\/enfantsdazur.com\/fr\/business-listing\/nautipolis\/\">Nautipolis<\/a>\n\t\t<br>\n\t\t<div id= \"text-color\"><strong>Locations:<\/strong><\/div> \n\t\t<br>\n    \t<div id= \"text-color\"><strong>Ages:<\/strong><\/div> 1+\n    \t<br>\n    \t<br>\n\t\t<div id= \"text-color\"><strong>Description:<\/strong><\/div> <p>Nautipolis c\u2019est un concept \u00ab multi-activit\u00e9s \u00bb pour tous ! Centre de bien-\u00eatre \u00e0 Antibes Sophia Antipolis. Infos Pratiques. Nautipolis Complexe sportif & Aquatique.<\/p>\n <a href= \"https:\/\/enfantsdazur.com\/fr\/business-listing\/nautipolis\/\"> read more&#8230; <\/a> \n\t<br>\n    <br>\n\t<a href= \"https:\/\/enfantsdazur.com\/fr\/business-listing\/nautipolis\/\"> Click here for full listing details\u2026 <\/a>\n   <\/aside> \n<\/div>\n<hr>\n\t\n\t\t<div class=\"container\">\n  <section id=\"image\">\n  \t<div class=\"logo-border\"><img decoding=\"async\" src=\"https:\/\/enfantsdazur.com\/wp-content\/uploads\/2020\/07\/saga.png\" \/><\/div>\n  <\/section>\n  <aside id=\"listing\">\n\t\t<div class=\"titles\"><strong>Company Name:<\/strong><\/div> <a href=\"https:\/\/enfantsdazur.com\/fr\/business-listing\/saga-digital\/\">Saga Digital<\/a>\n\t\t<br>\n\t\t<div id= \"text-color\"><strong>Locations:<\/strong><\/div> \n\t\t<br>\n    \t<div id= \"text-color\"><strong>Ages:<\/strong><\/div> 2+\n    \t<br>\n    \t<br>\n\t\t<div id= \"text-color\"><strong>Description:<\/strong><\/div> <p>Saga se sp\u00e9cialise dans les chaussures de piscine et plage anti-glissements. <\/p>\n <a href= \"https:\/\/enfantsdazur.com\/fr\/business-listing\/saga-digital\/\"> read more&#8230; <\/a> \n\t<br>\n    <br>\n\t<a href= \"https:\/\/enfantsdazur.com\/fr\/business-listing\/saga-digital\/\"> Click here for full listing details\u2026 <\/a>\n   <\/aside> \n<\/div>\n<hr>\n\t\n\t\t<div class=\"container\">\n  <section id=\"image\">\n  \t<div class=\"logo-border\"><img decoding=\"async\" src=\"https:\/\/enfantsdazur.com\/wp-content\/uploads\/2020\/06\/black-background-logo-jpg.jpg\" \/><\/div>\n  <\/section>\n  <aside id=\"listing\">\n\t\t<div class=\"titles\"><strong>Company Name:<\/strong><\/div> <a href=\"https:\/\/enfantsdazur.com\/fr\/business-listing\/swim-run-riviera\/\">Swim Run Riviera<\/a>\n\t\t<br>\n\t\t<div id= \"text-color\"><strong>Locations:<\/strong><\/div> \n\t\t<br>\n    \t<div id= \"text-color\"><strong>Ages:<\/strong><\/div> 12 \u00e0 18+\n    \t<br>\n    \t<br>\n\t\t<div id= \"text-color\"><strong>Description:<\/strong><\/div> <p>Melanie Gulliver a cr\u00e9\u00e9 Swimrunriveria.com pour vivre des exp\u00e9riences inoubliables aux invit\u00e9es et ressortissants de la Cote d\u2019Azur, avec des douces s\u00e9ances d\u2019entrainement et de d\u00e9lire.<\/p>\n <a href= \"https:\/\/enfantsdazur.com\/fr\/business-listing\/swim-run-riviera\/\"> read more&#8230; <\/a> \n\t<br>\n    <br>\n\t<a href= \"https:\/\/enfantsdazur.com\/fr\/business-listing\/swim-run-riviera\/\"> Click here for full listing details\u2026 <\/a>\n   <\/aside> \n<\/div>\n<hr>\n\t\n\t\n\t\n\t\n<\/div>\n\n\n","protected":false},"excerpt":{"rendered":"<p>&nbsp; Jetez un \u0153il aux nombreux endroits o\u00f9 vous pourrez vous baigner sur la C\u00f4te d&rsquo;Azur. En mer, piscines publiques, piscines&hellip;<\/p>\n","protected":false},"author":1,"featured_media":0,"parent":7507,"menu_order":0,"comment_status":"closed","ping_status":"closed","template":"","meta":{"footnotes":""},"class_list":["post-12815","page","type-page","status-publish","hentry"],"_links":{"self":[{"href":"https:\/\/enfantsdazur.com\/fr\/wp-json\/wp\/v2\/pages\/12815","targetHints":{"allow":["GET"]}}],"collection":[{"href":"https:\/\/enfantsdazur.com\/fr\/wp-json\/wp\/v2\/pages"}],"about":[{"href":"https:\/\/enfantsdazur.com\/fr\/wp-json\/wp\/v2\/types\/page"}],"author":[{"embeddable":true,"href":"https:\/\/enfantsdazur.com\/fr\/wp-json\/wp\/v2\/users\/1"}],"replies":[{"embeddable":true,"href":"https:\/\/enfantsdazur.com\/fr\/wp-json\/wp\/v2\/comments?post=12815"}],"version-history":[{"count":0,"href":"https:\/\/enfantsdazur.com\/fr\/wp-json\/wp\/v2\/pages\/12815\/revisions"}],"up":[{"embeddable":true,"href":"https:\/\/enfantsdazur.com\/fr\/wp-json\/wp\/v2\/pages\/7507"}],"wp:attachment":[{"href":"https:\/\/enfantsdazur.com\/fr\/wp-json\/wp\/v2\/media?parent=12815"}],"curies":[{"name":"wp","href":"https:\/\/api.w.org\/{rel}","templated":true}]}}