{"id":12823,"date":"2021-03-10T09:01:12","date_gmt":"2021-03-10T09:01:12","guid":{"rendered":"http:\/\/s961990797.websitehome.co.uk\/health-wellbeing\/coaching\/"},"modified":"2021-03-10T09:01:12","modified_gmt":"2021-03-10T09:01:12","slug":"coaching","status":"publish","type":"page","link":"https:\/\/enfantsdazur.com\/fr\/health-wellbeing\/coaching\/","title":{"rendered":"Coaching"},"content":{"rendered":"\n\n\n<div id=\"wpv-view-layout-6396\" class=\"js-wpv-view-layout js-wpv-layout-responsive js-wpv-view-layout-6396\" data-viewnumber=\"6396\" data-pagination=\"{&quot;id&quot;:6396,&quot;query&quot;:&quot;normal&quot;,&quot;type&quot;:&quot;disabled&quot;,&quot;effect&quot;:&quot;fade&quot;,&quot;duration&quot;:500,&quot;speed&quot;:5,&quot;pause_on_hover&quot;:&quot;disabled&quot;,&quot;stop_rollover&quot;:&quot;false&quot;,&quot;cache_pages&quot;:&quot;enabled&quot;,&quot;preload_images&quot;:&quot;enabled&quot;,&quot;preload_pages&quot;:&quot;enabled&quot;,&quot;preload_reach&quot;:1,&quot;spinner&quot;:&quot;builtin&quot;,&quot;spinner_image&quot;:&quot;https:\/\/enfantsdazur.com\/wp-content\/plugins\/wp-views\/embedded\/res\/img\/ajax-loader.gif&quot;,&quot;callback_next&quot;:&quot;&quot;,&quot;manage_history&quot;:&quot;enabled&quot;,&quot;has_controls_in_form&quot;:&quot;disabled&quot;,&quot;infinite_tolerance&quot;:&quot;0&quot;,&quot;max_pages&quot;:0,&quot;page&quot;:1,&quot;base_permalink&quot;:&quot;\/fr\/wp-json\/wp\/v2\/pages\/12823?wpv_view_count=6396&amp;wpv_paged=WPV_PAGE_NUM&quot;,&quot;loop&quot;:{&quot;type&quot;:&quot;&quot;,&quot;name&quot;:&quot;&quot;,&quot;data&quot;:[],&quot;id&quot;:0}}\" data-permalink=\"\/fr\/wp-json\/wp\/v2\/pages\/12823?wpv_view_count=6396\">\n\n\t\n\t\n\t\n\t\t<div class=\"container\">\n  <section id=\"image\">\n  \t<div class=\"logo-border\"><img decoding=\"async\" src=\"https:\/\/enfantsdazur.com\/wp-content\/uploads\/2020\/09\/pexels-breakingpic-3188.jpg\" \/><\/div>\n  <\/section>\n  <aside id=\"listing\">\n\t\t<div class=\"titles\"><strong>Company Name:<\/strong><\/div> <a href=\"https:\/\/enfantsdazur.com\/fr\/business-listing\/belle-energie\/\">Belle Energie<\/a>\n\t\t<br>\n\t\t<div id= \"text-color\"><strong>Locations:<\/strong><\/div> Nice\n\t\t<br>\n    \t<div id= \"text-color\"><strong>Ages:<\/strong><\/div> 0+\n    \t<br>\n    \t<br>\n\t\t<div id= \"text-color\"><strong>Description:<\/strong><\/div> <p>- cours de massage b\u00e9b\u00e9 aux parents<br \/>\n- massages femmes enceintes<br \/>\n- Reiki (Ma\u00eetre Reiki),<br \/>\n- ateliers d'\u00e9veil \u00e0 la m\u00e9ditation pour les enfants de 5 \u00e0 7 ans<br \/>\n- accompagnement des femmes victimes de violences conjugales<br \/>\n- accompagnement en nutrition.<\/p>\n <a href= \"https:\/\/enfantsdazur.com\/fr\/business-listing\/belle-energie\/\"> read more&#8230; <\/a> \n\t<br>\n    <br>\n\t<a href= \"https:\/\/enfantsdazur.com\/fr\/business-listing\/belle-energie\/\"> Click here for full listing details\u2026 <\/a>\n   <\/aside> \n<\/div>\n<hr>\n\t\n\t\t<div class=\"container\">\n  <section id=\"image\">\n  \t<div class=\"logo-border\"><img decoding=\"async\" src=\"https:\/\/enfantsdazur.com\/wp-content\/uploads\/2020\/09\/pexels-breakingpic-3188.jpg\" \/><\/div>\n  <\/section>\n  <aside id=\"listing\">\n\t\t<div class=\"titles\"><strong>Company Name:<\/strong><\/div> <a href=\"https:\/\/enfantsdazur.com\/fr\/business-listing\/mbs-academie\/\">MBS Academie<\/a>\n\t\t<br>\n\t\t<div id= \"text-color\"><strong>Locations:<\/strong><\/div> Mougins\n\t\t<br>\n    \t<div id= \"text-color\"><strong>Ages:<\/strong><\/div> 5+\n    \t<br>\n    \t<br>\n\t\t<div id= \"text-color\"><strong>Description:<\/strong><\/div> <p>Une communaut\u00e9 de bien-\u00eatre au c\u0153ur de Mougins qui propose des dizaines de soins de l'esprit, du corps et de l'\u00e2me.<\/p>\n <a href= \"https:\/\/enfantsdazur.com\/fr\/business-listing\/mbs-academie\/\"> read more&#8230; <\/a> \n\t<br>\n    <br>\n\t<a href= \"https:\/\/enfantsdazur.com\/fr\/business-listing\/mbs-academie\/\"> Click here for full listing details\u2026 <\/a>\n   <\/aside> \n<\/div>\n<hr>\n\t\n\t\t<div class=\"container\">\n  <section id=\"image\">\n  \t<div class=\"logo-border\"><img decoding=\"async\" src=\"https:\/\/enfantsdazur.com\/wp-content\/uploads\/2020\/08\/Category-Pictures-EDU-Home-Page.png\" \/><\/div>\n  <\/section>\n  <aside id=\"listing\">\n\t\t<div class=\"titles\"><strong>Company Name:<\/strong><\/div> <a href=\"https:\/\/enfantsdazur.com\/fr\/business-listing\/o-phil-du-coeur\/\">\u00d4 Phil du Coeur<\/a>\n\t\t<br>\n\t\t<div id= \"text-color\"><strong>Locations:<\/strong><\/div> Antibes;Cannes;Carros;Valbonne\n\t\t<br>\n    \t<div id= \"text-color\"><strong>Ages:<\/strong><\/div> 5-102 ans\n    \t<br>\n    \t<br>\n\t\t<div id= \"text-color\"><strong>Description:<\/strong><\/div> <p>\u00d4 Phil du Coeur helps revealing and developing your potential and the potential of your children while having fun!<\/p>\n<p>Through games and discussions, participants explore their different facets and affinities, learn to welcome their feelings, their thoughts; to improve or stimulate their learning capacities and creativity....<\/p>\n <a href= \"https:\/\/enfantsdazur.com\/fr\/business-listing\/o-phil-du-coeur\/\"> read more&#8230; <\/a> \n\t<br>\n    <br>\n\t<a href= \"https:\/\/enfantsdazur.com\/fr\/business-listing\/o-phil-du-coeur\/\"> Click here for full listing details\u2026 <\/a>\n   <\/aside> \n<\/div>\n<hr>\n\t\n\t\t<div class=\"container\">\n  <section id=\"image\">\n  \t<div class=\"logo-border\"><\/div>\n  <\/section>\n  <aside id=\"listing\">\n\t\t<div class=\"titles\"><strong>Company Name:<\/strong><\/div> <a href=\"https:\/\/enfantsdazur.com\/fr\/business-listing\/the-busy-moms-coach\/\">The Busy Mom&rsquo;s Coach<\/a>\n\t\t<br>\n\t\t<div id= \"text-color\"><strong>Locations:<\/strong><\/div> \n\t\t<br>\n    \t<div id= \"text-color\"><strong>Ages:<\/strong><\/div> Pour Parents\n    \t<br>\n    \t<br>\n\t\t<div id= \"text-color\"><strong>Description:<\/strong><\/div> <p>Je suis l\u2019Entra\u00eeneuse de la M\u00e8re Occup\u00e9e. J\u2019aide les m\u00e8res occup\u00e9es de plus de 40 ans, j\u2019\u00e9quilibre et donne la priorit\u00e9 \u00e0 leur sant\u00e9 au milieu de leur vie de famille charg\u00e9e, de sorte qu\u2019elles m\u00e8nent une vie activement g\u00e9niale, dans un corps qu\u2019elles aiment.<\/p>\n <a href= \"https:\/\/enfantsdazur.com\/fr\/business-listing\/the-busy-moms-coach\/\"> read more&#8230; <\/a> \n\t<br>\n    <br>\n\t<a href= \"https:\/\/enfantsdazur.com\/fr\/business-listing\/the-busy-moms-coach\/\"> Click here for full listing details\u2026 <\/a>\n   <\/aside> \n<\/div>\n<hr>\n\t\n\t\n\t\n\t\n<\/div>\n\n","protected":false},"excerpt":{"rendered":"","protected":false},"author":1,"featured_media":0,"parent":7663,"menu_order":0,"comment_status":"closed","ping_status":"closed","template":"","meta":{"footnotes":""},"class_list":["post-12823","page","type-page","status-publish","hentry"],"_links":{"self":[{"href":"https:\/\/enfantsdazur.com\/fr\/wp-json\/wp\/v2\/pages\/12823","targetHints":{"allow":["GET"]}}],"collection":[{"href":"https:\/\/enfantsdazur.com\/fr\/wp-json\/wp\/v2\/pages"}],"about":[{"href":"https:\/\/enfantsdazur.com\/fr\/wp-json\/wp\/v2\/types\/page"}],"author":[{"embeddable":true,"href":"https:\/\/enfantsdazur.com\/fr\/wp-json\/wp\/v2\/users\/1"}],"replies":[{"embeddable":true,"href":"https:\/\/enfantsdazur.com\/fr\/wp-json\/wp\/v2\/comments?post=12823"}],"version-history":[{"count":0,"href":"https:\/\/enfantsdazur.com\/fr\/wp-json\/wp\/v2\/pages\/12823\/revisions"}],"up":[{"embeddable":true,"href":"https:\/\/enfantsdazur.com\/fr\/wp-json\/wp\/v2\/pages\/7663"}],"wp:attachment":[{"href":"https:\/\/enfantsdazur.com\/fr\/wp-json\/wp\/v2\/media?parent=12823"}],"curies":[{"name":"wp","href":"https:\/\/api.w.org\/{rel}","templated":true}]}}