{"id":12830,"date":"2021-03-10T09:07:13","date_gmt":"2021-03-10T09:07:13","guid":{"rendered":"http:\/\/s961990797.websitehome.co.uk\/coiffeurs\/"},"modified":"2021-03-10T09:07:13","modified_gmt":"2021-03-10T09:07:13","slug":"coiffeurs","status":"publish","type":"page","link":"https:\/\/enfantsdazur.com\/fr\/coiffeurs\/","title":{"rendered":"Coiffeurs"},"content":{"rendered":"\n\n\n<div id=\"wpv-view-layout-5059\" class=\"js-wpv-view-layout js-wpv-layout-responsive js-wpv-view-layout-5059\" data-viewnumber=\"5059\" data-pagination=\"{&quot;id&quot;:5059,&quot;query&quot;:&quot;normal&quot;,&quot;type&quot;:&quot;disabled&quot;,&quot;effect&quot;:&quot;fade&quot;,&quot;duration&quot;:500,&quot;speed&quot;:5,&quot;pause_on_hover&quot;:&quot;disabled&quot;,&quot;stop_rollover&quot;:&quot;false&quot;,&quot;cache_pages&quot;:&quot;enabled&quot;,&quot;preload_images&quot;:&quot;enabled&quot;,&quot;preload_pages&quot;:&quot;enabled&quot;,&quot;preload_reach&quot;:1,&quot;spinner&quot;:&quot;builtin&quot;,&quot;spinner_image&quot;:&quot;https:\/\/enfantsdazur.com\/wp-content\/plugins\/wp-views\/embedded\/res\/img\/ajax-loader.gif&quot;,&quot;callback_next&quot;:&quot;&quot;,&quot;manage_history&quot;:&quot;enabled&quot;,&quot;has_controls_in_form&quot;:&quot;disabled&quot;,&quot;infinite_tolerance&quot;:&quot;0&quot;,&quot;max_pages&quot;:0,&quot;page&quot;:1,&quot;base_permalink&quot;:&quot;\/fr\/wp-json\/wp\/v2\/pages\/12830?wpv_view_count=5059&amp;wpv_paged=WPV_PAGE_NUM&quot;,&quot;loop&quot;:{&quot;type&quot;:&quot;&quot;,&quot;name&quot;:&quot;&quot;,&quot;data&quot;:[],&quot;id&quot;:0}}\" data-permalink=\"\/fr\/wp-json\/wp\/v2\/pages\/12830?wpv_view_count=5059\">\n\n\t\n\t\n\t\n\t\t<div class=\"container\">\n  <section id=\"image\">\n  \t<div class=\"logo-border\"><\/div>\n  <\/section>\n  <aside id=\"listing\">\n\t\t<div class=\"titles\"><strong>Company Name:<\/strong><\/div> <a href=\"https:\/\/enfantsdazur.com\/fr\/business-listing\/headhunters\/\">Headhunters<\/a>\n\t\t<br>\n\t\t<div id= \"text-color\"><strong>Locations:<\/strong><\/div> \n\t\t<br>\n    \t<div id= \"text-color\"><strong>Ages:<\/strong><\/div> De 2 \u00e0 102 ans\n    \t<br>\n    \t<br>\n\t\t<div id= \"text-color\"><strong>Description:<\/strong><\/div> <p>HeadHunters, votre salon de coiffure et de beaut\u00e9 \u00e0 Valbonne, vous propose de vous accorder un moment rien que pour vous.<\/p>\n<p>Au programme, \u00e9coute, d\u00e9tente et relaxation, soins capillaires et esth\u00e9tiques pour votre enti\u00e8re satisfaction !<\/p>\n <a href= \"https:\/\/enfantsdazur.com\/fr\/business-listing\/headhunters\/\"> read more&#8230; <\/a> \n\t<br>\n    <br>\n\t<a href= \"https:\/\/enfantsdazur.com\/fr\/business-listing\/headhunters\/\"> Click here for full listing details\u2026 <\/a>\n   <\/aside> \n<\/div>\n<hr>\n\t\n\t\n\t\n\t\n<\/div>\n\n","protected":false},"excerpt":{"rendered":"","protected":false},"author":1,"featured_media":0,"parent":0,"menu_order":0,"comment_status":"closed","ping_status":"closed","template":"","meta":{"footnotes":""},"class_list":["post-12830","page","type-page","status-publish","hentry"],"_links":{"self":[{"href":"https:\/\/enfantsdazur.com\/fr\/wp-json\/wp\/v2\/pages\/12830","targetHints":{"allow":["GET"]}}],"collection":[{"href":"https:\/\/enfantsdazur.com\/fr\/wp-json\/wp\/v2\/pages"}],"about":[{"href":"https:\/\/enfantsdazur.com\/fr\/wp-json\/wp\/v2\/types\/page"}],"author":[{"embeddable":true,"href":"https:\/\/enfantsdazur.com\/fr\/wp-json\/wp\/v2\/users\/1"}],"replies":[{"embeddable":true,"href":"https:\/\/enfantsdazur.com\/fr\/wp-json\/wp\/v2\/comments?post=12830"}],"version-history":[{"count":0,"href":"https:\/\/enfantsdazur.com\/fr\/wp-json\/wp\/v2\/pages\/12830\/revisions"}],"wp:attachment":[{"href":"https:\/\/enfantsdazur.com\/fr\/wp-json\/wp\/v2\/media?parent=12830"}],"curies":[{"name":"wp","href":"https:\/\/api.w.org\/{rel}","templated":true}]}}