{"id":12832,"date":"2021-03-10T09:08:16","date_gmt":"2021-03-10T09:08:16","guid":{"rendered":"http:\/\/s961990797.websitehome.co.uk\/spas-hammam\/"},"modified":"2021-03-10T09:08:16","modified_gmt":"2021-03-10T09:08:16","slug":"spas-hammam","status":"publish","type":"page","link":"https:\/\/enfantsdazur.com\/fr\/spas-hammam\/","title":{"rendered":"Spas &#038; Hammam"},"content":{"rendered":"\n\n\n<div id=\"wpv-view-layout-6378\" class=\"js-wpv-view-layout js-wpv-layout-responsive js-wpv-view-layout-6378\" data-viewnumber=\"6378\" data-pagination=\"{&quot;id&quot;:6378,&quot;query&quot;:&quot;normal&quot;,&quot;type&quot;:&quot;disabled&quot;,&quot;effect&quot;:&quot;fade&quot;,&quot;duration&quot;:500,&quot;speed&quot;:5,&quot;pause_on_hover&quot;:&quot;disabled&quot;,&quot;stop_rollover&quot;:&quot;false&quot;,&quot;cache_pages&quot;:&quot;enabled&quot;,&quot;preload_images&quot;:&quot;enabled&quot;,&quot;preload_pages&quot;:&quot;enabled&quot;,&quot;preload_reach&quot;:1,&quot;spinner&quot;:&quot;builtin&quot;,&quot;spinner_image&quot;:&quot;https:\/\/enfantsdazur.com\/wp-content\/plugins\/wp-views\/embedded\/res\/img\/ajax-loader.gif&quot;,&quot;callback_next&quot;:&quot;&quot;,&quot;manage_history&quot;:&quot;enabled&quot;,&quot;has_controls_in_form&quot;:&quot;disabled&quot;,&quot;infinite_tolerance&quot;:&quot;0&quot;,&quot;max_pages&quot;:0,&quot;page&quot;:1,&quot;base_permalink&quot;:&quot;\/fr\/wp-json\/wp\/v2\/pages\/12832?wpv_view_count=6378&amp;wpv_paged=WPV_PAGE_NUM&quot;,&quot;loop&quot;:{&quot;type&quot;:&quot;&quot;,&quot;name&quot;:&quot;&quot;,&quot;data&quot;:[],&quot;id&quot;:0}}\" data-permalink=\"\/fr\/wp-json\/wp\/v2\/pages\/12832?wpv_view_count=6378\">\n\n\t\n\t\n\t\n\t\t<div class=\"container\">\n  <section id=\"image\">\n  \t<div class=\"logo-border\"><img decoding=\"async\" src=\"https:\/\/enfantsdazur.com\/wp-content\/uploads\/2020\/09\/pexels-breakingpic-3188.jpg\" \/><\/div>\n  <\/section>\n  <aside id=\"listing\">\n\t\t<div class=\"titles\"><strong>Company Name:<\/strong><\/div> <a href=\"https:\/\/enfantsdazur.com\/fr\/business-listing\/mbs-academie\/\">MBS Academie<\/a>\n\t\t<br>\n\t\t<div id= \"text-color\"><strong>Locations:<\/strong><\/div> Mougins\n\t\t<br>\n    \t<div id= \"text-color\"><strong>Ages:<\/strong><\/div> 5+\n    \t<br>\n    \t<br>\n\t\t<div id= \"text-color\"><strong>Description:<\/strong><\/div> <p>Une communaut\u00e9 de bien-\u00eatre au c\u0153ur de Mougins qui propose des dizaines de soins de l'esprit, du corps et de l'\u00e2me.<\/p>\n <a href= \"https:\/\/enfantsdazur.com\/fr\/business-listing\/mbs-academie\/\"> read more&#8230; <\/a> \n\t<br>\n    <br>\n\t<a href= \"https:\/\/enfantsdazur.com\/fr\/business-listing\/mbs-academie\/\"> Click here for full listing details\u2026 <\/a>\n   <\/aside> \n<\/div>\n<hr>\n\t\n\t\t<div class=\"container\">\n  <section id=\"image\">\n  \t<div class=\"logo-border\"><img decoding=\"async\" src=\"https:\/\/enfantsdazur.com\/wp-content\/uploads\/2020\/06\/image001.png\" \/><\/div>\n  <\/section>\n  <aside id=\"listing\">\n\t\t<div class=\"titles\"><strong>Company Name:<\/strong><\/div> <a href=\"https:\/\/enfantsdazur.com\/fr\/business-listing\/spa-candille\/\">Spa Candille<\/a>\n\t\t<br>\n\t\t<div id= \"text-color\"><strong>Locations:<\/strong><\/div> \n\t\t<br>\n    \t<div id= \"text-color\"><strong>Ages:<\/strong><\/div> 17+\n    \t<br>\n    \t<br>\n\t\t<div id= \"text-color\"><strong>Description:<\/strong><\/div> <p>D\u00e9tendez-vous dans ce havre de paix et de bien-\u00eatre. Le luxe et la d\u00e9tente sont au c\u0153ur du Spa Candille sur la C\u00f4te d\u2019Azur. Les soins de la gamme ESPA vous charmeront, tout autant que la beaut\u00e9 et la tranquillit\u00e9 des jardins.<\/p>\n <a href= \"https:\/\/enfantsdazur.com\/fr\/business-listing\/spa-candille\/\"> read more&#8230; <\/a> \n\t<br>\n    <br>\n\t<a href= \"https:\/\/enfantsdazur.com\/fr\/business-listing\/spa-candille\/\"> Click here for full listing details\u2026 <\/a>\n   <\/aside> \n<\/div>\n<hr>\n\t\n\t\n\t\n\t\n<\/div>\n\n","protected":false},"excerpt":{"rendered":"","protected":false},"author":1,"featured_media":0,"parent":0,"menu_order":0,"comment_status":"closed","ping_status":"closed","template":"","meta":{"footnotes":""},"class_list":["post-12832","page","type-page","status-publish","hentry"],"_links":{"self":[{"href":"https:\/\/enfantsdazur.com\/fr\/wp-json\/wp\/v2\/pages\/12832","targetHints":{"allow":["GET"]}}],"collection":[{"href":"https:\/\/enfantsdazur.com\/fr\/wp-json\/wp\/v2\/pages"}],"about":[{"href":"https:\/\/enfantsdazur.com\/fr\/wp-json\/wp\/v2\/types\/page"}],"author":[{"embeddable":true,"href":"https:\/\/enfantsdazur.com\/fr\/wp-json\/wp\/v2\/users\/1"}],"replies":[{"embeddable":true,"href":"https:\/\/enfantsdazur.com\/fr\/wp-json\/wp\/v2\/comments?post=12832"}],"version-history":[{"count":0,"href":"https:\/\/enfantsdazur.com\/fr\/wp-json\/wp\/v2\/pages\/12832\/revisions"}],"wp:attachment":[{"href":"https:\/\/enfantsdazur.com\/fr\/wp-json\/wp\/v2\/media?parent=12832"}],"curies":[{"name":"wp","href":"https:\/\/api.w.org\/{rel}","templated":true}]}}