{"id":12840,"date":"2021-03-10T09:13:25","date_gmt":"2021-03-10T09:13:25","guid":{"rendered":"http:\/\/s961990797.websitehome.co.uk\/parties\/fournisseurs\/"},"modified":"2021-03-10T09:13:25","modified_gmt":"2021-03-10T09:13:25","slug":"fournisseurs","status":"publish","type":"page","link":"https:\/\/enfantsdazur.com\/fr\/parties\/fournisseurs\/","title":{"rendered":"Fournisseurs"},"content":{"rendered":"\n\n\n<div id=\"wpv-view-layout-3901\" class=\"js-wpv-view-layout js-wpv-layout-responsive js-wpv-view-layout-3901\" data-viewnumber=\"3901\" data-pagination=\"{&quot;id&quot;:3901,&quot;query&quot;:&quot;normal&quot;,&quot;type&quot;:&quot;disabled&quot;,&quot;effect&quot;:&quot;fade&quot;,&quot;duration&quot;:500,&quot;speed&quot;:5,&quot;pause_on_hover&quot;:&quot;disabled&quot;,&quot;stop_rollover&quot;:&quot;false&quot;,&quot;cache_pages&quot;:&quot;enabled&quot;,&quot;preload_images&quot;:&quot;enabled&quot;,&quot;preload_pages&quot;:&quot;enabled&quot;,&quot;preload_reach&quot;:1,&quot;spinner&quot;:&quot;builtin&quot;,&quot;spinner_image&quot;:&quot;https:\/\/enfantsdazur.com\/wp-content\/plugins\/wp-views\/embedded\/res\/img\/ajax-loader.gif&quot;,&quot;callback_next&quot;:&quot;&quot;,&quot;manage_history&quot;:&quot;enabled&quot;,&quot;has_controls_in_form&quot;:&quot;disabled&quot;,&quot;infinite_tolerance&quot;:&quot;0&quot;,&quot;max_pages&quot;:0,&quot;page&quot;:1,&quot;base_permalink&quot;:&quot;\/fr\/wp-json\/wp\/v2\/pages\/12840?wpv_view_count=3901&amp;wpv_paged=WPV_PAGE_NUM&quot;,&quot;loop&quot;:{&quot;type&quot;:&quot;&quot;,&quot;name&quot;:&quot;&quot;,&quot;data&quot;:[],&quot;id&quot;:0}}\" data-permalink=\"\/fr\/wp-json\/wp\/v2\/pages\/12840?wpv_view_count=3901\">\n\n\t\n\t\n\t\n\t\t<div class=\"container\">\n  <section id=\"image\">\n  \t<div class=\"logo-border\"><\/div>\n  <\/section>\n  <aside id=\"listing\">\n\t\t<div class=\"titles\"><strong>Company Name:<\/strong><\/div> <a href=\"https:\/\/enfantsdazur.com\/fr\/business-listing\/anisette-design\/\">Anisette Design<\/a>\n\t\t<br>\n\t\t<div id= \"text-color\"><strong>Locations:<\/strong><\/div> \n\t\t<br>\n    \t<div id= \"text-color\"><strong>Ages:<\/strong><\/div> de 2 \u00e0 102 ans\n    \t<br>\n    \t<br>\n\t\t<div id= \"text-color\"><strong>Description:<\/strong><\/div> <p>Anisette Design est une marque fran\u00e7aise ni\u00e7oise de petite papeterie et affiches originales.<\/p>\n <a href= \"https:\/\/enfantsdazur.com\/fr\/business-listing\/anisette-design\/\"> read more&#8230; <\/a> \n\t<br>\n    <br>\n\t<a href= \"https:\/\/enfantsdazur.com\/fr\/business-listing\/anisette-design\/\"> Click here for full listing details\u2026 <\/a>\n   <\/aside> \n<\/div>\n<hr>\n\t\n\t\t<div class=\"container\">\n  <section id=\"image\">\n  \t<div class=\"logo-border\"><img decoding=\"async\" src=\"https:\/\/enfantsdazur.com\/wp-content\/uploads\/2020\/11\/Untitled-design-38.png\" \/><\/div>\n  <\/section>\n  <aside id=\"listing\">\n\t\t<div class=\"titles\"><strong>Company Name:<\/strong><\/div> <a href=\"https:\/\/enfantsdazur.com\/fr\/business-listing\/bubble-play-nice\/\">Bubble Play Nice<\/a>\n\t\t<br>\n\t\t<div id= \"text-color\"><strong>Locations:<\/strong><\/div> \n\t\t<br>\n    \t<div id= \"text-color\"><strong>Ages:<\/strong><\/div> 3+\n    \t<br>\n    \t<br>\n\t\t<div id= \"text-color\"><strong>Description:<\/strong><\/div> <p>Choisissez parmi une grande vari\u00e9t\u00e9 de structures gonflables \u00e0 louer pour toutes vos f\u00eates et \u00e9v\u00e9nements. Vous \u00eates assur\u00e9 de vous amuser avec les ch\u00e2teaux gonflables Bubble Play!<\/p>\n <a href= \"https:\/\/enfantsdazur.com\/fr\/business-listing\/bubble-play-nice\/\"> read more&#8230; <\/a> \n\t<br>\n    <br>\n\t<a href= \"https:\/\/enfantsdazur.com\/fr\/business-listing\/bubble-play-nice\/\"> Click here for full listing details\u2026 <\/a>\n   <\/aside> \n<\/div>\n<hr>\n\t\n\t\t<div class=\"container\">\n  <section id=\"image\">\n  \t<div class=\"logo-border\"><img decoding=\"async\" src=\"https:\/\/enfantsdazur.com\/wp-content\/uploads\/2020\/05\/logo.jpg\" \/><\/div>\n  <\/section>\n  <aside id=\"listing\">\n\t\t<div class=\"titles\"><strong>Company Name:<\/strong><\/div> <a href=\"https:\/\/enfantsdazur.com\/fr\/business-listing\/deco-ballons\/\">D\u00e9co &#038; Ballons<\/a>\n\t\t<br>\n\t\t<div id= \"text-color\"><strong>Locations:<\/strong><\/div> \n\t\t<br>\n    \t<div id= \"text-color\"><strong>Ages:<\/strong><\/div> de 2 \u00e0 102 ans\n    \t<br>\n    \t<br>\n\t\t<div id= \"text-color\"><strong>Description:<\/strong><\/div> <p>Vente de ballons haut de gamme et Service d'installation \/ livraison.<\/p>\n<p>Vous voulez d\u00e9corer votre \u00e9v\u00e9nement avec des ballons?<\/p>\n<p>Anniversaires, bapt\u00eames marriages, , soir\u00e9es d'entreprises, la f\u00eate de la nouvelle ann\u00e9e et toutes autres celebrations.<\/p>\n <a href= \"https:\/\/enfantsdazur.com\/fr\/business-listing\/deco-ballons\/\"> read more&#8230; <\/a> \n\t<br>\n    <br>\n\t<a href= \"https:\/\/enfantsdazur.com\/fr\/business-listing\/deco-ballons\/\"> Click here for full listing details\u2026 <\/a>\n   <\/aside> \n<\/div>\n<hr>\n\t\n\t\t<div class=\"container\">\n  <section id=\"image\">\n  \t<div class=\"logo-border\"><\/div>\n  <\/section>\n  <aside id=\"listing\">\n\t\t<div class=\"titles\"><strong>Company Name:<\/strong><\/div> <a href=\"https:\/\/enfantsdazur.com\/fr\/business-listing\/feter-recevoir\/\">Feter &#038; Recevoir<\/a>\n\t\t<br>\n\t\t<div id= \"text-color\"><strong>Locations:<\/strong><\/div> \n\t\t<br>\n    \t<div id= \"text-color\"><strong>Ages:<\/strong><\/div> de 0 \u00e0 102 ans\n    \t<br>\n    \t<br>\n\t\t<div id= \"text-color\"><strong>Description:<\/strong><\/div> <p>Pour que vos f\u00eates d'anniversaires soient une r\u00e9ussite ou que votre d\u00e9part \u00e0 la retraite soit inoubliable, les magasins F\u00eater & Recevoir entre Marseille et Nice vous proposent une gamme de produits consacr\u00e9s \u00e0 l'anniversaire et \u00e0 la retraite !<\/p>\n <a href= \"https:\/\/enfantsdazur.com\/fr\/business-listing\/feter-recevoir\/\"> read more&#8230; <\/a> \n\t<br>\n    <br>\n\t<a href= \"https:\/\/enfantsdazur.com\/fr\/business-listing\/feter-recevoir\/\"> Click here for full listing details\u2026 <\/a>\n   <\/aside> \n<\/div>\n<hr>\n\t\n\t\t<div class=\"container\">\n  <section id=\"image\">\n  \t<div class=\"logo-border\"><\/div>\n  <\/section>\n  <aside id=\"listing\">\n\t\t<div class=\"titles\"><strong>Company Name:<\/strong><\/div> <a href=\"https:\/\/enfantsdazur.com\/fr\/business-listing\/izdeguiz\/\">Izd\u00e9guiz<\/a>\n\t\t<br>\n\t\t<div id= \"text-color\"><strong>Locations:<\/strong><\/div> \n\t\t<br>\n    \t<div id= \"text-color\"><strong>Ages:<\/strong><\/div> De 0 \u00e0 102 ans\n    \t<br>\n    \t<br>\n\t\t<div id= \"text-color\"><strong>Description:<\/strong><\/div> <p>A Antibes, entre Cannes et Nice, Izd\u00e9guiz est sp\u00e9cialis\u00e9e dans la vente de d\u00e9guisements, d\u2019accessoires de f\u00eate et de jouets kermesse. Nous vous proposons une gamme tr\u00e8s compl\u00e8te de produits festifs, tant pour les adultes \u2013 les femmes et les hommes \u2013 que pour les b\u00e9b\u00e9s, les enfants et les ados (filles et gar\u00e7ons). Vous pouvez les d\u00e9couvrir sur notre magasin en ligne o\u00f9 nous r\u00e9pertorions toutes nos r\u00e9f\u00e9rences. Quel que soit votre \u00e9v\u00e9nement \u2013 soir\u00e9e d\u2019Halloween, \u00e0 th\u00e8me, enterrement de vie de jeune fille, soir\u00e9e costum\u00e9e, Mardi Gras, carnaval, Nouvel An, lot pour kermesse d'\u00e9cole, petits jouets anniversaire, \u00e9charpe de miss \u00e0 personnalis\u00e9e, ballons et bouteilles d'h\u00e9lium \u2026etc. \u2013 vous trouverez les articles adapt\u00e9s \u00e0 vos besoins et \u00e0 des prix pas chers. D\u2019autant que pour les costumes, vous profitez de th\u00e8mes vari\u00e9s, des pirates aux s\u00e9ries TV en passant par les animaux, les cow-boys et les indiens. Des incontournables aux th\u00e8mes \u00e0 la mode ou originaux, il y en a pour tout le monde, les filles, les gar\u00e7ons et les adultes !<\/p>\n <a href= \"https:\/\/enfantsdazur.com\/fr\/business-listing\/izdeguiz\/\"> read more&#8230; <\/a> \n\t<br>\n    <br>\n\t<a href= \"https:\/\/enfantsdazur.com\/fr\/business-listing\/izdeguiz\/\"> Click here for full listing details\u2026 <\/a>\n   <\/aside> \n<\/div>\n<hr>\n\t\n\t\n\t\n\t\n<\/div>\n\n","protected":false},"excerpt":{"rendered":"","protected":false},"author":1,"featured_media":0,"parent":7489,"menu_order":2,"comment_status":"closed","ping_status":"closed","template":"","meta":{"footnotes":""},"class_list":["post-12840","page","type-page","status-publish","hentry"],"_links":{"self":[{"href":"https:\/\/enfantsdazur.com\/fr\/wp-json\/wp\/v2\/pages\/12840","targetHints":{"allow":["GET"]}}],"collection":[{"href":"https:\/\/enfantsdazur.com\/fr\/wp-json\/wp\/v2\/pages"}],"about":[{"href":"https:\/\/enfantsdazur.com\/fr\/wp-json\/wp\/v2\/types\/page"}],"author":[{"embeddable":true,"href":"https:\/\/enfantsdazur.com\/fr\/wp-json\/wp\/v2\/users\/1"}],"replies":[{"embeddable":true,"href":"https:\/\/enfantsdazur.com\/fr\/wp-json\/wp\/v2\/comments?post=12840"}],"version-history":[{"count":0,"href":"https:\/\/enfantsdazur.com\/fr\/wp-json\/wp\/v2\/pages\/12840\/revisions"}],"up":[{"embeddable":true,"href":"https:\/\/enfantsdazur.com\/fr\/wp-json\/wp\/v2\/pages\/7489"}],"wp:attachment":[{"href":"https:\/\/enfantsdazur.com\/fr\/wp-json\/wp\/v2\/media?parent=12840"}],"curies":[{"name":"wp","href":"https:\/\/api.w.org\/{rel}","templated":true}]}}