{"id":12841,"date":"2021-03-10T09:13:53","date_gmt":"2021-03-10T09:13:53","guid":{"rendered":"http:\/\/s961990797.websitehome.co.uk\/parties\/lieux\/"},"modified":"2021-03-10T09:13:53","modified_gmt":"2021-03-10T09:13:53","slug":"lieux","status":"publish","type":"page","link":"https:\/\/enfantsdazur.com\/fr\/parties\/lieux\/","title":{"rendered":"Lieux"},"content":{"rendered":"\n\n\n<div id=\"wpv-view-layout-4963\" class=\"js-wpv-view-layout js-wpv-layout-responsive js-wpv-view-layout-4963\" data-viewnumber=\"4963\" data-pagination=\"{&quot;id&quot;:4963,&quot;query&quot;:&quot;normal&quot;,&quot;type&quot;:&quot;disabled&quot;,&quot;effect&quot;:&quot;fade&quot;,&quot;duration&quot;:500,&quot;speed&quot;:5,&quot;pause_on_hover&quot;:&quot;disabled&quot;,&quot;stop_rollover&quot;:&quot;false&quot;,&quot;cache_pages&quot;:&quot;enabled&quot;,&quot;preload_images&quot;:&quot;enabled&quot;,&quot;preload_pages&quot;:&quot;enabled&quot;,&quot;preload_reach&quot;:1,&quot;spinner&quot;:&quot;builtin&quot;,&quot;spinner_image&quot;:&quot;https:\/\/enfantsdazur.com\/wp-content\/plugins\/wp-views\/embedded\/res\/img\/ajax-loader.gif&quot;,&quot;callback_next&quot;:&quot;&quot;,&quot;manage_history&quot;:&quot;enabled&quot;,&quot;has_controls_in_form&quot;:&quot;disabled&quot;,&quot;infinite_tolerance&quot;:&quot;0&quot;,&quot;max_pages&quot;:0,&quot;page&quot;:1,&quot;base_permalink&quot;:&quot;\/fr\/wp-json\/wp\/v2\/pages\/12841?wpv_view_count=4963&amp;wpv_paged=WPV_PAGE_NUM&quot;,&quot;loop&quot;:{&quot;type&quot;:&quot;&quot;,&quot;name&quot;:&quot;&quot;,&quot;data&quot;:[],&quot;id&quot;:0}}\" data-permalink=\"\/fr\/wp-json\/wp\/v2\/pages\/12841?wpv_view_count=4963\">\n\n\t\n\t\n\t\n\t\t<div class=\"container\">\n  <section id=\"image\">\n  \t<div class=\"logo-border\"><\/div>\n  <\/section>\n  <aside id=\"listing\">\n\t\t<div class=\"titles\"><strong>Company Name:<\/strong><\/div> <a href=\"https:\/\/enfantsdazur.com\/fr\/business-listing\/histoires-vivantes\/\">HistoireS VivanteS<\/a>\n\t\t<br>\n\t\t<div id= \"text-color\"><strong>Locations:<\/strong><\/div> \n\t\t<br>\n    \t<div id= \"text-color\"><strong>Ages:<\/strong><\/div> 6 ans +\n    \t<br>\n    \t<br>\n\t\t<div id= \"text-color\"><strong>Description:<\/strong><\/div> <p>Histoires Vivants s\u2019attache en plus de ses travaux autour de l\u2019histoire de l\u2019art \u00e0 rendre l\u2019apprentissage de l\u2019Histoire et la connaissance du patrimoine plus accessibles et attractifs gr\u00e2ce \u00e0 nos jeux de r\u00f4le grandeur nature...<\/p>\n <a href= \"https:\/\/enfantsdazur.com\/fr\/business-listing\/histoires-vivantes\/\"> read more&#8230; <\/a> \n\t<br>\n    <br>\n\t<a href= \"https:\/\/enfantsdazur.com\/fr\/business-listing\/histoires-vivantes\/\"> Click here for full listing details\u2026 <\/a>\n   <\/aside> \n<\/div>\n<hr>\n\t\n\t\t<div class=\"container\">\n  <section id=\"image\">\n  \t<div class=\"logo-border\"><\/div>\n  <\/section>\n  <aside id=\"listing\">\n\t\t<div class=\"titles\"><strong>Company Name:<\/strong><\/div> <a href=\"https:\/\/enfantsdazur.com\/fr\/business-listing\/hitech-2move\/\">Hitech 2Move<\/a>\n\t\t<br>\n\t\t<div id= \"text-color\"><strong>Locations:<\/strong><\/div> \n\t\t<br>\n    \t<div id= \"text-color\"><strong>Ages:<\/strong><\/div> De 4 ans\n    \t<br>\n    \t<br>\n\t\t<div id= \"text-color\"><strong>Description:<\/strong><\/div> <p>Centre D\u2019Exergaming de Villeneuve-Loubet une combinaison d\u2019exercice physiques et de jeux vid\u00e9o. De 4 ans. Organissation des anniversaires pour les enfants \u00e0 partir de 4 ans du Mercredi au Dimanche.<\/p>\n <a href= \"https:\/\/enfantsdazur.com\/fr\/business-listing\/hitech-2move\/\"> read more&#8230; <\/a> \n\t<br>\n    <br>\n\t<a href= \"https:\/\/enfantsdazur.com\/fr\/business-listing\/hitech-2move\/\"> Click here for full listing details\u2026 <\/a>\n   <\/aside> \n<\/div>\n<hr>\n\t\n\t\t<div class=\"container\">\n  <section id=\"image\">\n  \t<div class=\"logo-border\"><img decoding=\"async\" src=\"https:\/\/enfantsdazur.com\/wp-content\/uploads\/2020\/09\/Untitled-design-1.png\" \/><\/div>\n  <\/section>\n  <aside id=\"listing\">\n\t\t<div class=\"titles\"><strong>Company Name:<\/strong><\/div> <a href=\"https:\/\/enfantsdazur.com\/fr\/business-listing\/laser-max\/\">Laser Max<\/a>\n\t\t<br>\n\t\t<div id= \"text-color\"><strong>Locations:<\/strong><\/div> Cannes La Bocca\n\t\t<br>\n    \t<div id= \"text-color\"><strong>Ages:<\/strong><\/div> 5+\n    \t<br>\n    \t<br>\n\t\t<div id= \"text-color\"><strong>Description:<\/strong><\/div> <p>Il fait sombre, la lumi\u00e8re est fluorescente, la fum\u00e9e se r\u00e9pand tout autour de vous, les lasers fusent de toute part, et la musique, puissante, vous transperce ... L\u2019 Adr\u00e9naline monte ! Des lumi\u00e8res vertes sur votre gauche vous rassurent. Votre co\u00e9quipier vous couvre... A votre droite, des lumi\u00e8res bleues, ennemies, cette fois-ci...<br \/>\nLa partie de Lasermaxx commence ! \u201cGo, Go, Go, Go !!!!!\u201d<\/p>\n <a href= \"https:\/\/enfantsdazur.com\/fr\/business-listing\/laser-max\/\"> read more&#8230; <\/a> \n\t<br>\n    <br>\n\t<a href= \"https:\/\/enfantsdazur.com\/fr\/business-listing\/laser-max\/\"> Click here for full listing details\u2026 <\/a>\n   <\/aside> \n<\/div>\n<hr>\n\t\n\t\t<div class=\"container\">\n  <section id=\"image\">\n  \t<div class=\"logo-border\"><\/div>\n  <\/section>\n  <aside id=\"listing\">\n\t\t<div class=\"titles\"><strong>Company Name:<\/strong><\/div> <a href=\"https:\/\/enfantsdazur.com\/fr\/business-listing\/musee-de-la-castre\/\">Mus\u00e9e De La Castre<\/a>\n\t\t<br>\n\t\t<div id= \"text-color\"><strong>Locations:<\/strong><\/div> Cannes\n\t\t<br>\n    \t<div id= \"text-color\"><strong>Ages:<\/strong><\/div> Enfants de 5-7 ans et Ados de 7-13 ans\n    \t<br>\n    \t<br>\n\t\t<div id= \"text-color\"><strong>Description:<\/strong><\/div> <p>Une petite visite guid\u00e9e du mus\u00e9e? Pouquoi pas c\u00e9l\u00e9brez votre anniversaire dans le vieux ch\u00e2teau \u00e0 Mus\u00e9e De La Castre \u00e0 Cannes. Les th\u00e8mes des f\u00eates incluent: Egypte: momies et pharaons, Parle-moi du Moyen-\u00e2ge...<\/p>\n <a href= \"https:\/\/enfantsdazur.com\/fr\/business-listing\/musee-de-la-castre\/\"> read more&#8230; <\/a> \n\t<br>\n    <br>\n\t<a href= \"https:\/\/enfantsdazur.com\/fr\/business-listing\/musee-de-la-castre\/\"> Click here for full listing details\u2026 <\/a>\n   <\/aside> \n<\/div>\n<hr>\n\t\n\t\t<div class=\"container\">\n  <section id=\"image\">\n  \t<div class=\"logo-border\"><img decoding=\"async\" src=\"https:\/\/enfantsdazur.com\/wp-content\/uploads\/2020\/06\/Snip20200601_3.png\" \/><\/div>\n  <\/section>\n  <aside id=\"listing\">\n\t\t<div class=\"titles\"><strong>Company Name:<\/strong><\/div> <a href=\"https:\/\/enfantsdazur.com\/fr\/business-listing\/musee-international-de-la-parfumerie-2\/\">Mus\u00e9e International De La Parfumerie.<\/a>\n\t\t<br>\n\t\t<div id= \"text-color\"><strong>Locations:<\/strong><\/div> \n\t\t<br>\n    \t<div id= \"text-color\"><strong>Ages:<\/strong><\/div> De 6 ans +\n    \t<br>\n    \t<br>\n\t\t<div id= \"text-color\"><strong>Description:<\/strong><\/div> <p>Organisez l\u2019anniversaire de votre enfant dans un cadre ludique et original autour des myst\u00e8res du parfum ou des traditions proven\u00e7ales\u2026<\/p>\n <a href= \"https:\/\/enfantsdazur.com\/fr\/business-listing\/musee-international-de-la-parfumerie-2\/\"> read more&#8230; <\/a> \n\t<br>\n    <br>\n\t<a href= \"https:\/\/enfantsdazur.com\/fr\/business-listing\/musee-international-de-la-parfumerie-2\/\"> Click here for full listing details\u2026 <\/a>\n   <\/aside> \n<\/div>\n<hr>\n\t\n\t\t<div class=\"container\">\n  <section id=\"image\">\n  \t<div class=\"logo-border\"><img decoding=\"async\" src=\"https:\/\/enfantsdazur.com\/wp-content\/uploads\/2020\/09\/Rekrea-logo.jpg\" \/><\/div>\n  <\/section>\n  <aside id=\"listing\">\n\t\t<div class=\"titles\"><strong>Company Name:<\/strong><\/div> <a href=\"https:\/\/enfantsdazur.com\/fr\/business-listing\/rekrea-lib\/\">R\u00e9Kr\u00e9a Lib<\/a>\n\t\t<br>\n\t\t<div id= \"text-color\"><strong>Locations:<\/strong><\/div> Nice\n\t\t<br>\n    \t<div id= \"text-color\"><strong>Ages:<\/strong><\/div> 0-99\n    \t<br>\n    \t<br>\n\t\t<div id= \"text-color\"><strong>Description:<\/strong><\/div> <p>En plein coeur de Nice, ce caf\u00e9-boutique d\u00e9di\u00e9 aux loisirs cr\u00e9atifs est aussi une pap\u00e8terie, et un lieu chaleureux pour f\u00eater de grands moments :<\/p>\n <a href= \"https:\/\/enfantsdazur.com\/fr\/business-listing\/rekrea-lib\/\"> read more&#8230; <\/a> \n\t<br>\n    <br>\n\t<a href= \"https:\/\/enfantsdazur.com\/fr\/business-listing\/rekrea-lib\/\"> Click here for full listing details\u2026 <\/a>\n   <\/aside> \n<\/div>\n<hr>\n\t\n\t\t<div class=\"container\">\n  <section id=\"image\">\n  \t<div class=\"logo-border\"><\/div>\n  <\/section>\n  <aside id=\"listing\">\n\t\t<div class=\"titles\"><strong>Company Name:<\/strong><\/div> <a href=\"https:\/\/enfantsdazur.com\/fr\/business-listing\/royal-kids\/\">Royal Kids<\/a>\n\t\t<br>\n\t\t<div id= \"text-color\"><strong>Locations:<\/strong><\/div> \n\t\t<br>\n    \t<div id= \"text-color\"><strong>Ages:<\/strong><\/div> 0 - 12 years\n    \t<br>\n    \t<br>\n\t\t<div id= \"text-color\"><strong>Description:<\/strong><\/div> <p>Royal Kids est un aire de jeu \u00e0 Antibes. Il ya des toboggans, piscine \u00e0 balles et les jeu ludiques! Passez une journ\u00e9e \u00e0 l'interior hors du soleil. L'aire est entirer\u00e8ment climatis\u00e9 et il existe un petit cafe aussi...<\/p>\n <a href= \"https:\/\/enfantsdazur.com\/fr\/business-listing\/royal-kids\/\"> read more&#8230; <\/a> \n\t<br>\n    <br>\n\t<a href= \"https:\/\/enfantsdazur.com\/fr\/business-listing\/royal-kids\/\"> Click here for full listing details\u2026 <\/a>\n   <\/aside> \n<\/div>\n<hr>\n\t\n\t\t<div class=\"container\">\n  <section id=\"image\">\n  \t<div class=\"logo-border\"><img decoding=\"async\" src=\"https:\/\/enfantsdazur.com\/wp-content\/uploads\/2020\/09\/Untitled-design.png\" \/><\/div>\n  <\/section>\n  <aside id=\"listing\">\n\t\t<div class=\"titles\"><strong>Company Name:<\/strong><\/div> <a href=\"https:\/\/enfantsdazur.com\/fr\/business-listing\/urban-jump\/\">Urban Jump<\/a>\n\t\t<br>\n\t\t<div id= \"text-color\"><strong>Locations:<\/strong><\/div> Vallauris\n\t\t<br>\n    \t<div id= \"text-color\"><strong>Ages:<\/strong><\/div> 3+\n    \t<br>\n    \t<br>\n\t\t<div id= \"text-color\"><strong>Description:<\/strong><\/div> <p>Urban Jump est un concept de salle de loisirs sportifs bas\u00e9s sur le trampoline. Les plaines, d\u2019une surface moyenne de 1600m\u00b2 sont compos\u00e9es de trampolines reli\u00e9s pour former de grandes surfaces interconnect\u00e9es...<\/p>\n <a href= \"https:\/\/enfantsdazur.com\/fr\/business-listing\/urban-jump\/\"> read more&#8230; <\/a> \n\t<br>\n    <br>\n\t<a href= \"https:\/\/enfantsdazur.com\/fr\/business-listing\/urban-jump\/\"> Click here for full listing details\u2026 <\/a>\n   <\/aside> \n<\/div>\n<hr>\n\t\n\t\t<div class=\"container\">\n  <section id=\"image\">\n  \t<div class=\"logo-border\"><\/div>\n  <\/section>\n  <aside id=\"listing\">\n\t\t<div class=\"titles\"><strong>Company Name:<\/strong><\/div> <a href=\"https:\/\/enfantsdazur.com\/fr\/business-listing\/ya-un-croco-dans-latelier\/\">Y&rsquo;a un croco dans l&rsquo;atelier<\/a>\n\t\t<br>\n\t\t<div id= \"text-color\"><strong>Locations:<\/strong><\/div> \n\t\t<br>\n    \t<div id= \"text-color\"><strong>Ages:<\/strong><\/div> Tous Ages\n    \t<br>\n    \t<br>\n\t\t<div id= \"text-color\"><strong>Description:<\/strong><\/div> <p>Y a t'il un croco dans l'atelier est un centre d'arts et activit\u00e9s pour enfants. Cette entreprise propose des cours d'artisanat et des camps originaux et cr\u00e9atifs pendant les vacances et les festivals. Ils vendent aussi du mat\u00e9riel et des jeux...<\/p>\n <a href= \"https:\/\/enfantsdazur.com\/fr\/business-listing\/ya-un-croco-dans-latelier\/\"> read more&#8230; <\/a> \n\t<br>\n    <br>\n\t<a href= \"https:\/\/enfantsdazur.com\/fr\/business-listing\/ya-un-croco-dans-latelier\/\"> Click here for full listing details\u2026 <\/a>\n   <\/aside> \n<\/div>\n<hr>\n\t\n\t\n\t\n\t\n<\/div>\n\n","protected":false},"excerpt":{"rendered":"","protected":false},"author":1,"featured_media":0,"parent":7489,"menu_order":3,"comment_status":"closed","ping_status":"closed","template":"","meta":{"footnotes":""},"class_list":["post-12841","page","type-page","status-publish","hentry"],"_links":{"self":[{"href":"https:\/\/enfantsdazur.com\/fr\/wp-json\/wp\/v2\/pages\/12841","targetHints":{"allow":["GET"]}}],"collection":[{"href":"https:\/\/enfantsdazur.com\/fr\/wp-json\/wp\/v2\/pages"}],"about":[{"href":"https:\/\/enfantsdazur.com\/fr\/wp-json\/wp\/v2\/types\/page"}],"author":[{"embeddable":true,"href":"https:\/\/enfantsdazur.com\/fr\/wp-json\/wp\/v2\/users\/1"}],"replies":[{"embeddable":true,"href":"https:\/\/enfantsdazur.com\/fr\/wp-json\/wp\/v2\/comments?post=12841"}],"version-history":[{"count":0,"href":"https:\/\/enfantsdazur.com\/fr\/wp-json\/wp\/v2\/pages\/12841\/revisions"}],"up":[{"embeddable":true,"href":"https:\/\/enfantsdazur.com\/fr\/wp-json\/wp\/v2\/pages\/7489"}],"wp:attachment":[{"href":"https:\/\/enfantsdazur.com\/fr\/wp-json\/wp\/v2\/media?parent=12841"}],"curies":[{"name":"wp","href":"https:\/\/api.w.org\/{rel}","templated":true}]}}