{"id":12844,"date":"2021-03-10T09:17:14","date_gmt":"2021-03-10T09:17:14","guid":{"rendered":"http:\/\/s961990797.websitehome.co.uk\/parties\/photographes\/"},"modified":"2021-03-10T09:17:14","modified_gmt":"2021-03-10T09:17:14","slug":"photographes","status":"publish","type":"page","link":"https:\/\/enfantsdazur.com\/fr\/parties\/photographes\/","title":{"rendered":"Photographes"},"content":{"rendered":"\n\n\n<div id=\"wpv-view-layout-4965\" class=\"js-wpv-view-layout js-wpv-layout-responsive js-wpv-view-layout-4965\" data-viewnumber=\"4965\" data-pagination=\"{&quot;id&quot;:4965,&quot;query&quot;:&quot;normal&quot;,&quot;type&quot;:&quot;disabled&quot;,&quot;effect&quot;:&quot;fade&quot;,&quot;duration&quot;:500,&quot;speed&quot;:5,&quot;pause_on_hover&quot;:&quot;disabled&quot;,&quot;stop_rollover&quot;:&quot;false&quot;,&quot;cache_pages&quot;:&quot;enabled&quot;,&quot;preload_images&quot;:&quot;enabled&quot;,&quot;preload_pages&quot;:&quot;enabled&quot;,&quot;preload_reach&quot;:1,&quot;spinner&quot;:&quot;builtin&quot;,&quot;spinner_image&quot;:&quot;https:\/\/enfantsdazur.com\/wp-content\/plugins\/wp-views\/embedded\/res\/img\/ajax-loader.gif&quot;,&quot;callback_next&quot;:&quot;&quot;,&quot;manage_history&quot;:&quot;enabled&quot;,&quot;has_controls_in_form&quot;:&quot;disabled&quot;,&quot;infinite_tolerance&quot;:&quot;0&quot;,&quot;max_pages&quot;:0,&quot;page&quot;:1,&quot;base_permalink&quot;:&quot;\/fr\/wp-json\/wp\/v2\/pages\/12844?wpv_view_count=4965&amp;wpv_paged=WPV_PAGE_NUM&quot;,&quot;loop&quot;:{&quot;type&quot;:&quot;&quot;,&quot;name&quot;:&quot;&quot;,&quot;data&quot;:[],&quot;id&quot;:0}}\" data-permalink=\"\/fr\/wp-json\/wp\/v2\/pages\/12844?wpv_view_count=4965\">\n\n\t\n\t\n\t\n\t\t<div class=\"container\">\n  <section id=\"image\">\n  \t<div class=\"logo-border\"><img decoding=\"async\" src=\"https:\/\/enfantsdazur.com\/wp-content\/uploads\/2021\/03\/annaleak.jpg\" \/><\/div>\n  <\/section>\n  <aside id=\"listing\">\n\t\t<div class=\"titles\"><strong>Company Name:<\/strong><\/div> <a href=\"https:\/\/enfantsdazur.com\/fr\/business-listing\/anna-leak-photography\/\">Anna Leak Photography<\/a>\n\t\t<br>\n\t\t<div id= \"text-color\"><strong>Locations:<\/strong><\/div> \n\t\t<br>\n    \t<div id= \"text-color\"><strong>Ages:<\/strong><\/div> Tous \u00e2ges\n    \t<br>\n    \t<br>\n\t\t<div id= \"text-color\"><strong>Description:<\/strong><\/div> <p>Je m\u2019appelle Anna et je suis photographe de famille. Je suis inspir\u00e9e par la simple douceur du quotidien et j\u2019adore immortaliser ces instants fugaces de la vie que vous voudrez garder \u00e0 jamais. Je crois en des s\u00e9ances qui se d\u00e9roulent naturellement dans un endroit qui est le v\u00f4tre \u2013 votre foyer. Vous et moi, dans une ambiance d\u00e9tendue, saisissant ces instants pr\u00e9cieux ensemble avec mon appareil dans une belle lumi\u00e8re naturelle.<\/p>\n <a href= \"https:\/\/enfantsdazur.com\/fr\/business-listing\/anna-leak-photography\/\"> read more&#8230; <\/a> \n\t<br>\n    <br>\n\t<a href= \"https:\/\/enfantsdazur.com\/fr\/business-listing\/anna-leak-photography\/\"> Click here for full listing details\u2026 <\/a>\n   <\/aside> \n<\/div>\n<hr>\n\t\n\t\t<div class=\"container\">\n  <section id=\"image\">\n  \t<div class=\"logo-border\"><img decoding=\"async\" src=\"https:\/\/enfantsdazur.com\/wp-content\/uploads\/2020\/09\/ad-jpg-small.jpg\" \/><\/div>\n  <\/section>\n  <aside id=\"listing\">\n\t\t<div class=\"titles\"><strong>Company Name:<\/strong><\/div> <a href=\"https:\/\/enfantsdazur.com\/fr\/business-listing\/sunny-moments-2\/\">Sunny Moments<\/a>\n\t\t<br>\n\t\t<div id= \"text-color\"><strong>Locations:<\/strong><\/div> Cote d'Azur\n\t\t<br>\n    \t<div id= \"text-color\"><strong>Ages:<\/strong><\/div> All ages\n    \t<br>\n    \t<br>\n\t\t<div id= \"text-color\"><strong>Description:<\/strong><\/div> <p>Une photographie naturelle et intemporelle pleine d'amour. S\u00e9ances photo de grossesse en plein air sur toute la C\u00f4te d'Azur. S\u00e9ances nouveau-n\u00e9s chez les clients - portraits de b\u00e9b\u00e9 et s\u00e9ance photo lifestyle de la famille.<br \/>\nPhoto et vid\u00e9o pour les clients professionnels. Photographie de mariage et s\u00e9ances photos de fian\u00e7ailles.<\/p>\n <a href= \"https:\/\/enfantsdazur.com\/fr\/business-listing\/sunny-moments-2\/\"> read more&#8230; <\/a> \n\t<br>\n    <br>\n\t<a href= \"https:\/\/enfantsdazur.com\/fr\/business-listing\/sunny-moments-2\/\"> Click here for full listing details\u2026 <\/a>\n   <\/aside> \n<\/div>\n<hr>\n\t\n\t\t<div class=\"container\">\n  <section id=\"image\">\n  \t<div class=\"logo-border\"><\/div>\n  <\/section>\n  <aside id=\"listing\">\n\t\t<div class=\"titles\"><strong>Company Name:<\/strong><\/div> <a href=\"https:\/\/enfantsdazur.com\/fr\/business-listing\/tim-mcguffog-photography\/\">Tim McGuffog Photography<\/a>\n\t\t<br>\n\t\t<div id= \"text-color\"><strong>Locations:<\/strong><\/div> \n\t\t<br>\n    \t<div id= \"text-color\"><strong>Ages:<\/strong><\/div> Tous Ages\n    \t<br>\n    \t<br>\n\t\t<div id= \"text-color\"><strong>Description:<\/strong><\/div> <p>Tim est un photographe professionnel qualifi\u00e9. Depuis 2009, Tim travaille pour lui-m\u00eame sur la C\u00f4te d'Azur et ailleurs, couvrant avec succ\u00e8s une vari\u00e9t\u00e9 d'\u0153uvres qui lui sont parvenues, des \u00e9v\u00e9nements caritatifs au festival de Cannes. Ces derni\u00e8res ann\u00e9es, il a trouv\u00e9 un go\u00fbt, puis s'est sp\u00e9cialis\u00e9 dans la photographie'immobili\u00e8re'.<\/p>\n <a href= \"https:\/\/enfantsdazur.com\/fr\/business-listing\/tim-mcguffog-photography\/\"> read more&#8230; <\/a> \n\t<br>\n    <br>\n\t<a href= \"https:\/\/enfantsdazur.com\/fr\/business-listing\/tim-mcguffog-photography\/\"> Click here for full listing details\u2026 <\/a>\n   <\/aside> \n<\/div>\n<hr>\n\t\n\t\n\t\n\t\n<\/div>\n\n","protected":false},"excerpt":{"rendered":"","protected":false},"author":1,"featured_media":0,"parent":7489,"menu_order":5,"comment_status":"closed","ping_status":"closed","template":"","meta":{"footnotes":""},"class_list":["post-12844","page","type-page","status-publish","hentry"],"_links":{"self":[{"href":"https:\/\/enfantsdazur.com\/fr\/wp-json\/wp\/v2\/pages\/12844","targetHints":{"allow":["GET"]}}],"collection":[{"href":"https:\/\/enfantsdazur.com\/fr\/wp-json\/wp\/v2\/pages"}],"about":[{"href":"https:\/\/enfantsdazur.com\/fr\/wp-json\/wp\/v2\/types\/page"}],"author":[{"embeddable":true,"href":"https:\/\/enfantsdazur.com\/fr\/wp-json\/wp\/v2\/users\/1"}],"replies":[{"embeddable":true,"href":"https:\/\/enfantsdazur.com\/fr\/wp-json\/wp\/v2\/comments?post=12844"}],"version-history":[{"count":0,"href":"https:\/\/enfantsdazur.com\/fr\/wp-json\/wp\/v2\/pages\/12844\/revisions"}],"up":[{"embeddable":true,"href":"https:\/\/enfantsdazur.com\/fr\/wp-json\/wp\/v2\/pages\/7489"}],"wp:attachment":[{"href":"https:\/\/enfantsdazur.com\/fr\/wp-json\/wp\/v2\/media?parent=12844"}],"curies":[{"name":"wp","href":"https:\/\/api.w.org\/{rel}","templated":true}]}}