{"id":12871,"date":"2021-03-10T09:38:59","date_gmt":"2021-03-10T09:38:59","guid":{"rendered":"http:\/\/s961990797.websitehome.co.uk\/things-to-do\/codage-robotique\/"},"modified":"2021-03-10T09:38:59","modified_gmt":"2021-03-10T09:38:59","slug":"codage-robotique","status":"publish","type":"page","link":"https:\/\/enfantsdazur.com\/fr\/things-to-do\/codage-robotique\/","title":{"rendered":"Codage &#038; Robotique"},"content":{"rendered":"\n\n\n<div id=\"wpv-view-layout-6832\" class=\"js-wpv-view-layout js-wpv-layout-responsive js-wpv-view-layout-6832\" data-viewnumber=\"6832\" data-pagination=\"{&quot;id&quot;:6832,&quot;query&quot;:&quot;normal&quot;,&quot;type&quot;:&quot;disabled&quot;,&quot;effect&quot;:&quot;fade&quot;,&quot;duration&quot;:500,&quot;speed&quot;:5,&quot;pause_on_hover&quot;:&quot;disabled&quot;,&quot;stop_rollover&quot;:&quot;false&quot;,&quot;cache_pages&quot;:&quot;enabled&quot;,&quot;preload_images&quot;:&quot;enabled&quot;,&quot;preload_pages&quot;:&quot;enabled&quot;,&quot;preload_reach&quot;:1,&quot;spinner&quot;:&quot;builtin&quot;,&quot;spinner_image&quot;:&quot;https:\/\/enfantsdazur.com\/wp-content\/plugins\/wp-views\/embedded\/res\/img\/ajax-loader.gif&quot;,&quot;callback_next&quot;:&quot;&quot;,&quot;manage_history&quot;:&quot;enabled&quot;,&quot;has_controls_in_form&quot;:&quot;disabled&quot;,&quot;infinite_tolerance&quot;:&quot;0&quot;,&quot;max_pages&quot;:0,&quot;page&quot;:1,&quot;base_permalink&quot;:&quot;\/fr\/wp-json\/wp\/v2\/pages\/12871?wpv_view_count=6832&amp;wpv_paged=WPV_PAGE_NUM&quot;,&quot;loop&quot;:{&quot;type&quot;:&quot;&quot;,&quot;name&quot;:&quot;&quot;,&quot;data&quot;:[],&quot;id&quot;:0}}\" data-permalink=\"\/fr\/wp-json\/wp\/v2\/pages\/12871?wpv_view_count=6832\">\n\n\t\n\t\n\t\n\t\t<div class=\"container\">\n  <section id=\"image\">\n  \t<div class=\"logo-border\"><img decoding=\"async\" src=\"https:\/\/enfantsdazur.com\/wp-content\/uploads\/2020\/07\/Algora-Coding.jpg\" \/><\/div>\n  <\/section>\n  <aside id=\"listing\">\n\t\t<div class=\"titles\"><strong>Company Name:<\/strong><\/div> <a href=\"https:\/\/enfantsdazur.com\/fr\/business-listing\/algora-coding\/\">Algora Coding<\/a>\n\t\t<br>\n\t\t<div id= \"text-color\"><strong>Locations:<\/strong><\/div> Cote D'Azur\n\t\t<br>\n    \t<div id= \"text-color\"><strong>Ages:<\/strong><\/div> 6-15 ans\n    \t<br>\n    \t<br>\n\t\t<div id= \"text-color\"><strong>Description:<\/strong><\/div> <p>Savoir se servir d\u2019un ordi c\u2019est d\u00e9j\u00e0 super mais imagine cr\u00e9er des programmes qui peuvent contr\u00f4ler un robot\u2026 Il fait quoi apr\u00e8s tout Tony Stark?<\/p>\n <a href= \"https:\/\/enfantsdazur.com\/fr\/business-listing\/algora-coding\/\"> read more&#8230; <\/a> \n\t<br>\n    <br>\n\t<a href= \"https:\/\/enfantsdazur.com\/fr\/business-listing\/algora-coding\/\"> Click here for full listing details\u2026 <\/a>\n   <\/aside> \n<\/div>\n<hr>\n\t\n\t\t<div class=\"container\">\n  <section id=\"image\">\n  \t<div class=\"logo-border\"><img decoding=\"async\" src=\"https:\/\/enfantsdazur.com\/wp-content\/uploads\/2020\/07\/Algora-Coding.jpg\" \/><\/div>\n  <\/section>\n  <aside id=\"listing\">\n\t\t<div class=\"titles\"><strong>Company Name:<\/strong><\/div> <a href=\"https:\/\/enfantsdazur.com\/fr\/business-listing\/algora-coding-robotics\/\">Algora Coding &#038; Robotics<\/a>\n\t\t<br>\n\t\t<div id= \"text-color\"><strong>Locations:<\/strong><\/div> \n\t\t<br>\n    \t<div id= \"text-color\"><strong>Ages:<\/strong><\/div> 6 \u00e0 15 ans\n    \t<br>\n    \t<br>\n\t\t<div id= \"text-color\"><strong>Description:<\/strong><\/div> <p>Apprendre \u00e0 coder c\u2019est presque un superpouvoir. Savoir se servir d\u2019un ordi c\u2019est d\u00e9j\u00e0 super mais imaginez cr\u00e9er des programmes qui peuvent contr\u00f4ler un robot<br \/>\nTa seule limite est ta cr\u00e9ativit\u00e9. Bienvenue dans un monde o\u00f9 tout est \u00e0 construire, o\u00f9 il n\u2019existe pas de solution unique \u00e0 un probl\u00e8me mais des milliers, laquelle choisiras-tu ?<br \/>\nWelcome to a world where everything needs to be built, where there is no single solution to a problem but thousands, which one will you choose?<\/p>\n <a href= \"https:\/\/enfantsdazur.com\/fr\/business-listing\/algora-coding-robotics\/\"> read more&#8230; <\/a> \n\t<br>\n    <br>\n\t<a href= \"https:\/\/enfantsdazur.com\/fr\/business-listing\/algora-coding-robotics\/\"> Click here for full listing details\u2026 <\/a>\n   <\/aside> \n<\/div>\n<hr>\n\t\n\t\n\t\n\t\n<\/div>\n\n","protected":false},"excerpt":{"rendered":"","protected":false},"author":1,"featured_media":0,"parent":7484,"menu_order":0,"comment_status":"closed","ping_status":"closed","template":"","meta":{"footnotes":""},"class_list":["post-12871","page","type-page","status-publish","hentry"],"_links":{"self":[{"href":"https:\/\/enfantsdazur.com\/fr\/wp-json\/wp\/v2\/pages\/12871","targetHints":{"allow":["GET"]}}],"collection":[{"href":"https:\/\/enfantsdazur.com\/fr\/wp-json\/wp\/v2\/pages"}],"about":[{"href":"https:\/\/enfantsdazur.com\/fr\/wp-json\/wp\/v2\/types\/page"}],"author":[{"embeddable":true,"href":"https:\/\/enfantsdazur.com\/fr\/wp-json\/wp\/v2\/users\/1"}],"replies":[{"embeddable":true,"href":"https:\/\/enfantsdazur.com\/fr\/wp-json\/wp\/v2\/comments?post=12871"}],"version-history":[{"count":0,"href":"https:\/\/enfantsdazur.com\/fr\/wp-json\/wp\/v2\/pages\/12871\/revisions"}],"up":[{"embeddable":true,"href":"https:\/\/enfantsdazur.com\/fr\/wp-json\/wp\/v2\/pages\/7484"}],"wp:attachment":[{"href":"https:\/\/enfantsdazur.com\/fr\/wp-json\/wp\/v2\/media?parent=12871"}],"curies":[{"name":"wp","href":"https:\/\/api.w.org\/{rel}","templated":true}]}}