{"id":12875,"date":"2021-03-10T09:42:53","date_gmt":"2021-03-10T09:42:53","guid":{"rendered":"http:\/\/s961990797.websitehome.co.uk\/things-to-do\/water-activities\/voile\/"},"modified":"2021-03-10T09:42:53","modified_gmt":"2021-03-10T09:42:53","slug":"voile","status":"publish","type":"page","link":"https:\/\/enfantsdazur.com\/fr\/things-to-do\/water-activities\/voile\/","title":{"rendered":"Voile"},"content":{"rendered":"\n\n\n<div id=\"wpv-view-layout-6960\" class=\"js-wpv-view-layout js-wpv-layout-responsive js-wpv-view-layout-6960\" data-viewnumber=\"6960\" data-pagination=\"{&quot;id&quot;:6960,&quot;query&quot;:&quot;normal&quot;,&quot;type&quot;:&quot;disabled&quot;,&quot;effect&quot;:&quot;fade&quot;,&quot;duration&quot;:500,&quot;speed&quot;:5,&quot;pause_on_hover&quot;:&quot;disabled&quot;,&quot;stop_rollover&quot;:&quot;false&quot;,&quot;cache_pages&quot;:&quot;enabled&quot;,&quot;preload_images&quot;:&quot;enabled&quot;,&quot;preload_pages&quot;:&quot;enabled&quot;,&quot;preload_reach&quot;:1,&quot;spinner&quot;:&quot;builtin&quot;,&quot;spinner_image&quot;:&quot;https:\/\/enfantsdazur.com\/wp-content\/plugins\/wp-views\/embedded\/res\/img\/ajax-loader.gif&quot;,&quot;callback_next&quot;:&quot;&quot;,&quot;manage_history&quot;:&quot;enabled&quot;,&quot;has_controls_in_form&quot;:&quot;disabled&quot;,&quot;infinite_tolerance&quot;:&quot;0&quot;,&quot;max_pages&quot;:0,&quot;page&quot;:1,&quot;base_permalink&quot;:&quot;\/fr\/wp-json\/wp\/v2\/pages\/12875?wpv_view_count=6960&amp;wpv_paged=WPV_PAGE_NUM&quot;,&quot;loop&quot;:{&quot;type&quot;:&quot;&quot;,&quot;name&quot;:&quot;&quot;,&quot;data&quot;:[],&quot;id&quot;:0}}\" data-permalink=\"\/fr\/wp-json\/wp\/v2\/pages\/12875?wpv_view_count=6960\">\n\n\t\n\t\n\t\n\t\t<div class=\"container\">\n  <section id=\"image\">\n  \t<div class=\"logo-border\"><img decoding=\"async\" src=\"https:\/\/enfantsdazur.com\/wp-content\/uploads\/2020\/09\/pexels-oliver-sj\u00f6str\u00f6m-1295036.jpg\" \/><\/div>\n  <\/section>\n  <aside id=\"listing\">\n\t\t<div class=\"titles\"><strong>Company Name:<\/strong><\/div> <a href=\"https:\/\/enfantsdazur.com\/fr\/business-listing\/mare-luna\/\">Boat Breakfast Azur : Mare Luna<\/a>\n\t\t<br>\n\t\t<div id= \"text-color\"><strong>Locations:<\/strong><\/div> Menton\n\t\t<br>\n    \t<div id= \"text-color\"><strong>Ages:<\/strong><\/div> 5+\n    \t<br>\n    \t<br>\n\t\t<div id= \"text-color\"><strong>Description:<\/strong><\/div> <p>G\u00e9r\u00e9 directement par les propri\u00e9taires Sabrina et Salvatore qu\u2019ils ont partag\u00e9 les m\u00eames passions puis d\u00e9cid\u00e9 de r\u00e9aliser un r\u00eave...<\/p>\n <a href= \"https:\/\/enfantsdazur.com\/fr\/business-listing\/mare-luna\/\"> read more&#8230; <\/a> \n\t<br>\n    <br>\n\t<a href= \"https:\/\/enfantsdazur.com\/fr\/business-listing\/mare-luna\/\"> Click here for full listing details\u2026 <\/a>\n   <\/aside> \n<\/div>\n<hr>\n\t\n\t\t<div class=\"container\">\n  <section id=\"image\">\n  \t<div class=\"logo-border\"><img decoding=\"async\" src=\"https:\/\/enfantsdazur.com\/wp-content\/uploads\/2020\/06\/windsurf.jpg\" \/><\/div>\n  <\/section>\n  <aside id=\"listing\">\n\t\t<div class=\"titles\"><strong>Company Name:<\/strong><\/div> <a href=\"https:\/\/enfantsdazur.com\/fr\/business-listing\/yacht-club-de-beaulieu\/\">Yacht Club de Beaulieu<\/a>\n\t\t<br>\n\t\t<div id= \"text-color\"><strong>Locations:<\/strong><\/div> Beaulieu-Sur-Mer\n\t\t<br>\n    \t<div id= \"text-color\"><strong>Ages:<\/strong><\/div> 5+\n    \t<br>\n    \t<br>\n\t\t<div id= \"text-color\"><strong>Description:<\/strong><\/div>  <a href= \"https:\/\/enfantsdazur.com\/fr\/business-listing\/yacht-club-de-beaulieu\/\"> read more&#8230; <\/a> \n\t<br>\n    <br>\n\t<a href= \"https:\/\/enfantsdazur.com\/fr\/business-listing\/yacht-club-de-beaulieu\/\"> Click here for full listing details\u2026 <\/a>\n   <\/aside> \n<\/div>\n<hr>\n\t\n\t\t<div class=\"container\">\n  <section id=\"image\">\n  \t<div class=\"logo-border\"><img decoding=\"async\" src=\"https:\/\/enfantsdazur.com\/wp-content\/uploads\/2020\/07\/20190725_I_DSCF0007@mesi_HD.jpg\" \/><\/div>\n  <\/section>\n  <aside id=\"listing\">\n\t\t<div class=\"titles\"><strong>Company Name:<\/strong><\/div> <a href=\"https:\/\/enfantsdazur.com\/fr\/business-listing\/yacht-club-de-monaco\/\">Yacht Club de Monaco<\/a>\n\t\t<br>\n\t\t<div id= \"text-color\"><strong>Locations:<\/strong><\/div> Monaco\n\t\t<br>\n    \t<div id= \"text-color\"><strong>Ages:<\/strong><\/div> 5 ans et plus\n    \t<br>\n    \t<br>\n\t\t<div id= \"text-color\"><strong>Description:<\/strong><\/div> <p>Pendant les vacances d\u2019\u00e9t\u00e9, le Yacht Club de Monaco propose des semaines sportives o\u00f9 l\u2019eau est au centre des activit\u00e9s. Ouverts aux enfants de 6 \u00e0 15 ans...<\/p>\n <a href= \"https:\/\/enfantsdazur.com\/fr\/business-listing\/yacht-club-de-monaco\/\"> read more&#8230; <\/a> \n\t<br>\n    <br>\n\t<a href= \"https:\/\/enfantsdazur.com\/fr\/business-listing\/yacht-club-de-monaco\/\"> Click here for full listing details\u2026 <\/a>\n   <\/aside> \n<\/div>\n<hr>\n\t\n\t\n\t\n\t\n<\/div>\n\n","protected":false},"excerpt":{"rendered":"","protected":false},"author":1,"featured_media":0,"parent":7509,"menu_order":0,"comment_status":"closed","ping_status":"closed","template":"","meta":{"footnotes":""},"class_list":["post-12875","page","type-page","status-publish","hentry"],"_links":{"self":[{"href":"https:\/\/enfantsdazur.com\/fr\/wp-json\/wp\/v2\/pages\/12875","targetHints":{"allow":["GET"]}}],"collection":[{"href":"https:\/\/enfantsdazur.com\/fr\/wp-json\/wp\/v2\/pages"}],"about":[{"href":"https:\/\/enfantsdazur.com\/fr\/wp-json\/wp\/v2\/types\/page"}],"author":[{"embeddable":true,"href":"https:\/\/enfantsdazur.com\/fr\/wp-json\/wp\/v2\/users\/1"}],"replies":[{"embeddable":true,"href":"https:\/\/enfantsdazur.com\/fr\/wp-json\/wp\/v2\/comments?post=12875"}],"version-history":[{"count":0,"href":"https:\/\/enfantsdazur.com\/fr\/wp-json\/wp\/v2\/pages\/12875\/revisions"}],"up":[{"embeddable":true,"href":"https:\/\/enfantsdazur.com\/fr\/wp-json\/wp\/v2\/pages\/7509"}],"wp:attachment":[{"href":"https:\/\/enfantsdazur.com\/fr\/wp-json\/wp\/v2\/media?parent=12875"}],"curies":[{"name":"wp","href":"https:\/\/api.w.org\/{rel}","templated":true}]}}