{"id":12885,"date":"2021-03-10T11:29:32","date_gmt":"2021-03-10T11:29:32","guid":{"rendered":"http:\/\/s961990797.websitehome.co.uk\/where-to-stay\/locations-de-vacances\/"},"modified":"2021-03-10T11:29:32","modified_gmt":"2021-03-10T11:29:32","slug":"locations-de-vacances","status":"publish","type":"page","link":"https:\/\/enfantsdazur.com\/fr\/where-to-stay\/locations-de-vacances\/","title":{"rendered":"Locations de Vacances"},"content":{"rendered":"\n\n\n<div id=\"wpv-view-layout-6688\" class=\"js-wpv-view-layout js-wpv-layout-responsive js-wpv-view-layout-6688\" data-viewnumber=\"6688\" data-pagination=\"{&quot;id&quot;:6688,&quot;query&quot;:&quot;normal&quot;,&quot;type&quot;:&quot;disabled&quot;,&quot;effect&quot;:&quot;fade&quot;,&quot;duration&quot;:500,&quot;speed&quot;:5,&quot;pause_on_hover&quot;:&quot;disabled&quot;,&quot;stop_rollover&quot;:&quot;false&quot;,&quot;cache_pages&quot;:&quot;enabled&quot;,&quot;preload_images&quot;:&quot;enabled&quot;,&quot;preload_pages&quot;:&quot;enabled&quot;,&quot;preload_reach&quot;:1,&quot;spinner&quot;:&quot;builtin&quot;,&quot;spinner_image&quot;:&quot;https:\/\/enfantsdazur.com\/wp-content\/plugins\/wp-views\/embedded\/res\/img\/ajax-loader.gif&quot;,&quot;callback_next&quot;:&quot;&quot;,&quot;manage_history&quot;:&quot;enabled&quot;,&quot;has_controls_in_form&quot;:&quot;disabled&quot;,&quot;infinite_tolerance&quot;:&quot;0&quot;,&quot;max_pages&quot;:0,&quot;page&quot;:1,&quot;base_permalink&quot;:&quot;\/fr\/wp-json\/wp\/v2\/pages\/12885?wpv_view_count=6688&amp;wpv_paged=WPV_PAGE_NUM&quot;,&quot;loop&quot;:{&quot;type&quot;:&quot;&quot;,&quot;name&quot;:&quot;&quot;,&quot;data&quot;:[],&quot;id&quot;:0}}\" data-permalink=\"\/fr\/wp-json\/wp\/v2\/pages\/12885?wpv_view_count=6688\">\n\n\t\n\t\n\t\n\t\t<div class=\"container\">\n  <section id=\"image\">\n  \t<div class=\"logo-border\"><img decoding=\"async\" src=\"https:\/\/enfantsdazur.com\/wp-content\/uploads\/2020\/09\/pexels-oliver-sj\u00f6str\u00f6m-1295036.jpg\" \/><\/div>\n  <\/section>\n  <aside id=\"listing\">\n\t\t<div class=\"titles\"><strong>Company Name:<\/strong><\/div> <a href=\"https:\/\/enfantsdazur.com\/fr\/business-listing\/mare-luna\/\">Boat Breakfast Azur : Mare Luna<\/a>\n\t\t<br>\n\t\t<div id= \"text-color\"><strong>Locations:<\/strong><\/div> Menton\n\t\t<br>\n    \t<div id= \"text-color\"><strong>Ages:<\/strong><\/div> 5+\n    \t<br>\n    \t<br>\n\t\t<div id= \"text-color\"><strong>Description:<\/strong><\/div> <p>G\u00e9r\u00e9 directement par les propri\u00e9taires Sabrina et Salvatore qu\u2019ils ont partag\u00e9 les m\u00eames passions puis d\u00e9cid\u00e9 de r\u00e9aliser un r\u00eave...<\/p>\n <a href= \"https:\/\/enfantsdazur.com\/fr\/business-listing\/mare-luna\/\"> read more&#8230; <\/a> \n\t<br>\n    <br>\n\t<a href= \"https:\/\/enfantsdazur.com\/fr\/business-listing\/mare-luna\/\"> Click here for full listing details\u2026 <\/a>\n   <\/aside> \n<\/div>\n<hr>\n\t\n\t\t<div class=\"container\">\n  <section id=\"image\">\n  \t<div class=\"logo-border\"><img decoding=\"async\" src=\"https:\/\/enfantsdazur.com\/wp-content\/uploads\/2020\/09\/pexels-chait-goli-2666609.jpg\" \/><\/div>\n  <\/section>\n  <aside id=\"listing\">\n\t\t<div class=\"titles\"><strong>Company Name:<\/strong><\/div> <a href=\"https:\/\/enfantsdazur.com\/fr\/business-listing\/la-reserve\/\">La R\u00e9serve<\/a>\n\t\t<br>\n\t\t<div id= \"text-color\"><strong>Locations:<\/strong><\/div> Thorenc\n\t\t<br>\n    \t<div id= \"text-color\"><strong>Ages:<\/strong><\/div> 1+\n    \t<br>\n    \t<br>\n\t\t<div id= \"text-color\"><strong>Description:<\/strong><\/div> <p>Situ\u00e9e au c\u0153ur des Monts d\u2019Azur, \u00e0 1h de Nice, la R\u00e9serve animali\u00e8re des Monts d\u2019Azur est un mod\u00e8le exceptionnel d\u2019exp\u00e9rimentation du \u00abr\u00e9-ensauvagement\u00bb...<\/p>\n <a href= \"https:\/\/enfantsdazur.com\/fr\/business-listing\/la-reserve\/\"> read more&#8230; <\/a> \n\t<br>\n    <br>\n\t<a href= \"https:\/\/enfantsdazur.com\/fr\/business-listing\/la-reserve\/\"> Click here for full listing details\u2026 <\/a>\n   <\/aside> \n<\/div>\n<hr>\n\t\n\t\t<div class=\"container\">\n  <section id=\"image\">\n  \t<div class=\"logo-border\"><img decoding=\"async\" src=\"https:\/\/enfantsdazur.com\/wp-content\/uploads\/2020\/09\/Snip20200901_231.png\" \/><\/div>\n  <\/section>\n  <aside id=\"listing\">\n\t\t<div class=\"titles\"><strong>Company Name:<\/strong><\/div> <a href=\"https:\/\/enfantsdazur.com\/fr\/business-listing\/les-roulottes-dyguaris\/\">Les Roulottes d\u2019YGUARIS<\/a>\n\t\t<br>\n\t\t<div id= \"text-color\"><strong>Locations:<\/strong><\/div> Cairanne\n\t\t<br>\n    \t<div id= \"text-color\"><strong>Ages:<\/strong><\/div> 1+\n    \t<br>\n    \t<br>\n\t\t<div id= \"text-color\"><strong>Description:<\/strong><\/div> <p>Vous r\u00eavez d'une vie boh\u00e8me, simple et rustique ? Pensez \u00e0 loger dans une roulotte, totalement hors du commun de l'ext\u00e9rieur, douillette et confortable \u00e0 l'int\u00e9rieur...<\/p>\n <a href= \"https:\/\/enfantsdazur.com\/fr\/business-listing\/les-roulottes-dyguaris\/\"> read more&#8230; <\/a> \n\t<br>\n    <br>\n\t<a href= \"https:\/\/enfantsdazur.com\/fr\/business-listing\/les-roulottes-dyguaris\/\"> Click here for full listing details\u2026 <\/a>\n   <\/aside> \n<\/div>\n<hr>\n\t\n\t\t<div class=\"container\">\n  <section id=\"image\">\n  \t<div class=\"logo-border\"><img decoding=\"async\" src=\"https:\/\/enfantsdazur.com\/wp-content\/uploads\/2020\/08\/Aina-Maj-Landvik-7516831136_IMG_6149.jpg\" \/><\/div>\n  <\/section>\n  <aside id=\"listing\">\n\t\t<div class=\"titles\"><strong>Company Name:<\/strong><\/div> <a href=\"https:\/\/enfantsdazur.com\/fr\/business-listing\/orion-bnb\/\">Orion BnB<\/a>\n\t\t<br>\n\t\t<div id= \"text-color\"><strong>Locations:<\/strong><\/div> St Paul de Vence\n\t\t<br>\n    \t<div id= \"text-color\"><strong>Ages:<\/strong><\/div> 2+\n    \t<br>\n    \t<br>\n\t\t<div id= \"text-color\"><strong>Description:<\/strong><\/div> <p>Orion B&B se trouve \u00e0 deux pas du village medi\u00e9val de Saint-Paul de Vence. Nous sommes \u00e0 7km de la station baln\u00e9aire de Cagnes sur Mer, situ\u00e9 entre les villes c\u00f4ti\u00e8res de Nice et Antibes. Les plages les plus proches sont \u00e0 Cagnes sur Mer et Antibes Juan-les-Pins.<\/p>\n <a href= \"https:\/\/enfantsdazur.com\/fr\/business-listing\/orion-bnb\/\"> read more&#8230; <\/a> \n\t<br>\n    <br>\n\t<a href= \"https:\/\/enfantsdazur.com\/fr\/business-listing\/orion-bnb\/\"> Click here for full listing details\u2026 <\/a>\n   <\/aside> \n<\/div>\n<hr>\n\t\n\t\t<div class=\"container\">\n  <section id=\"image\">\n  \t<div class=\"logo-border\"><img decoding=\"async\" src=\"https:\/\/enfantsdazur.com\/wp-content\/uploads\/2020\/08\/pexels-ivan-oboleninov-935777.jpg\" \/><\/div>\n  <\/section>\n  <aside id=\"listing\">\n\t\t<div class=\"titles\"><strong>Company Name:<\/strong><\/div> <a href=\"https:\/\/enfantsdazur.com\/fr\/business-listing\/roulotte-de-charme\/\">Roulotte de Charme<\/a>\n\t\t<br>\n\t\t<div id= \"text-color\"><strong>Locations:<\/strong><\/div> Grasse\n\t\t<br>\n    \t<div id= \"text-color\"><strong>Ages:<\/strong><\/div> 1+\n    \t<br>\n    \t<br>\n\t\t<div id= \"text-color\"><strong>Description:<\/strong><\/div> <p>Notre roulotte de campagne avec sa d\u00e9coration proven\u00e7ale est nich\u00e9e dans la campagne grassoise, au sein d'une propri\u00e9t\u00e9 aux arbres centenaires et \u00e0 la v\u00e9g\u00e9tation m\u00e9diterran\u00e9enne.<\/p>\n <a href= \"https:\/\/enfantsdazur.com\/fr\/business-listing\/roulotte-de-charme\/\"> read more&#8230; <\/a> \n\t<br>\n    <br>\n\t<a href= \"https:\/\/enfantsdazur.com\/fr\/business-listing\/roulotte-de-charme\/\"> Click here for full listing details\u2026 <\/a>\n   <\/aside> \n<\/div>\n<hr>\n\t\n\t\t<div class=\"container\">\n  <section id=\"image\">\n  \t<div class=\"logo-border\"><img decoding=\"async\" src=\"https:\/\/enfantsdazur.com\/wp-content\/uploads\/2020\/06\/SLP-12-page-advert.png\" \/><\/div>\n  <\/section>\n  <aside id=\"listing\">\n\t\t<div class=\"titles\"><strong>Company Name:<\/strong><\/div> <a href=\"https:\/\/enfantsdazur.com\/fr\/business-listing\/sunlight-properties\/\">Sunlight Properties<\/a>\n\t\t<br>\n\t\t<div id= \"text-color\"><strong>Locations:<\/strong><\/div> \n\t\t<br>\n    \t<div id= \"text-color\"><strong>Ages:<\/strong><\/div> 0-100\n    \t<br>\n    \t<br>\n\t\t<div id= \"text-color\"><strong>Description:<\/strong><\/div> <p>Sunlight Properties. Nous g\u00e9rons et louons exclusivement des propri\u00e9t\u00e9s extraordinaires pour des vacances parfaites.<\/p>\n <a href= \"https:\/\/enfantsdazur.com\/fr\/business-listing\/sunlight-properties\/\"> read more&#8230; <\/a> \n\t<br>\n    <br>\n\t<a href= \"https:\/\/enfantsdazur.com\/fr\/business-listing\/sunlight-properties\/\"> Click here for full listing details\u2026 <\/a>\n   <\/aside> \n<\/div>\n<hr>\n\t\n\t\t<div class=\"container\">\n  <section id=\"image\">\n  \t<div class=\"logo-border\"><img decoding=\"async\" src=\"https:\/\/enfantsdazur.com\/wp-content\/uploads\/2020\/08\/Nathalie-DELFORGE-Fonzie.EdAJPG.jpg\" \/><\/div>\n  <\/section>\n  <aside id=\"listing\">\n\t\t<div class=\"titles\"><strong>Company Name:<\/strong><\/div> <a href=\"https:\/\/enfantsdazur.com\/fr\/business-listing\/tipizen\/\">Tipizen<\/a>\n\t\t<br>\n\t\t<div id= \"text-color\"><strong>Locations:<\/strong><\/div> Les Adrets\n\t\t<br>\n    \t<div id= \"text-color\"><strong>Ages:<\/strong><\/div> 0+\n    \t<br>\n    \t<br>\n\t\t<div id= \"text-color\"><strong>Description:<\/strong><\/div> <p>Parce que nous aimons dormir dans des endroits insolites et que nous avons ador\u00e9 l\u2019esprit tipi, nous offrons une exp\u00e9rience originale avec nos voyageurs.<br \/>\nBonne humeur, simplicit\u00e9 et moments de partage rythment les soir\u00e9es d\u2019Avril \u00e0 Octobre.<\/p>\n <a href= \"https:\/\/enfantsdazur.com\/fr\/business-listing\/tipizen\/\"> read more&#8230; <\/a> \n\t<br>\n    <br>\n\t<a href= \"https:\/\/enfantsdazur.com\/fr\/business-listing\/tipizen\/\"> Click here for full listing details\u2026 <\/a>\n   <\/aside> \n<\/div>\n<hr>\n\t\n\t\n\t\n\t\n<\/div>\n\n","protected":false},"excerpt":{"rendered":"","protected":false},"author":1,"featured_media":0,"parent":7497,"menu_order":0,"comment_status":"closed","ping_status":"closed","template":"","meta":{"footnotes":""},"class_list":["post-12885","page","type-page","status-publish","hentry"],"_links":{"self":[{"href":"https:\/\/enfantsdazur.com\/fr\/wp-json\/wp\/v2\/pages\/12885","targetHints":{"allow":["GET"]}}],"collection":[{"href":"https:\/\/enfantsdazur.com\/fr\/wp-json\/wp\/v2\/pages"}],"about":[{"href":"https:\/\/enfantsdazur.com\/fr\/wp-json\/wp\/v2\/types\/page"}],"author":[{"embeddable":true,"href":"https:\/\/enfantsdazur.com\/fr\/wp-json\/wp\/v2\/users\/1"}],"replies":[{"embeddable":true,"href":"https:\/\/enfantsdazur.com\/fr\/wp-json\/wp\/v2\/comments?post=12885"}],"version-history":[{"count":0,"href":"https:\/\/enfantsdazur.com\/fr\/wp-json\/wp\/v2\/pages\/12885\/revisions"}],"up":[{"embeddable":true,"href":"https:\/\/enfantsdazur.com\/fr\/wp-json\/wp\/v2\/pages\/7497"}],"wp:attachment":[{"href":"https:\/\/enfantsdazur.com\/fr\/wp-json\/wp\/v2\/media?parent=12885"}],"curies":[{"name":"wp","href":"https:\/\/api.w.org\/{rel}","templated":true}]}}