{"id":12886,"date":"2021-03-10T11:29:55","date_gmt":"2021-03-10T11:29:55","guid":{"rendered":"http:\/\/s961990797.websitehome.co.uk\/where-to-stay\/hotels\/"},"modified":"2021-03-10T11:29:55","modified_gmt":"2021-03-10T11:29:55","slug":"hotels","status":"publish","type":"page","link":"https:\/\/enfantsdazur.com\/fr\/where-to-stay\/hotels\/","title":{"rendered":"H\u00f4tels"},"content":{"rendered":"\n\n\n<div id=\"wpv-view-layout-3964\" class=\"js-wpv-view-layout js-wpv-layout-responsive js-wpv-view-layout-3964\" data-viewnumber=\"3964\" data-pagination=\"{&quot;id&quot;:3964,&quot;query&quot;:&quot;normal&quot;,&quot;type&quot;:&quot;disabled&quot;,&quot;effect&quot;:&quot;fade&quot;,&quot;duration&quot;:500,&quot;speed&quot;:5,&quot;pause_on_hover&quot;:&quot;disabled&quot;,&quot;stop_rollover&quot;:&quot;false&quot;,&quot;cache_pages&quot;:&quot;enabled&quot;,&quot;preload_images&quot;:&quot;enabled&quot;,&quot;preload_pages&quot;:&quot;enabled&quot;,&quot;preload_reach&quot;:1,&quot;spinner&quot;:&quot;builtin&quot;,&quot;spinner_image&quot;:&quot;https:\/\/enfantsdazur.com\/wp-content\/plugins\/wp-views\/embedded\/res\/img\/ajax-loader.gif&quot;,&quot;callback_next&quot;:&quot;&quot;,&quot;manage_history&quot;:&quot;enabled&quot;,&quot;has_controls_in_form&quot;:&quot;disabled&quot;,&quot;infinite_tolerance&quot;:&quot;0&quot;,&quot;max_pages&quot;:0,&quot;page&quot;:1,&quot;base_permalink&quot;:&quot;\/fr\/wp-json\/wp\/v2\/pages\/12886?wpv_view_count=3964&amp;wpv_paged=WPV_PAGE_NUM&quot;,&quot;loop&quot;:{&quot;type&quot;:&quot;&quot;,&quot;name&quot;:&quot;&quot;,&quot;data&quot;:[],&quot;id&quot;:0}}\" data-permalink=\"\/fr\/wp-json\/wp\/v2\/pages\/12886?wpv_view_count=3964\">\n\n\t\n\t\n\t\n\t\t<div class=\"container\">\n  <section id=\"image\">\n  \t<div class=\"logo-border\"><img decoding=\"async\" src=\"https:\/\/enfantsdazur.com\/wp-content\/uploads\/2020\/08\/Aina-Maj-Landvik-7516831136_IMG_6149.jpg\" \/><\/div>\n  <\/section>\n  <aside id=\"listing\">\n\t\t<div class=\"titles\"><strong>Company Name:<\/strong><\/div> <a href=\"https:\/\/enfantsdazur.com\/fr\/business-listing\/orion-bnb\/\">Orion BnB<\/a>\n\t\t<br>\n\t\t<div id= \"text-color\"><strong>Locations:<\/strong><\/div> St Paul de Vence\n\t\t<br>\n    \t<div id= \"text-color\"><strong>Ages:<\/strong><\/div> 2+\n    \t<br>\n    \t<br>\n\t\t<div id= \"text-color\"><strong>Description:<\/strong><\/div> <p>Orion B&B se trouve \u00e0 deux pas du village medi\u00e9val de Saint-Paul de Vence. Nous sommes \u00e0 7km de la station baln\u00e9aire de Cagnes sur Mer, situ\u00e9 entre les villes c\u00f4ti\u00e8res de Nice et Antibes. Les plages les plus proches sont \u00e0 Cagnes sur Mer et Antibes Juan-les-Pins.<\/p>\n <a href= \"https:\/\/enfantsdazur.com\/fr\/business-listing\/orion-bnb\/\"> read more&#8230; <\/a> \n\t<br>\n    <br>\n\t<a href= \"https:\/\/enfantsdazur.com\/fr\/business-listing\/orion-bnb\/\"> Click here for full listing details\u2026 <\/a>\n   <\/aside> \n<\/div>\n<hr>\n\t\n\t\t<div class=\"container\">\n  <section id=\"image\">\n  \t<div class=\"logo-border\"><img decoding=\"async\" src=\"https:\/\/enfantsdazur.com\/wp-content\/uploads\/2020\/08\/pexels-ivan-oboleninov-935777.jpg\" \/><\/div>\n  <\/section>\n  <aside id=\"listing\">\n\t\t<div class=\"titles\"><strong>Company Name:<\/strong><\/div> <a href=\"https:\/\/enfantsdazur.com\/fr\/business-listing\/roulotte-de-charme\/\">Roulotte de Charme<\/a>\n\t\t<br>\n\t\t<div id= \"text-color\"><strong>Locations:<\/strong><\/div> Grasse\n\t\t<br>\n    \t<div id= \"text-color\"><strong>Ages:<\/strong><\/div> 1+\n    \t<br>\n    \t<br>\n\t\t<div id= \"text-color\"><strong>Description:<\/strong><\/div> <p>Notre roulotte de campagne avec sa d\u00e9coration proven\u00e7ale est nich\u00e9e dans la campagne grassoise, au sein d'une propri\u00e9t\u00e9 aux arbres centenaires et \u00e0 la v\u00e9g\u00e9tation m\u00e9diterran\u00e9enne.<\/p>\n <a href= \"https:\/\/enfantsdazur.com\/fr\/business-listing\/roulotte-de-charme\/\"> read more&#8230; <\/a> \n\t<br>\n    <br>\n\t<a href= \"https:\/\/enfantsdazur.com\/fr\/business-listing\/roulotte-de-charme\/\"> Click here for full listing details\u2026 <\/a>\n   <\/aside> \n<\/div>\n<hr>\n\t\n\t\t<div class=\"container\">\n  <section id=\"image\">\n  \t<div class=\"logo-border\"><img decoding=\"async\" src=\"https:\/\/enfantsdazur.com\/wp-content\/uploads\/2020\/06\/image001.png\" \/><\/div>\n  <\/section>\n  <aside id=\"listing\">\n\t\t<div class=\"titles\"><strong>Company Name:<\/strong><\/div> <a href=\"https:\/\/enfantsdazur.com\/fr\/business-listing\/spa-candille\/\">Spa Candille<\/a>\n\t\t<br>\n\t\t<div id= \"text-color\"><strong>Locations:<\/strong><\/div> \n\t\t<br>\n    \t<div id= \"text-color\"><strong>Ages:<\/strong><\/div> 17+\n    \t<br>\n    \t<br>\n\t\t<div id= \"text-color\"><strong>Description:<\/strong><\/div> <p>D\u00e9tendez-vous dans ce havre de paix et de bien-\u00eatre. Le luxe et la d\u00e9tente sont au c\u0153ur du Spa Candille sur la C\u00f4te d\u2019Azur. Les soins de la gamme ESPA vous charmeront, tout autant que la beaut\u00e9 et la tranquillit\u00e9 des jardins.<\/p>\n <a href= \"https:\/\/enfantsdazur.com\/fr\/business-listing\/spa-candille\/\"> read more&#8230; <\/a> \n\t<br>\n    <br>\n\t<a href= \"https:\/\/enfantsdazur.com\/fr\/business-listing\/spa-candille\/\"> Click here for full listing details\u2026 <\/a>\n   <\/aside> \n<\/div>\n<hr>\n\t\n\t\t<div class=\"container\">\n  <section id=\"image\">\n  \t<div class=\"logo-border\"><img decoding=\"async\" src=\"https:\/\/enfantsdazur.com\/wp-content\/uploads\/2020\/08\/IMG_5469.jpg\" \/><\/div>\n  <\/section>\n  <aside id=\"listing\">\n\t\t<div class=\"titles\"><strong>Company Name:<\/strong><\/div> <a href=\"https:\/\/enfantsdazur.com\/fr\/business-listing\/the-mortola-tower\/\">The Mortola Tower<\/a>\n\t\t<br>\n\t\t<div id= \"text-color\"><strong>Locations:<\/strong><\/div> Italy\n\t\t<br>\n    \t<div id= \"text-color\"><strong>Ages:<\/strong><\/div> 2+\n    \t<br>\n    \t<br>\n\t\t<div id= \"text-color\"><strong>Description:<\/strong><\/div>  <a href= \"https:\/\/enfantsdazur.com\/fr\/business-listing\/the-mortola-tower\/\"> read more&#8230; <\/a> \n\t<br>\n    <br>\n\t<a href= \"https:\/\/enfantsdazur.com\/fr\/business-listing\/the-mortola-tower\/\"> Click here for full listing details\u2026 <\/a>\n   <\/aside> \n<\/div>\n<hr>\n\t\n\t\n\t\n\t\n<\/div>\n\n","protected":false},"excerpt":{"rendered":"","protected":false},"author":1,"featured_media":0,"parent":7497,"menu_order":0,"comment_status":"closed","ping_status":"closed","template":"","meta":{"footnotes":""},"class_list":["post-12886","page","type-page","status-publish","hentry"],"_links":{"self":[{"href":"https:\/\/enfantsdazur.com\/fr\/wp-json\/wp\/v2\/pages\/12886","targetHints":{"allow":["GET"]}}],"collection":[{"href":"https:\/\/enfantsdazur.com\/fr\/wp-json\/wp\/v2\/pages"}],"about":[{"href":"https:\/\/enfantsdazur.com\/fr\/wp-json\/wp\/v2\/types\/page"}],"author":[{"embeddable":true,"href":"https:\/\/enfantsdazur.com\/fr\/wp-json\/wp\/v2\/users\/1"}],"replies":[{"embeddable":true,"href":"https:\/\/enfantsdazur.com\/fr\/wp-json\/wp\/v2\/comments?post=12886"}],"version-history":[{"count":0,"href":"https:\/\/enfantsdazur.com\/fr\/wp-json\/wp\/v2\/pages\/12886\/revisions"}],"up":[{"embeddable":true,"href":"https:\/\/enfantsdazur.com\/fr\/wp-json\/wp\/v2\/pages\/7497"}],"wp:attachment":[{"href":"https:\/\/enfantsdazur.com\/fr\/wp-json\/wp\/v2\/media?parent=12886"}],"curies":[{"name":"wp","href":"https:\/\/api.w.org\/{rel}","templated":true}]}}