{"id":6855,"date":"2020-07-04T09:48:36","date_gmt":"2020-07-04T09:48:36","guid":{"rendered":"http:\/\/s961990797.websitehome.co.uk\/conditions-concours\/"},"modified":"2020-08-05T16:35:51","modified_gmt":"2020-08-05T16:35:51","slug":"conditions-concours","status":"publish","type":"page","link":"https:\/\/enfantsdazur.com\/fr\/conditions-concours\/","title":{"rendered":"Conditions Concours"},"content":{"rendered":"<div class=\"default-style\"><strong>LES CONDITIONS DE PARTICIPATION AUX CONCOURS ENFANTS D&rsquo;AZUR :<\/strong><\/div>\n<div><\/div>\n<div class=\"default-style\">La participation aux concours Enfants d&rsquo;Azur implique que vous acceptiez les termes et conditions suivants :<\/div>\n<ul>\n<li class=\"default-style\">Enfants D&rsquo;Azur rejette toute responsabilit\u00e9 en cas de retard ou d&rsquo;erreur dans les inscriptions.<\/li>\n<li class=\"default-style\">Les concours sont ouverts aux r\u00e9sidents uniquement.<\/li>\n<li class=\"default-style\">Les gagnants sont tir\u00e9s au sort en direct sur notre page Facebook @enfantsdazur \u00e0 la date indiqu\u00e9e s\u00e9par\u00e9ment pour chaque concours.<\/li>\n<li class=\"default-style\">Les prix ne sont ni n\u00e9gociables ni \u00e9changeables contre de l&rsquo;argent et aucun \u00e9change ne sera ou ne pourra \u00eatre effectu\u00e9.<\/li>\n<li class=\"default-style\">La d\u00e9cision de l&rsquo;\u00e9diteur est irr\u00e9vocable.<\/li>\n<li class=\"default-style\">Aucune correspondance ne sera \u00e9chang\u00e9e.<\/li>\n<li class=\"default-style\">D&rsquo;autres conditions peuvent s&rsquo;appliquer et seront d\u00e9taill\u00e9es s\u00e9par\u00e9ment pour chaque concours.<\/li>\n<li class=\"default-style\">Les gagnants seront inform\u00e9s par e-mail.<\/li>\n<li class=\"default-style\">En participant aux concours, votre adresse \u00e9lectronique sera ajout\u00e9e \u00e0 la base de donn\u00e9es d&rsquo;Enfants D&rsquo;Azur. Vous pouvez vous d\u00e9sinscrire \u00e0 tout moment. Consultez notre politique de confidentialit\u00e9 pour plus de d\u00e9tails.<\/li>\n<li class=\"default-style\">En participant, vous acceptez que votre nom soit utilis\u00e9 \u00e0 des fins publicitaires.<\/li>\n<li class=\"default-style\">Les dates des concours seront communiqu\u00e9es s\u00e9par\u00e9ment pour chaque concours.<\/li>\n<\/ul>\n","protected":false},"excerpt":{"rendered":"<p>LES CONDITIONS DE PARTICIPATION AUX CONCOURS ENFANTS D&rsquo;AZUR : La participation aux concours Enfants d&rsquo;Azur implique que vous acceptiez les termes&hellip;<\/p>\n","protected":false},"author":1,"featured_media":0,"parent":0,"menu_order":0,"comment_status":"closed","ping_status":"closed","template":"","meta":{"footnotes":""},"class_list":["post-6855","page","type-page","status-publish","hentry"],"_links":{"self":[{"href":"https:\/\/enfantsdazur.com\/fr\/wp-json\/wp\/v2\/pages\/6855","targetHints":{"allow":["GET"]}}],"collection":[{"href":"https:\/\/enfantsdazur.com\/fr\/wp-json\/wp\/v2\/pages"}],"about":[{"href":"https:\/\/enfantsdazur.com\/fr\/wp-json\/wp\/v2\/types\/page"}],"author":[{"embeddable":true,"href":"https:\/\/enfantsdazur.com\/fr\/wp-json\/wp\/v2\/users\/1"}],"replies":[{"embeddable":true,"href":"https:\/\/enfantsdazur.com\/fr\/wp-json\/wp\/v2\/comments?post=6855"}],"version-history":[{"count":0,"href":"https:\/\/enfantsdazur.com\/fr\/wp-json\/wp\/v2\/pages\/6855\/revisions"}],"wp:attachment":[{"href":"https:\/\/enfantsdazur.com\/fr\/wp-json\/wp\/v2\/media?parent=6855"}],"curies":[{"name":"wp","href":"https:\/\/api.w.org\/{rel}","templated":true}]}}