{"id":7288,"date":"2020-07-18T20:51:21","date_gmt":"2020-07-18T20:51:21","guid":{"rendered":"http:\/\/s961990797.websitehome.co.uk\/enfants-dazur-magazine\/"},"modified":"2021-03-12T08:24:55","modified_gmt":"2021-03-12T08:24:55","slug":"magazine","status":"publish","type":"page","link":"https:\/\/enfantsdazur.com\/fr\/magazine\/","title":{"rendered":"Enfants D&rsquo;Azur Magazine"},"content":{"rendered":"\n\n\t<h1><strong>ENFANTS D&rsquo;AZUR<\/strong><\/h1>\n<p>Cr\u00e9\u00e9 pour la C\u00f4te d&rsquo;Azur, le magazine parental bilingue Enfants d&rsquo;Azur regorge d&rsquo;articles <\/p>\n<p>et d&rsquo;informations int\u00e9ressantes pour les familles qui vivent sur la C\u00f4te d&rsquo;Azur ou visitent la r\u00e9gion.<\/p>\n<h2><strong>Connecter les familles sur la C\u00f4te d&rsquo;Azur.\u00a0<\/strong><strong>Enfants heureux, parents heureux<\/strong>!<\/h2>\n\t<h1>ANCIENS NUM\u00c9ROS<\/h1>\n\t\t\t\t<img decoding=\"async\" src=\"https:\/\/enfantsdazur.com\/wp-content\/plugins\/bb-plugin\/img\/pixel.png\" alt=\"\" itemprop=\"image\" onerror=\"this.style.display='none'\"  \/>\n<h3>\n\t\t<a href=\"https:\/\/issuu.com\/enfantsdazur\/docs\/a_french_enfants_dazur_magazine_march_april_2021_i?fr=sMjY5NTMyNzY1NjE\" title=\"NOTRE DERNIER NUM\u00c9RO: Mars\/ Avril 2021\" target=\"_self\" rel=\"noopener noreferrer nofollow\">\n\t\tNOTRE DERNIER NUM\u00c9RO: Mars\/ Avril 2021\n\t\t<\/a>\n\t<\/h3>\n\t\n\t<h1><a href=\"https:\/\/issuu.com\/enfantsdazur\/docs\/a_french_enfants_dazur_magazine_march_april_2021_i?fr=sMjY5NTMyNzY1NjE\" rel=\"nofollow noopener\" target=\"_blank\"><strong>Le\u00a0<\/strong><strong>Magazine\u00a0<\/strong><strong>Enfants D&rsquo;Azur &#8211; Num\u00e9ro 5 &#8211; Mars \/ Avril 2021<\/strong><\/a><\/h1>\n<p>Voici votre invitation \u00e0 entrer au printemps avec le num\u00e9ro de mars\/avril 2021 de Enfants d&rsquo;Azur Magazine<\/p>\n<h2>Quelques sujets passionnants de ce num\u00e9ro: <\/h2>\n<ul>\n<li>Un \u00c9t\u00e9 Qui Change La Vie : Parcourir les Stages d&rsquo;\u00c9t\u00e9 \u00c9ducatifs.<\/li>\n<li>D\u00e9velopper une Activit\u00e9 Parall\u00e8le en 2021 : 6 Id\u00e9es Pour Booster Vos Revenus Familiaux.<\/li>\n<li>Langue des Signes : Am\u00e9liorer la Communication Infantile<br \/>\nEt ;<\/li>\n<li>Une Interview avec Victoria Stevenson, Columbus Monte-Carlo.<\/li>\n<\/ul>\nCe num\u00e9ro a 48 pages spectaculaires, pleines d&rsquo;articles d&rsquo;experts, entreprises locales et de notre \u00e9quipe \u00e9ditoriale, un tuto d&rsquo;Arbre de P\u00e2ques, une recette traditionnelle de Hot Cross Buns, et des mots crois\u00e9s du printemps.\nNous esp\u00e9rons que vous aimez le magazine et nous sommes impatients d&rsquo;entendre vos commentaires et id\u00e9es pour le rendre encore meilleur!\n<p>Lisez le num\u00e9ro de <a href=\"https:\/\/issuu.com\/enfantsdazur\/docs\/a_french_enfants_dazur_magazine_march_april_2021_i?fr=sMjY5NTMyNzY1NjE\" rel=\"nofollow noopener\" target=\"_blank\">Mars \/ Avril du magazine Enfants D&rsquo;Azur<\/a> d\u00e8s maintenant!<\/p>\n<h3>\n\t\t<a href=\"https:\/\/issuu.com\/enfantsdazur\/docs\/french_issuu_final_jan_feb?fr=sZjNiNTI2MDIxMDA\" title=\"Janvier \/ F\u00e9vrier 2021\" target=\"_self\" rel=\"noopener noreferrer nofollow\">\n\t\tJanvier \/ F\u00e9vrier 2021\n\t\t<\/a>\n\t<\/h3>\n\t\n\t<h1><a href=\"https:\/\/issuu.com\/enfantsdazur\/docs\/french_issuu_final_jan_feb?fr=sZjNiNTI2MDIxMDA\" rel=\"nofollow noopener\" target=\"_blank\"><strong>Le Magazine Enfants D&rsquo;Azur &#8211; Num\u00e9ro 4 &#8211; Janvier \/ F\u00e9vrier 2021<\/strong><\/a><\/h1>\n<p>Bonne ann\u00e9e 2021!<\/p>\n<p>F\u00eatons ce Nouveau D\u00e9but avec le num\u00e9ro de janvier \/ f\u00e9vrier 2021 de Enfants d&rsquo;Azur Magazine<\/p>\n<h2>Quelques sujets passionnants dans ce num\u00e9ro:<\/h2>\n<ul>\n<li>Nouveaux D\u00e9buts: Dossier Maternit\u00e9 &#8211; Liste de Cadeaux de Naissance Pratiques<\/li>\n<li>Dossier Sp\u00e9cial sur l&rsquo;\u00e9ducation &#8211; Choisir la bonne \u00e9cole: le parcours scolaire de votre enfant<\/li>\n<li>Construire une Tiny House sur roues: un projet de tiny house \u00e0 construire soi-m\u00eame\u00a0<\/li>\n<li>5 conseils d&rsquo;autod\u00e9fense que chaque femme devrait conna\u00eetre<\/li>\n<li>Mais ce n&rsquo;est pas tout! Nous avons inclus beaucoup plus d&rsquo;articles, des recettes traditionnelles et un jeu de soci\u00e9t\u00e9 sur notre 4\u00e8me de couverture.<\/li>\n<\/ul>\n<p>Lisez le num\u00e9ro de janvier \/ f\u00e9vrier de Enfants D&rsquo;Azur Magazine d\u00e8s maintenant!<\/p>\n<p>&nbsp;<\/p>\n<h3>\n\t\t<a href=\"https:\/\/issuu.com\/enfantsdazur\/docs\/enfants_20d_20azur_20magazine_20november_20decembe?fr=sNWZhOTI2MDIxMDA\" title=\"Novembre \/ D\u00e9cembre 2020\" target=\"_self\" rel=\"noopener noreferrer nofollow\">\n\t\tNovembre \/ D\u00e9cembre 2020\n\t\t<\/a>\n\t<\/h3>\n\t\n\t<h1><a href=\"https:\/\/issuu.com\/enfantsdazur\/docs\/enfants_20d_20azur_20magazine_20november_20decembe?fr=sNWZhOTI2MDIxMDA\" rel=\"nofollow noopener\" target=\"_blank\"><strong>Le Magazine Enfants D&rsquo;Azur &#8211; Num\u00e9ro 3 &#8211; Novembre \/ D\u00e9cembre 2020<\/strong><\/a><\/h1>\n<p>Plongez dans l&rsquo;esprit festif avec le num\u00e9ro de novembre \/ d\u00e9cembre du magazine Enfants d&rsquo;Azur &#8211; DISPONIBLE D\u00c8S MAINTENANT!<\/p>\n<h2>Quelques sujets de ce num\u00e9ro:<\/h2>\n<ul>\n<li>Activit\u00e9s Familiales Festives\u00a0<\/li>\n<li>Comment Organiser et D\u00e9sencombrer votre Maison<\/li>\n<li>Cr\u00e9er des Jeux \u00e0 l&rsquo;Ancienne\u00a0<\/li>\n<li>Occuper les enfants avec 12 ressources \u00e9ducatives test\u00e9es<\/li>\n<li>Mais ce n&rsquo;est pas tout! Nous avons ajout\u00e9 beaucoup plus d&rsquo;articles et deux fabuleux concours de @anosracines p. 36 et @lamalleajouets p. 57<\/li>\n<\/ul>\n\n<p>Lire le <a href=\"https:\/\/issuu.com\/enfantsdazur\/docs\/enfants_20d_20azur_20magazine_20november_20decembe?fr=sNWZhOTI2MDIxMDA\" rel=\"nofollow noopener\" target=\"_blank\">Magazine Enfants D&rsquo;Azur Novembre \/ D\u00e9cembre<\/a> maintenant!<\/p>\n<p>&nbsp;<\/p>\n<p>&nbsp;<\/p>\n<h3>\n\t\t<a href=\"https:\/\/issuu.com\/enfantsdazur\/docs\/hgenfants_d_azur_magazine_sep-oct_edition_french_f?fr=sNmE3NzI2MDIxMjI\" title=\"Septembre \/ Octobre 2020\" target=\"_self\" rel=\"noopener noreferrer nofollow\">\n\t\tSeptembre \/ Octobre 2020\n\t\t<\/a>\n\t<\/h3>\n\t\n\t<h1><a href=\"https:\/\/issuu.com\/enfantsdazur\/docs\/hgenfants_d_azur_magazine_sep-oct_edition_french_f?fr=sNmE3NzI2MDIxMjI\" rel=\"nofollow noopener\" target=\"_blank\"><strong>Le\u00a0<\/strong><strong>Magazine\u00a0<\/strong><strong>Enfants D&rsquo;Azur &#8211; Num\u00e9ro 2 &#8211; Septembre \/ Octobre 2020<\/strong><\/a><\/h1>\n<h2>Des sujets passionnants de ce num\u00e9ro: <\/h2>\n<ul>\n<li>Lieux de s\u00e9jour \u00e9tonnants <\/li>\n<li>Vie \u00e9co-respectueuse Nettoyage de plage pour le #worldcleanupday en association avec #TheSeaCleaners. <\/li>\n<li>Conseils pour un premier trimestre tranquille et nous sommes fiers de vous pr\u00e9senter notre club privil\u00e8ge avec des d&rsquo;offres, r\u00e9ductions et autre pour les membres Enfants D&rsquo;Azur &#8230;<\/li>\n<\/ul>\n<a href=\"https:\/\/issuu.com\/enfantsdazur\/docs\/hgenfants_d_azur_magazine_sep-oct_edition_french_f\/23?fr=sOWFkZjI2MDIxMjQ\" rel=\"nofollow noopener\" target=\"_blank\">Regardez la video page 23 du magazine<\/a>\n\n<p>&nbsp;<\/p>\n<h3>\n\t\t<a href=\"https:\/\/issuu.com\/enfantsdazur\/docs\/final.french_enfants_d_azur_magazine?fr=sMGJlODI2MDIxMjc\" title=\"Juilet \/ A\u00f4ut 2020\" target=\"_self\" rel=\"noopener noreferrer nofollow\">\n\t\tJuilet \/ A\u00f4ut 2020\n\t\t<\/a>\n\t<\/h3>\n\t\n\t<h1><a href=\"https:\/\/issuu.com\/enfantsdazur\/docs\/final.french_enfants_d_azur_magazine?fr=sMGJlODI2MDIxMjc\" rel=\"nofollow noopener\" target=\"_blank\"><strong>Le Magazine Enfants D&rsquo;Azur est enfin l\u00e0! Num\u00e9ro 1 Juillet\/Ao\u00fbt 2020.<\/strong><\/a><\/h1>\n<p>Enfants D&rsquo;Azur Magazine esp\u00e8re \u00eatre le magazine lifestyle le plus complet, le plus innovant, le plus informatif, et le plus \u00e0 jour pour les familles qui vivent sur et visitent la C\u00f4te d&rsquo;Azur.<\/p>\n<p>Dans ce num\u00e9ro exceptionnel, nous avons de nombreux articles fabuleux, tels que notre r\u00e9pertoire des stages d&rsquo;\u00e9t\u00e9 2020, nos 10 meilleurs restaurants familiaux et nos 5 meilleures plages pour les familles sur la C\u00f4te d&rsquo;Azur.<\/p>\n<p>Dans ce 1er num\u00e9ro, toutes nos cat\u00e9gories sont couvertes : Choses \u00e0 Faire, Sant\u00e9 et Bien-Etre, F\u00eates, Se Loger, Transports, \u00c9ducation, et Manger \u00e0 L&rsquo;Ext\u00e9rieur. Nous avons aussi des recettes, des jeux et vous pourriez m\u00eame \u00eatre le gagnant de notre fabuleux <a href=\"https:\/\/enfantsdazur.com\/book-competition\/\">concours de livres<\/a> !!! Pour en savoir plus <a href=\"https:\/\/enfantsdazur.com\/book-competition\/\">cliquez ici<\/a>, entrez pour <a href=\"https:\/\/enfantsdazur.com\/book-competition\/\">gagner ici<\/a>!<\/p>\n<h3>Lisez le num\u00e9ro de <a href=\"https:\/\/issuu.com\/enfantsdazur\/docs\/final.french_enfants_d_azur_magazine?fr=sMGJlODI2MDIxMjc\" rel=\"nofollow noopener\" target=\"_blank\">juillet\/ao\u00fbt du magazine<\/a> Enfants D&rsquo;Azur d\u00e8s maintenant!<\/h3>\n\n","protected":false},"excerpt":{"rendered":"<p>ENFANTS D&rsquo;AZUR Cr\u00e9\u00e9 pour la C\u00f4te d&rsquo;Azur, le magazine parental bilingue Enfants d&rsquo;Azur regorge d&rsquo;articles et d&rsquo;informations int\u00e9ressantes pour les familles&hellip;<\/p>\n","protected":false},"author":1,"featured_media":11741,"parent":0,"menu_order":0,"comment_status":"closed","ping_status":"closed","template":"","meta":{"footnotes":""},"class_list":["post-7288","page","type-page","status-publish","has-post-thumbnail","hentry"],"_links":{"self":[{"href":"https:\/\/enfantsdazur.com\/fr\/wp-json\/wp\/v2\/pages\/7288","targetHints":{"allow":["GET"]}}],"collection":[{"href":"https:\/\/enfantsdazur.com\/fr\/wp-json\/wp\/v2\/pages"}],"about":[{"href":"https:\/\/enfantsdazur.com\/fr\/wp-json\/wp\/v2\/types\/page"}],"author":[{"embeddable":true,"href":"https:\/\/enfantsdazur.com\/fr\/wp-json\/wp\/v2\/users\/1"}],"replies":[{"embeddable":true,"href":"https:\/\/enfantsdazur.com\/fr\/wp-json\/wp\/v2\/comments?post=7288"}],"version-history":[{"count":21,"href":"https:\/\/enfantsdazur.com\/fr\/wp-json\/wp\/v2\/pages\/7288\/revisions"}],"predecessor-version":[{"id":12920,"href":"https:\/\/enfantsdazur.com\/fr\/wp-json\/wp\/v2\/pages\/7288\/revisions\/12920"}],"wp:featuredmedia":[{"embeddable":true,"href":"https:\/\/enfantsdazur.com\/fr\/wp-json\/wp\/v2\/media\/11741"}],"wp:attachment":[{"href":"https:\/\/enfantsdazur.com\/fr\/wp-json\/wp\/v2\/media?parent=7288"}],"curies":[{"name":"wp","href":"https:\/\/api.w.org\/{rel}","templated":true}]}}