{"id":7429,"date":"2020-07-24T09:53:40","date_gmt":"2020-07-24T09:53:40","guid":{"rendered":"http:\/\/s961990797.websitehome.co.uk\/?page_id=7429"},"modified":"2020-11-16T17:35:52","modified_gmt":"2020-11-16T17:35:52","slug":"dine-out","status":"publish","type":"page","link":"https:\/\/enfantsdazur.com\/fr\/dine-out\/","title":{"rendered":"Dine Out"},"content":{"rendered":"\n\n\t<h2><strong>Manger \u00e0 l&rsquo;Ext\u00e9rieur<\/strong><\/h2>\n<p>Ici vous trouverez des lieux familiaux pour manger \u00e0 l&rsquo;ext\u00e9rieur. Il y a des sous-parties pour les restaurants, caf\u00e9s et boulangeries. Si vous trouvez un lieu familial pour manger et que vous souhaitez nous en parler, veuillez nous contacter par mail\u00a0: holly@enfantsdazur.com<\/p>\n\t\t\t<a href=\"https:\/\/enfantsdazur.com\/fr\/dine-out\/restaurants\/\" target=\"_self\" role=\"button\" rel=\"noopener noreferrer\">\n\t\t\t\t\t\t\tRestaurants\n\t\t\t\t\t<\/a>\n\t\t\t<a href=\"https:\/\/enfantsdazur.com\/fr\/dine-out\/vente-a-emporter\/\" target=\"_self\" role=\"button\" rel=\"noopener noreferrer\">\n\t\t\t\t\t\t\tVente \u00e0 Emporter \n\t\t\t\t\t<\/a>\n\t\t\t<a href=\"https:\/\/enfantsdazur.com\/fr\/dine-out\/cafes\/\" target=\"_self\" role=\"button\" rel=\"noopener noreferrer\">\n\t\t\t\t\t\t\tCaf\u00e9s\n\t\t\t\t\t<\/a>\n\t\t\t<a href=\"https:\/\/enfantsdazur.com\/dine-out\/cafe-pousettes\/\" target=\"_self\" role=\"button\" rel=\"noopener noreferrer\">\n\t\t\t\t\t\t\tCaf\u00e9s Pousettes\n\t\t\t\t\t<\/a>\n\t\t\t<a href=\"https:\/\/enfantsdazur.com\/fr\/dine-out\/bakeries\/\" target=\"_self\" role=\"button\" rel=\"noopener noreferrer\">\n\t\t\t\t\t\t\tBoulangeries\n\t\t\t\t\t<\/a>\n\t<h3>Main Sponsor<\/h3>\n\t<h5>Sponsored Adverts<\/h5>\n\n","protected":false},"excerpt":{"rendered":"<p>Manger \u00e0 l&rsquo;Ext\u00e9rieur Ici vous trouverez des lieux familiaux pour manger \u00e0 l&rsquo;ext\u00e9rieur. Il y a des sous-parties pour les restaurants,&hellip;<\/p>\n","protected":false},"author":16,"featured_media":0,"parent":0,"menu_order":0,"comment_status":"closed","ping_status":"closed","template":"","meta":{"footnotes":""},"class_list":["post-7429","page","type-page","status-publish","hentry"],"_links":{"self":[{"href":"https:\/\/enfantsdazur.com\/fr\/wp-json\/wp\/v2\/pages\/7429","targetHints":{"allow":["GET"]}}],"collection":[{"href":"https:\/\/enfantsdazur.com\/fr\/wp-json\/wp\/v2\/pages"}],"about":[{"href":"https:\/\/enfantsdazur.com\/fr\/wp-json\/wp\/v2\/types\/page"}],"author":[{"embeddable":true,"href":"https:\/\/enfantsdazur.com\/fr\/wp-json\/wp\/v2\/users\/16"}],"replies":[{"embeddable":true,"href":"https:\/\/enfantsdazur.com\/fr\/wp-json\/wp\/v2\/comments?post=7429"}],"version-history":[{"count":3,"href":"https:\/\/enfantsdazur.com\/fr\/wp-json\/wp\/v2\/pages\/7429\/revisions"}],"predecessor-version":[{"id":7435,"href":"https:\/\/enfantsdazur.com\/fr\/wp-json\/wp\/v2\/pages\/7429\/revisions\/7435"}],"wp:attachment":[{"href":"https:\/\/enfantsdazur.com\/fr\/wp-json\/wp\/v2\/media?parent=7429"}],"curies":[{"name":"wp","href":"https:\/\/api.w.org\/{rel}","templated":true}]}}