{"id":7441,"date":"2017-12-05T15:13:47","date_gmt":"2017-12-05T15:13:47","guid":{"rendered":"http:\/\/s961990797.websitehome.co.uk\/education-childcare\/"},"modified":"2021-01-04T09:41:48","modified_gmt":"2021-01-04T09:41:48","slug":"education-childcare","status":"publish","type":"page","link":"https:\/\/enfantsdazur.com\/fr\/education-childcare\/","title":{"rendered":"Education &#038; Childcare"},"content":{"rendered":"\n\n\t<h2><strong>\u00c9ducation &amp; Garde d&rsquo;Enfants<\/strong><\/h2>\n<p>Il y a un grand nombre d&rsquo;\u00e9tablissements \u00e9ducatifs publics ou priv\u00e9s sur la C\u00f4te d&rsquo;Azur qui proposent divers cursus au choix. Ceux-ci incluent Le Cursus National Fran\u00e7ais, Le Cursus International IB et le Cursus National du Royaume-Uni. Choisir une \u00e9cole pour votre enfant peut \u00eatre une t\u00e2che intimidante. Si vous choisissez une \u00e9cole publique, la Mairie vous dirigera vers l&rsquo;\u00e9cole qui tombe dans la zone scolaire correspondant \u00e0 la ville ou village dans lequel vous vivez, donc si vous voulez que votre enfant fr\u00e9quente une \u00e9cole publique particuli\u00e8re, il est bien de se renseigner sur les zones scolaires avant de d\u00e9cider ou habiter. Si vous choisissez un \u00e9tablissement priv\u00e9, il n&rsquo;y a pas de restrictions de zone. Le processus de candidature peut \u00eatre consid\u00e9r\u00e9 compliqu\u00e9, et il est important de s&rsquo;assurer que vous compl\u00e9tez chaque partie de votre dossier et d&rsquo;inclure tous les documents demand\u00e9s pour vous assurer que votre enfant aura une place. Pour vous aider \u00e0 choisir un \u00e9tablissement pour votre enfant, d\u00e9couvrez nos listes d&rsquo;\u00e9tablissements publics et priv\u00e9s, ainsi que des cr\u00e8ches, \u00e9tablissements pour enfants handicap\u00e9s ou pr\u00e9coces ainsi que des \u00e9coles de langues et cours particuliers.<\/p>\n\t\t\t<a href=\"https:\/\/enfantsdazur.com\/fr\/education-childcare\/early-education\/\" target=\"_self\" role=\"button\" rel=\"noopener noreferrer\">\n\t\t\t\t\t\t\tPetite Enfance \n\t\t\t\t\t<\/a>\n\t\t\t<a href=\"https:\/\/enfantsdazur.com\/fr\/education-childcare\/catholic-establishments\/\" target=\"_self\" role=\"button\" rel=\"noopener noreferrer\">\n\t\t\t\t\t\t\t\u00c9tablissements Catholiques\n\t\t\t\t\t<\/a>\n\t\t\t<a href=\"https:\/\/enfantsdazur.com\/fr\/education-childcare\/languages\/\" target=\"_self\" role=\"button\" rel=\"noopener noreferrer\">\n\t\t\t\t\t\t\tLangues\n\t\t\t\t\t<\/a>\n\t\t\t<a href=\"https:\/\/enfantsdazur.com\/fr\/education-childcare\/montessori-education\/\" target=\"_self\" role=\"button\" rel=\"noopener noreferrer\">\n\t\t\t\t\t\t\t\u00c9ducation Montessori\n\t\t\t\t\t<\/a>\n\t\t\t<a href=\"https:\/\/enfantsdazur.com\/fr\/education-childcare\/gifted-education\/\" target=\"_self\" role=\"button\" rel=\"noopener noreferrer\">\n\t\t\t\t\t\t\t\u00c9ducation Pr\u00e9coce\n\t\t\t\t\t<\/a>\n\t\t\t<a href=\"https:\/\/enfantsdazur.com\/fr\/education-childcare\/besoins-speciaux\/\" target=\"_self\" role=\"button\" rel=\"noopener noreferrer\">\n\t\t\t\t\t\t\tBesoins Sp\u00e9ciaux\n\t\t\t\t\t<\/a>\n\t\t\t<a href=\"https:\/\/enfantsdazur.com\/fr\/education-childcare\/international-schools\/\" target=\"_self\" role=\"button\" rel=\"nofollow noopener noreferrer\">\n\t\t\t\t\t\t\t\u00c9coles Internationales\n\t\t\t\t\t<\/a>\n\t\t\t<a href=\"https:\/\/enfantsdazur.com\/fr\/boarding-schools\/\" target=\"_self\" role=\"button\" rel=\"noopener noreferrer\">\n\t\t\t\t\t\t\tInternats\n\t\t\t\t\t<\/a>\n\t\t\t<a href=\"https:\/\/enfantsdazur.com\/fr\/education-childcare\/cours-particuliers\/\" target=\"_self\" role=\"button\" rel=\"noopener noreferrer\">\n\t\t\t\t\t\t\tCours Particuliers\n\t\t\t\t\t<\/a>\n\t<h5>Sponsored Adverts<\/h5>\n\t\t\t\t<img loading=\"lazy\" decoding=\"async\" src=\"https:\/\/enfantsdazur.com\/wp-content\/uploads\/bb-plugin\/cache\/cropped-enfants-logo-final-1-300x300-square.jpg\" alt=\"Enfants D'Azur Logo\" itemprop=\"image\" height=\"300\" width=\"300\" title=\"cropped-enfants-logo-final-1.jpg\" onerror=\"this.style.display='none'\"  \/>\n<h3><\/h3>\t\t\n\t<ul>\n<li>\n<h5>Get your business a\u00a0<strong>Featured Listing!<\/strong><\/h5>\n<\/li>\n<li>\n<h5>Be seen first by potential clients!<\/h5>\n<\/li>\n<li>\n<h5>Get Found!<\/h5>\n<\/li>\n<\/ul>\n<h6>\u00a0<\/h6>\n<h6><strong>Contact:\u00a0<\/strong>Holly Grattan<\/h6>\n<h6><strong>Tel:<\/strong>\u00a006 27 44 19 23<\/h6>\n<h6><strong>Facebook:\u00a0<\/strong><a href=\"https:\/\/www.facebook.com\/enfantsdazur\" target=\"_blank\" rel=\"noopener noreferrer nofollow\" data-content=\"https:\/\/www.facebook.com\/enfantsdazur\" data-type=\"external\">\/enfantsdazur<\/a><\/h6>\n<h6><strong>Website:<\/strong>\u00a0<a href=\"https:\/\/enfantsdazur.com\/\" target=\"_blank\" rel=\"noopener noreferrer\" data-content=\"https:\/\/enfantsdazur.com\" data-type=\"external\">www.enfantsdazur.com<\/a><\/h6>\n\t<h5>Sponsored Adverts<\/h5>\n\n","protected":false},"excerpt":{"rendered":"<p>\u00c9ducation &amp; Garde d&rsquo;Enfants Il y a un grand nombre d&rsquo;\u00e9tablissements \u00e9ducatifs publics ou priv\u00e9s sur la C\u00f4te d&rsquo;Azur qui proposent&hellip;<\/p>\n","protected":false},"author":1,"featured_media":0,"parent":0,"menu_order":0,"comment_status":"closed","ping_status":"closed","template":"","meta":{"footnotes":""},"class_list":["post-7441","page","type-page","status-publish","hentry"],"_links":{"self":[{"href":"https:\/\/enfantsdazur.com\/fr\/wp-json\/wp\/v2\/pages\/7441","targetHints":{"allow":["GET"]}}],"collection":[{"href":"https:\/\/enfantsdazur.com\/fr\/wp-json\/wp\/v2\/pages"}],"about":[{"href":"https:\/\/enfantsdazur.com\/fr\/wp-json\/wp\/v2\/types\/page"}],"author":[{"embeddable":true,"href":"https:\/\/enfantsdazur.com\/fr\/wp-json\/wp\/v2\/users\/1"}],"replies":[{"embeddable":true,"href":"https:\/\/enfantsdazur.com\/fr\/wp-json\/wp\/v2\/comments?post=7441"}],"version-history":[{"count":2,"href":"https:\/\/enfantsdazur.com\/fr\/wp-json\/wp\/v2\/pages\/7441\/revisions"}],"predecessor-version":[{"id":7443,"href":"https:\/\/enfantsdazur.com\/fr\/wp-json\/wp\/v2\/pages\/7441\/revisions\/7443"}],"wp:attachment":[{"href":"https:\/\/enfantsdazur.com\/fr\/wp-json\/wp\/v2\/media?parent=7441"}],"curies":[{"name":"wp","href":"https:\/\/api.w.org\/{rel}","templated":true}]}}