{"id":7479,"date":"2017-12-10T20:12:03","date_gmt":"2017-12-10T20:12:03","guid":{"rendered":"http:\/\/s961990797.websitehome.co.uk\/education-childcare\/tutoring\/"},"modified":"2021-01-04T09:37:46","modified_gmt":"2021-01-04T09:37:46","slug":"cours-particuliers","status":"publish","type":"page","link":"https:\/\/enfantsdazur.com\/fr\/education-childcare\/cours-particuliers\/","title":{"rendered":"Cours Particuliers"},"content":{"rendered":"\r\n\n\n\n<div id=\"wpv-view-layout-6277\" class=\"js-wpv-view-layout js-wpv-layout-responsive js-wpv-view-layout-6277\" data-viewnumber=\"6277\" data-pagination=\"{&quot;id&quot;:6277,&quot;query&quot;:&quot;normal&quot;,&quot;type&quot;:&quot;disabled&quot;,&quot;effect&quot;:&quot;fade&quot;,&quot;duration&quot;:500,&quot;speed&quot;:5,&quot;pause_on_hover&quot;:&quot;disabled&quot;,&quot;stop_rollover&quot;:&quot;false&quot;,&quot;cache_pages&quot;:&quot;enabled&quot;,&quot;preload_images&quot;:&quot;enabled&quot;,&quot;preload_pages&quot;:&quot;enabled&quot;,&quot;preload_reach&quot;:1,&quot;spinner&quot;:&quot;builtin&quot;,&quot;spinner_image&quot;:&quot;https:\/\/enfantsdazur.com\/wp-content\/plugins\/wp-views\/embedded\/res\/img\/ajax-loader.gif&quot;,&quot;callback_next&quot;:&quot;&quot;,&quot;manage_history&quot;:&quot;enabled&quot;,&quot;has_controls_in_form&quot;:&quot;disabled&quot;,&quot;infinite_tolerance&quot;:&quot;0&quot;,&quot;max_pages&quot;:0,&quot;page&quot;:1,&quot;base_permalink&quot;:&quot;\/fr\/wp-json\/wp\/v2\/pages\/7479?wpv_view_count=6277&amp;wpv_paged=WPV_PAGE_NUM&quot;,&quot;loop&quot;:{&quot;type&quot;:&quot;&quot;,&quot;name&quot;:&quot;&quot;,&quot;data&quot;:[],&quot;id&quot;:0}}\" data-permalink=\"\/fr\/wp-json\/wp\/v2\/pages\/7479?wpv_view_count=6277\">\n\n\t\n\t\n\t\n\t\t<div class=\"container\">\n  <section id=\"image\">\n  \t<div class=\"logo-border\"><img decoding=\"async\" src=\"https:\/\/enfantsdazur.com\/wp-content\/uploads\/2020\/12\/Untitled-design-50.png\" \/><\/div>\n  <\/section>\n  <aside id=\"listing\">\n\t\t<div class=\"titles\"><strong>Company Name:<\/strong><\/div> <a href=\"https:\/\/enfantsdazur.com\/fr\/business-listing\/carfax-education\/\">Carfax Education<\/a>\n\t\t<br>\n\t\t<div id= \"text-color\"><strong>Locations:<\/strong><\/div> \n\t\t<br>\n    \t<div id= \"text-color\"><strong>Ages:<\/strong><\/div> 7+\n    \t<br>\n    \t<br>\n\t\t<div id= \"text-color\"><strong>Description:<\/strong><\/div> <p>Carfax Education est un groupe international d'entreprises et d'\u00e9tablissements d'enseignement, dont chacun se consacre \u00e0 offrir le meilleur de l'enseignement britannique, am\u00e9ricain et suisse \u00e0 des clients priv\u00e9s et professionnels du monde entier.<\/p>\n<p>Le groupe comprend le soutien de Carfax Consultants qui conseille sur l'entr\u00e9e dans les \u00e9coles et les universit\u00e9s au Royaume-Uni, aux \u00c9tats-Unis d'Am\u00e9rique et en Suisse, avec un accent particulier sur les admissions dans les universit\u00e9s d'Oxford, Cambridge, Harvard et d'autres institutions de premier plan de l'enseignement sup\u00e9rieur, ainsi que les \u00e9coles dirigeantes et les internats.<br \/>\n\u00c0 PROPOS DE CARFAX<\/p>\n<p>Carfax Tutors propose des cours \u00e0 tous les niveaux \u00e0 partir des examens d'entr\u00e9e 7 + \/ 8 +, entr\u00e9e commune \u00e0 11 + \/ 13 +, entr\u00e9e sixi\u00e8me, GCSE \/ IGCSE, niveau A et pr\u00e9-U, pr\u00e9paration au baccalaur\u00e9at international, SSAT, SAT et ACT , Entr\u00e9e \u00e0 Oxbridge, soutien aux \u00e9tudiants universitaires, tutorat r\u00e9sidentiel et en ligne et enseignement \u00e0 domicile.<\/p>\n <a href= \"https:\/\/enfantsdazur.com\/fr\/business-listing\/carfax-education\/\"> read more&#8230; <\/a> \n\t<br>\n    <br>\n\t<a href= \"https:\/\/enfantsdazur.com\/fr\/business-listing\/carfax-education\/\"> Click here for full listing details\u2026 <\/a>\n   <\/aside> \n<\/div>\n<hr>\n\t\n\t\t<div class=\"container\">\n  <section id=\"image\">\n  \t<div class=\"logo-border\"><img decoding=\"async\" src=\"https:\/\/enfantsdazur.com\/wp-content\/uploads\/2020\/06\/Explique-moi-les-mathsLogo-1.png\" \/><\/div>\n  <\/section>\n  <aside id=\"listing\">\n\t\t<div class=\"titles\"><strong>Company Name:<\/strong><\/div> <a href=\"https:\/\/enfantsdazur.com\/fr\/business-listing\/explique-moi-les-maths\/\">Explique-Moi Les Maths<\/a>\n\t\t<br>\n\t\t<div id= \"text-color\"><strong>Locations:<\/strong><\/div> \n\t\t<br>\n    \t<div id= \"text-color\"><strong>Ages:<\/strong><\/div> 10+\n    \t<br>\n    \t<br>\n\t\t<div id= \"text-color\"><strong>Description:<\/strong><\/div> <p>Cours particuliers ou en petits groupes.<\/p>\n <a href= \"https:\/\/enfantsdazur.com\/fr\/business-listing\/explique-moi-les-maths\/\"> read more&#8230; <\/a> \n\t<br>\n    <br>\n\t<a href= \"https:\/\/enfantsdazur.com\/fr\/business-listing\/explique-moi-les-maths\/\"> Click here for full listing details\u2026 <\/a>\n   <\/aside> \n<\/div>\n<hr>\n\t\n\t\t<div class=\"container\">\n  <section id=\"image\">\n  \t<div class=\"logo-border\"><img decoding=\"async\" src=\"https:\/\/enfantsdazur.com\/wp-content\/uploads\/2020\/12\/Untitled-design-49.png\" \/><\/div>\n  <\/section>\n  <aside id=\"listing\">\n\t\t<div class=\"titles\"><strong>Company Name:<\/strong><\/div> <a href=\"https:\/\/enfantsdazur.com\/fr\/business-listing\/hannah-snow-baud-tutoring\/\">Hannah Snow Baud Tutoring<\/a>\n\t\t<br>\n\t\t<div id= \"text-color\"><strong>Locations:<\/strong><\/div> \n\t\t<br>\n    \t<div id= \"text-color\"><strong>Ages:<\/strong><\/div> 10+\n    \t<br>\n    \t<br>\n\t\t<div id= \"text-color\"><strong>Description:<\/strong><\/div> <p>Professeur particulier de langue maternelle anglaise disponible pour enseigner aux jeunes hommes et femmes en anglais.<br \/>\nHabitu\u00e9 \u00e0 enseigner les mati\u00e8res de langue anglaise, de litt\u00e9rature anglaise et de sciences humaines \u00e0 KS3, I \/ GCSE et A'Level. Maman de 5 enfants. Adaptable et cr\u00e9ateur de confiance.<\/p>\n <a href= \"https:\/\/enfantsdazur.com\/fr\/business-listing\/hannah-snow-baud-tutoring\/\"> read more&#8230; <\/a> \n\t<br>\n    <br>\n\t<a href= \"https:\/\/enfantsdazur.com\/fr\/business-listing\/hannah-snow-baud-tutoring\/\"> Click here for full listing details\u2026 <\/a>\n   <\/aside> \n<\/div>\n<hr>\n\t\n\t\n\t\n\t\n<\/div>\n\r\n","protected":false},"excerpt":{"rendered":"","protected":false},"author":1,"featured_media":0,"parent":7441,"menu_order":5,"comment_status":"closed","ping_status":"closed","template":"","meta":{"footnotes":""},"class_list":["post-7479","page","type-page","status-publish","hentry"],"_links":{"self":[{"href":"https:\/\/enfantsdazur.com\/fr\/wp-json\/wp\/v2\/pages\/7479","targetHints":{"allow":["GET"]}}],"collection":[{"href":"https:\/\/enfantsdazur.com\/fr\/wp-json\/wp\/v2\/pages"}],"about":[{"href":"https:\/\/enfantsdazur.com\/fr\/wp-json\/wp\/v2\/types\/page"}],"author":[{"embeddable":true,"href":"https:\/\/enfantsdazur.com\/fr\/wp-json\/wp\/v2\/users\/1"}],"replies":[{"embeddable":true,"href":"https:\/\/enfantsdazur.com\/fr\/wp-json\/wp\/v2\/comments?post=7479"}],"version-history":[{"count":0,"href":"https:\/\/enfantsdazur.com\/fr\/wp-json\/wp\/v2\/pages\/7479\/revisions"}],"up":[{"embeddable":true,"href":"https:\/\/enfantsdazur.com\/fr\/wp-json\/wp\/v2\/pages\/7441"}],"wp:attachment":[{"href":"https:\/\/enfantsdazur.com\/fr\/wp-json\/wp\/v2\/media?parent=7479"}],"curies":[{"name":"wp","href":"https:\/\/api.w.org\/{rel}","templated":true}]}}