{"id":7484,"date":"2017-12-05T15:13:34","date_gmt":"2017-12-05T15:13:34","guid":{"rendered":"http:\/\/s961990797.websitehome.co.uk\/things-to-do\/"},"modified":"2021-03-10T12:54:22","modified_gmt":"2021-03-10T12:54:22","slug":"things-to-do","status":"publish","type":"page","link":"https:\/\/enfantsdazur.com\/fr\/things-to-do\/","title":{"rendered":"Things To Do"},"content":{"rendered":"\n\n\t<h2><strong>Choses \u00e0 Faire<\/strong><\/h2>\n<p>Il y a tellement d&rsquo;activit\u00e9s excitantes pour les familles et enfants sur la C\u00f4te d&rsquo;Azur. Que vos enfants adorent le sport, la musique, l&rsquo;art ou le th\u00e9\u00e2tre, ou si vous cherchez simplement un endroit o\u00f9 les enfants peuvent se d\u00e9fouler, Enfants d&rsquo;Azur aura certainement des informations ou une activit\u00e9 \u00e0 proposer qui sera parfaite pour votre famille.<\/p>\n\t\t\t<a href=\"https:\/\/enfantsdazur.com\/fr\/things-to-do\/animals\/\" target=\"_self\" role=\"button\" rel=\"noopener noreferrer\">\n\t\t\t\t\t\t\tAnimaux\n\t\t\t\t\t<\/a>\n\t\t\t<a href=\"https:\/\/enfantsdazur.com\/things-to-do\/indoor-play-areas\/\" target=\"_self\" role=\"button\" rel=\"noopener noreferrer\">\n\t\t\t\t\t\t\tAires de Jeux Int\u00e9rieures\n\t\t\t\t\t<\/a>\n\t\t\t<a href=\"https:\/\/enfantsdazur.com\/fr\/things-to-do\/sports-fitness\/\" target=\"_self\" role=\"button\" rel=\"noopener noreferrer\">\n\t\t\t\t\t\t\tSports &#038; Fitness\n\t\t\t\t\t<\/a>\n\t\t\t<a href=\"https:\/\/enfantsdazur.com\/fr\/things-to-do\/water-activities\/\" target=\"_self\" role=\"button\" rel=\"noopener noreferrer\">\n\t\t\t\t\t\t\tActivit\u00e9s Aquatiques\n\t\t\t\t\t<\/a>\n\t\t\t<a href=\"https:\/\/enfantsdazur.com\/fr\/things-to-do\/cinema\/\" target=\"_self\" role=\"button\" rel=\"noopener noreferrer\">\n\t\t\t\t\t\t\tCin\u00e9ma\n\t\t\t\t\t<\/a>\n\t\t\t<a href=\"https:\/\/enfantsdazur.com\/things-to-do\/arts-crafts\/\" target=\"_self\" role=\"button\" rel=\"noopener noreferrer\">\n\t\t\t\t\t\t\tArts Plastiques\n\t\t\t\t\t<\/a>\n\t\t\t<a href=\"https:\/\/enfantsdazur.com\/things-to-do\/museum-tours\/\" target=\"_self\" role=\"button\" rel=\"noopener noreferrer\">\n\t\t\t\t\t\t\tMus\u00e9es &#038; Visites\n\t\t\t\t\t<\/a>\n\t\t\t<a href=\"https:\/\/enfantsdazur.com\/things-to-do\/theatre\/\" target=\"_self\" role=\"button\" rel=\"noopener noreferrer\">\n\t\t\t\t\t\t\tTh\u00e9\u00e2tre\n\t\t\t\t\t<\/a>\n\t\t\t<a href=\"https:\/\/enfantsdazur.com\/fr\/things-to-do\/parcs\/\" target=\"_self\" role=\"button\" rel=\"noopener noreferrer\">\n\t\t\t\t\t\t\tParcs\n\t\t\t\t\t<\/a>\n\t\t\t<a href=\"https:\/\/enfantsdazur.com\/fr\/things-to-do\/codage-robotique\/\" target=\"_self\" role=\"button\" rel=\"nofollow noopener noreferrer\">\n\t\t\t\t\t\t\tCodage &#038; Robotique\n\t\t\t\t\t<\/a>\n\t\t\t<a href=\"https:\/\/enfantsdazur.com\/things-to-do\/workshops\/\" target=\"_self\" role=\"button\" rel=\"noopener noreferrer\">\n\t\t\t\t\t\t\tAteliers\n\t\t\t\t\t<\/a>\n\t\t\t<a href=\"https:\/\/enfantsdazur.com\/fr\/things-to-do\/musique\/\" target=\"_self\" role=\"button\" rel=\"noopener noreferrer\">\n\t\t\t\t\t\t\tMusique\n\t\t\t\t\t<\/a>\n\t\t\t<a href=\"https:\/\/enfantsdazur.com\/things-to-do\/drama-listings\/\" target=\"_self\" role=\"button\" rel=\"noopener noreferrer\">\n\t\t\t\t\t\t\tCours de Th\u00e9\u00e2tre\n\t\t\t\t\t<\/a>\n\t\t\t<a href=\"https:\/\/enfantsdazur.com\/fr\/things-to-do\/activites-a-lexterieur\/\" target=\"_self\" role=\"button\" rel=\"noopener noreferrer\">\n\t\t\t\t\t\t\tActivit\u00e9s Ext\u00e9rieures\n\t\t\t\t\t<\/a>\n\t<h5>Sponsored Adverts<\/h5>\n\t<h5>Sponsored Adverts<\/h5>\n\n","protected":false},"excerpt":{"rendered":"<p>Choses \u00e0 Faire Il y a tellement d&rsquo;activit\u00e9s excitantes pour les familles et enfants sur la C\u00f4te d&rsquo;Azur. Que vos enfants&hellip;<\/p>\n","protected":false},"author":1,"featured_media":0,"parent":0,"menu_order":0,"comment_status":"closed","ping_status":"closed","template":"","meta":{"footnotes":""},"class_list":["post-7484","page","type-page","status-publish","hentry"],"_links":{"self":[{"href":"https:\/\/enfantsdazur.com\/fr\/wp-json\/wp\/v2\/pages\/7484","targetHints":{"allow":["GET"]}}],"collection":[{"href":"https:\/\/enfantsdazur.com\/fr\/wp-json\/wp\/v2\/pages"}],"about":[{"href":"https:\/\/enfantsdazur.com\/fr\/wp-json\/wp\/v2\/types\/page"}],"author":[{"embeddable":true,"href":"https:\/\/enfantsdazur.com\/fr\/wp-json\/wp\/v2\/users\/1"}],"replies":[{"embeddable":true,"href":"https:\/\/enfantsdazur.com\/fr\/wp-json\/wp\/v2\/comments?post=7484"}],"version-history":[{"count":5,"href":"https:\/\/enfantsdazur.com\/fr\/wp-json\/wp\/v2\/pages\/7484\/revisions"}],"predecessor-version":[{"id":7701,"href":"https:\/\/enfantsdazur.com\/fr\/wp-json\/wp\/v2\/pages\/7484\/revisions\/7701"}],"wp:attachment":[{"href":"https:\/\/enfantsdazur.com\/fr\/wp-json\/wp\/v2\/media?parent=7484"}],"curies":[{"name":"wp","href":"https:\/\/api.w.org\/{rel}","templated":true}]}}