{"id":7489,"date":"2017-12-05T22:55:29","date_gmt":"2017-12-05T22:55:29","guid":{"rendered":"http:\/\/s961990797.websitehome.co.uk\/parties\/"},"modified":"2020-11-04T11:39:30","modified_gmt":"2020-11-04T11:39:30","slug":"parties","status":"publish","type":"page","link":"https:\/\/enfantsdazur.com\/fr\/parties\/","title":{"rendered":"Parties"},"content":{"rendered":"\n\t<p><iframe loading=\"lazy\" src=\"https:\/\/rcm-eu.amazon-adsystem.com\/e\/cm?o=8&#038;p=14&#038;l=ur1&#038;category=amu&#038;banner=0SG9APBTVV18K64P1H02&#038;f=ifr&#038;linkID=774d4be896c88d0d81d39344a52d3d51&#038;t=enfantsdazur-21&#038;tracking_id=enfantsdazur-21\" width=\"160\" height=\"600\" scrolling=\"no\" border=\"0\" marginwidth=\"0\" frameborder=\"0\"><\/iframe><\/p>\n\t<h3>F\u00eates<\/h3>\n<p>Tout le monde aime une f\u00eate! Parcourez nos cat\u00e9gories pour vous aider \u00e0 trouver des organisateurs de f\u00eates, des lieux, des fournisseurs, des d\u00e9corateurs de g\u00e2teaux, des ch\u00e2teaux gonflables, des photographes et plus encore pour un \u00e9v\u00e8nement parfait.<\/p>\n\t\t\t<a href=\"https:\/\/enfantsdazur.com\/fr\/parties\/organisateurs\/\" target=\"_self\" role=\"button\" rel=\"noopener noreferrer\">\n\t\t\t\t\t\t\tOrganisateurs\n\t\t\t\t\t<\/a>\n\t\t\t<a href=\"https:\/\/enfantsdazur.com\/fr\/parties\/fabricants-de-gateaux\/\" target=\"_self\" role=\"button\" rel=\"noopener noreferrer\">\n\t\t\t\t\t\t\tVendeurs Gateaux\n\t\t\t\t\t<\/a>\n\t\t\t<a href=\"https:\/\/enfantsdazur.com\/parties\/party-entertainers\/\" target=\"_self\" role=\"button\" rel=\"noopener noreferrer\">\n\t\t\t\t\t\t\tAnimateurs\n\t\t\t\t\t<\/a>\n\t\t\t<a href=\"https:\/\/enfantsdazur.com\/fr\/parties\/fournisseurs\/\" target=\"_self\" role=\"button\" rel=\"noopener noreferrer\">\n\t\t\t\t\t\t\tFournisseurs\n\t\t\t\t\t<\/a>\n\t\t\t<a href=\"https:\/\/enfantsdazur.com\/fr\/parties\/photographes\/\" target=\"_self\" role=\"button\" rel=\"noopener noreferrer\">\n\t\t\t\t\t\t\tPhotographes\n\t\t\t\t\t<\/a>\n\t\t\t<a href=\"https:\/\/enfantsdazur.com\/fr\/parties\/magiciens\/\" target=\"_self\" role=\"button\" rel=\"noopener noreferrer\">\n\t\t\t\t\t\t\tMagiciens\n\t\t\t\t\t<\/a>\n\t\t\t<a href=\"https:\/\/enfantsdazur.com\/fr\/parties\/lieux\/\" target=\"_self\" role=\"button\" rel=\"noopener noreferrer\">\n\t\t\t\t\t\t\tLieux de F\u00eates\n\t\t\t\t\t<\/a>\n\t\t\t<a href=\"https:\/\/enfantsdazur.com\/fr\/parties\/traiteurs\/\" target=\"_self\" role=\"button\" rel=\"noopener noreferrer\">\n\t\t\t\t\t\t\tTraiteurs\n\t\t\t\t\t<\/a>\n\t\t\t<a href=\"https:\/\/enfantsdazur.com\/fr\/parties\/florists\/\" target=\"_self\" role=\"button\" rel=\"noopener noreferrer\">\n\t\t\t\t\t\t\tFleuristes\n\t\t\t\t\t<\/a>\n\t<h4>Sponsored Adverts<\/h4>\n\t\t\t\t<img loading=\"lazy\" decoding=\"async\" src=\"https:\/\/enfantsdazur.com\/wp-content\/uploads\/bb-plugin\/cache\/logo_french_color_1000x1000_72dpi-1-e1516389406313-square.png\" alt=\"Enfants D'Azur Logo Kids Activities on the Cote D'Azur French Riviera\" itemprop=\"image\" height=\"268\" width=\"268\" title=\"logo_french_color_1000x1000_72dpi\" onerror=\"this.style.display='none'\"  \/>\n<h3><\/h3>\t\t\n\t<ul>\n<li>\n<h4>Get your business a\u00a0<strong>Featured Listing!<\/strong><\/h4>\n<\/li>\n<li>\n<h4>Be seen first by potential clients!<\/h4>\n<\/li>\n<li>\n<h4>Get Found!<\/h4>\n<\/li>\n<\/ul>\n<h4><\/h4>\n<h4><strong>Contact:\u00a0<\/strong>Holly Grattan<\/h4>\n<h4><strong>Tel:<\/strong>\u00a007 60 03 83 55<\/h4>\n<h4><strong>Email:<\/strong>\u00a0holly@enfantsdazur.com<\/h4>\n<h4><strong>Facebook:\u00a0<\/strong><a href=\"https:\/\/www.facebook.com\/enfantsdazur\" target=\"_blank\" rel=\"noopener noreferrer nofollow\" data-content=\"https:\/\/www.facebook.com\/enfantsdazur\" data-type=\"external\">\/enfantsdazur<\/a><\/h4>\n<h4><strong>Website:<\/strong>\u00a0<a href=\"https:\/\/enfantsdazur.com\/\" target=\"_blank\" rel=\"noopener noreferrer\" data-content=\"https:\/\/enfantsdazur.com\" data-type=\"external\">www.enfantsdazur.com<\/a><\/h4>\n\t<h5>Sponsored Adverts<\/h5>\n\t<p><iframe loading=\"lazy\" src=\"https:\/\/rcm-eu.amazon-adsystem.com\/e\/cm?o=8&#038;p=14&#038;l=ez&#038;f=ifr&#038;linkID=f967a2c98f66a8b99b140167e85a0dd1&#038;t=enfantsdazur-21&#038;tracking_id=enfantsdazur-21\" width=\"160\" height=\"600\" scrolling=\"no\" border=\"0\" marginwidth=\"0\" frameborder=\"0\"><\/iframe><\/p>\n","protected":false},"excerpt":{"rendered":"<p>F\u00eates Tout le monde aime une f\u00eate! Parcourez nos cat\u00e9gories pour vous aider \u00e0 trouver des organisateurs de f\u00eates, des lieux,&hellip;<\/p>\n","protected":false},"author":1,"featured_media":0,"parent":0,"menu_order":0,"comment_status":"closed","ping_status":"closed","template":"","meta":{"footnotes":""},"class_list":["post-7489","page","type-page","status-publish","hentry"],"_links":{"self":[{"href":"https:\/\/enfantsdazur.com\/fr\/wp-json\/wp\/v2\/pages\/7489","targetHints":{"allow":["GET"]}}],"collection":[{"href":"https:\/\/enfantsdazur.com\/fr\/wp-json\/wp\/v2\/pages"}],"about":[{"href":"https:\/\/enfantsdazur.com\/fr\/wp-json\/wp\/v2\/types\/page"}],"author":[{"embeddable":true,"href":"https:\/\/enfantsdazur.com\/fr\/wp-json\/wp\/v2\/users\/1"}],"replies":[{"embeddable":true,"href":"https:\/\/enfantsdazur.com\/fr\/wp-json\/wp\/v2\/comments?post=7489"}],"version-history":[{"count":2,"href":"https:\/\/enfantsdazur.com\/fr\/wp-json\/wp\/v2\/pages\/7489\/revisions"}],"predecessor-version":[{"id":7602,"href":"https:\/\/enfantsdazur.com\/fr\/wp-json\/wp\/v2\/pages\/7489\/revisions\/7602"}],"wp:attachment":[{"href":"https:\/\/enfantsdazur.com\/fr\/wp-json\/wp\/v2\/media?parent=7489"}],"curies":[{"name":"wp","href":"https:\/\/api.w.org\/{rel}","templated":true}]}}