{"id":7491,"date":"2017-12-05T23:08:39","date_gmt":"2017-12-05T23:08:39","guid":{"rendered":"http:\/\/s961990797.websitehome.co.uk\/shopping\/"},"modified":"2020-11-17T10:54:24","modified_gmt":"2020-11-17T10:54:24","slug":"shopping","status":"publish","type":"page","link":"https:\/\/enfantsdazur.com\/fr\/shopping\/","title":{"rendered":"Shopping"},"content":{"rendered":"\n\n\t<h3><strong>Shopping<\/strong><\/h3>\n<p>Ici nous avons compil\u00e9 certaines de nos boutiques et services pr\u00e9f\u00e9r\u00e9s pour les familles sur la C\u00f4te d&rsquo;Azur. Cela inclut des charmantes boutiques que vous ne trouverez nulle-part ailleurs ainsi que des marques respectueuses de l&rsquo;environnement et durables.<\/p>\n\t\t\t<a href=\"https:\/\/enfantsdazur.com\/fr\/shopping\/supermarches-internationaux\/\" target=\"_self\" role=\"button\" rel=\"noopener noreferrer\">\n\t\t\t\t\t\t\tSupermarch\u00e9s Internationaux\n\t\t\t\t\t<\/a>\n\t\t\t<a href=\"https:\/\/enfantsdazur.com\/fr\/shopping\/location-materiel-bebe\/\" target=\"_self\" role=\"button\" rel=\"noopener noreferrer\">\n\t\t\t\t\t\t\tLocation Mat\u00e9riel B\u00e9b\u00e9\n\t\t\t\t\t<\/a>\n\t\t\t<a href=\"https:\/\/enfantsdazur.com\/fr\/shopping\/la-rentree\/\" target=\"_self\" role=\"button\" rel=\"noopener noreferrer\">\n\t\t\t\t\t\t\tLa Rentr\u00e9e\n\t\t\t\t\t<\/a>\n\t\t\t<a href=\"https:\/\/enfantsdazur.com\/fr\/shopping\/boutique-dinterieur\/\" target=\"_self\" role=\"button\" rel=\"nofollow noopener noreferrer\">\n\t\t\t\t\t\t\tBoutiques d&rsquo;Int\u00e9rieurs\n\t\t\t\t\t<\/a>\n\t\t\t<a href=\"https:\/\/enfantsdazur.com\/fr\/shopping\/maternite\/\" target=\"_self\" role=\"button\" rel=\"noopener noreferrer\">\n\t\t\t\t\t\t\tMaternit\u00e9\n\t\t\t\t\t<\/a>\n\t\t\t<a href=\"https:\/\/enfantsdazur.com\/fr\/shopping\/deco-chambre-denfants\/\" target=\"_self\" role=\"button\" rel=\"noopener noreferrer\">\n\t\t\t\t\t\t\tD\u00e9co Chambres d&rsquo;Enfants\n\t\t\t\t\t<\/a>\n\t\t\t<a href=\"https:\/\/enfantsdazur.com\/fr\/shopping\/magasins-discount\/\" target=\"_self\" role=\"button\" rel=\"noopener noreferrer\">\n\t\t\t\t\t\t\tMagasins Discount\n\t\t\t\t\t<\/a>\n\t\t\t<a href=\"https:\/\/enfantsdazur.com\/fr\/shopping\/coiffeurs-enfants\/\" target=\"_self\" role=\"button\" rel=\"noopener noreferrer\">\n\t\t\t\t\t\t\tCoiffeurs pour Enfants\n\t\t\t\t\t<\/a>\n\t\t\t<a href=\"https:\/\/enfantsdazur.com\/fr\/shopping\/jouets-livres\/\" target=\"_self\" role=\"button\" rel=\"noopener noreferrer\">\n\t\t\t\t\t\t\tJouets &#038; Livres\n\t\t\t\t\t<\/a>\n\t\t\t<a href=\"https:\/\/enfantsdazur.com\/fr\/shopping\/puericulture\/\" target=\"_self\" role=\"button\" rel=\"noopener noreferrer\">\n\t\t\t\t\t\t\tPu\u00e9riculture\n\t\t\t\t\t<\/a>\n\t\t\t<a href=\"https:\/\/enfantsdazur.com\/fr\/shopping\/eco-durable\/\" target=\"_self\" role=\"button\" rel=\"nofollow noopener noreferrer\">\n\t\t\t\t\t\t\t\u00c9co-Responsable\n\t\t\t\t\t<\/a>\n\t\t\t<a href=\"https:\/\/enfantsdazur.com\/fr\/shopping\/alimentaire\/\" target=\"_self\" role=\"button\" rel=\"noopener noreferrer\">\n\t\t\t\t\t\t\tAlimentaire\n\t\t\t\t\t<\/a>\n\t\t\t<a href=\"https:\/\/enfantsdazur.com\/fr\/shopping\/bio\/\" target=\"_self\" role=\"button\" rel=\"nofollow noopener noreferrer\">\n\t\t\t\t\t\t\tBio\n\t\t\t\t\t<\/a>\n\t<h5>Sponsored Adverts<\/h5>\n\t\t\t\t<img loading=\"lazy\" decoding=\"async\" src=\"https:\/\/enfantsdazur.com\/wp-content\/uploads\/bb-plugin\/cache\/cropped-enfants-logo-final-1-300x300-square.jpg\" alt=\"Enfants D'Azur Logo\" itemprop=\"image\" height=\"300\" width=\"300\" title=\"cropped-enfants-logo-final-1.jpg\" onerror=\"this.style.display='none'\"  \/>\n<h3><\/h3>\t\t\n\t<ul>\n<li>\n<h5>Get your business a\u00a0<strong>Featured Listing!<\/strong><\/h5>\n<\/li>\n<li>\n<h5>Be seen first by potential clients!<\/h5>\n<\/li>\n<li>\n<h5>Get Found!<\/h5>\n<\/li>\n<\/ul>\n<h6>\u00a0<\/h6>\n<h6><strong>Contact:\u00a0<\/strong>Holly Grattan<\/h6>\n<h6><strong>Tel:<\/strong>\u00a006 27 44 19 23<\/h6>\n<h6><strong>Facebook:\u00a0<\/strong><a href=\"https:\/\/www.facebook.com\/enfantsdazur\" target=\"_blank\" rel=\"noopener noreferrer nofollow\" data-content=\"https:\/\/www.facebook.com\/enfantsdazur\" data-type=\"external\">\/enfantsdazur<\/a><\/h6>\n<h6><strong>Website:<\/strong>\u00a0<a href=\"https:\/\/enfantsdazur.com\/\" target=\"_blank\" rel=\"noopener noreferrer\" data-content=\"https:\/\/enfantsdazur.com\" data-type=\"external\">www.enfantsdazur.com<\/a><\/h6>\n\t<h5>Sponsored Adverts<\/h5>\n\n","protected":false},"excerpt":{"rendered":"<p>Shopping Ici nous avons compil\u00e9 certaines de nos boutiques et services pr\u00e9f\u00e9r\u00e9s pour les familles sur la C\u00f4te d&rsquo;Azur. Cela inclut&hellip;<\/p>\n","protected":false},"author":1,"featured_media":0,"parent":0,"menu_order":0,"comment_status":"closed","ping_status":"closed","template":"","meta":{"footnotes":""},"class_list":["post-7491","page","type-page","status-publish","hentry"],"_links":{"self":[{"href":"https:\/\/enfantsdazur.com\/fr\/wp-json\/wp\/v2\/pages\/7491","targetHints":{"allow":["GET"]}}],"collection":[{"href":"https:\/\/enfantsdazur.com\/fr\/wp-json\/wp\/v2\/pages"}],"about":[{"href":"https:\/\/enfantsdazur.com\/fr\/wp-json\/wp\/v2\/types\/page"}],"author":[{"embeddable":true,"href":"https:\/\/enfantsdazur.com\/fr\/wp-json\/wp\/v2\/users\/1"}],"replies":[{"embeddable":true,"href":"https:\/\/enfantsdazur.com\/fr\/wp-json\/wp\/v2\/comments?post=7491"}],"version-history":[{"count":0,"href":"https:\/\/enfantsdazur.com\/fr\/wp-json\/wp\/v2\/pages\/7491\/revisions"}],"wp:attachment":[{"href":"https:\/\/enfantsdazur.com\/fr\/wp-json\/wp\/v2\/media?parent=7491"}],"curies":[{"name":"wp","href":"https:\/\/api.w.org\/{rel}","templated":true}]}}