{"id":7493,"date":"2017-12-08T15:01:20","date_gmt":"2017-12-08T15:01:20","guid":{"rendered":"http:\/\/s961990797.websitehome.co.uk\/save-me-time\/"},"modified":"2020-12-22T11:33:57","modified_gmt":"2020-12-22T11:33:57","slug":"save-me-time","status":"publish","type":"page","link":"https:\/\/enfantsdazur.com\/fr\/save-me-time\/","title":{"rendered":"Save Me Time"},"content":{"rendered":"\n\n\t<h2>Gagner du Temps<\/h2>\n<p>Ci-dessous vous pouvez feuilleter nos annonces pour trouver des moyens de gagner du temps tels que des aides \u00e0 la maison, baby-sitters, nounous et au pairs. Vous venez peut-\u00eatre de vous installer sur la C\u00f4te d&rsquo;Azur et avez besoin de soutien administratif fran\u00e7ais pour obtenir votre carte vitale, carte de s\u00e9jour ou vous d\u00e9clarer auto-entrepreneur. Cliquez simplement sur \u00ab\u00a0Accompagnateurs\u00a0\u00bb pour trouver un expert en administration qui vous guidera le long du processus. Trouvez du soutien aupr\u00e8s de nos associations list\u00e9es. Nous avons aussi une sous-partie pour les \u0153uvres caritatives, donc si vous avez des objets \u00e0 donner ou vous voulez \u00eatre b\u00e9n\u00e9vole, il y a de nombreuses causes qui seraient ravies de vous parler.<\/p>\n\t\t\t<a href=\"https:\/\/enfantsdazur.com\/fr\/save-me-time\/aide-a-domicile\/\" target=\"_self\" role=\"button\" rel=\"noopener noreferrer\">\n\t\t\t\t\t\t\tAide \u00e0 Domicile\n\t\t\t\t\t<\/a>\n\t\t\t<a href=\"https:\/\/enfantsdazur.com\/fr\/save-me-time\/architectes-dinterieur\/\" target=\"_self\" role=\"button\" rel=\"noopener noreferrer\">\n\t\t\t\t\t\t\tDesigners Int\u00e9rieurs\n\t\t\t\t\t<\/a>\n\t\t\t<a href=\"https:\/\/enfantsdazur.com\/fr\/save-me-time\/transfers-aeroport\/\" target=\"_self\" role=\"button\" rel=\"noopener noreferrer\">\n\t\t\t\t\t\t\tTransfers A\u00e9roports\n\t\t\t\t\t<\/a>\n\t\t\t<a href=\"https:\/\/enfantsdazur.com\/fr\/save-me-time\/accompagnateurs-administratifs\/\" target=\"_self\" role=\"button\" rel=\"noopener noreferrer\">\n\t\t\t\t\t\t\tAccompagnateurs\n\t\t\t\t\t<\/a>\n\t\t\t<a href=\"\" target=\"_self\" role=\"button\" rel=\"noopener noreferrer\">\n\t\t\t\t\t\t\tBlanchisseries\n\t\t\t\t\t<\/a>\n\t\t\t<a href=\"https:\/\/enfantsdazur.com\/fr\/save-me-time\/chefs-prives\/\" target=\"_self\" role=\"button\" rel=\"noopener noreferrer\">\n\t\t\t\t\t\t\tChefs Priv\u00e9s\n\t\t\t\t\t<\/a>\n\t\t\t<a href=\"https:\/\/enfantsdazur.com\/fr\/translators\/\" target=\"_self\" role=\"button\" rel=\"noopener noreferrer\">\n\t\t\t\t\t\t\tTraducteurs\n\t\t\t\t\t<\/a>\n\t\t\t<a href=\"https:\/\/enfantsdazur.com\/fr\/save-me-time\/jardiniers\/\" target=\"_self\" role=\"button\" rel=\"noopener noreferrer\">\n\t\t\t\t\t\t\tJardiniers\n\t\t\t\t\t<\/a>\n\t\t\t<a href=\"https:\/\/enfantsdazur.com\/fr\/save-me-time\/associations\/\" target=\"_self\" role=\"button\" rel=\"noopener noreferrer\">\n\t\t\t\t\t\t\tAssociations\n\t\t\t\t\t<\/a>\n\t\t\t<a href=\"https:\/\/enfantsdazur.com\/fr\/save-me-time\/expert-en-relocalisation\/\" target=\"_self\" role=\"button\" rel=\"noopener noreferrer\">\n\t\t\t\t\t\t\tExperts D\u00e9m\u00e9nagements\n\t\t\t\t\t<\/a>\n\t\t\t<a href=\"https:\/\/enfantsdazur.com\/fr\/save-me-time\/pisciniste\/\" target=\"_self\" role=\"button\" rel=\"nofollow noopener noreferrer\">\n\t\t\t\t\t\t\tPiscinistes\n\t\t\t\t\t<\/a>\n\t\t\t<a href=\"https:\/\/enfantsdazur.com\/fr\/save-me-time\/specialistes-immobilier\/\" target=\"_self\" role=\"button\" rel=\"noopener noreferrer\">\n\t\t\t\t\t\t\tImmobilier\n\t\t\t\t\t<\/a>\n\t\t\t<a href=\"https:\/\/enfantsdazur.com\/fr\/save-me-time\/au-pair-nounou\/\" target=\"_self\" role=\"button\" rel=\"noopener noreferrer\">\n\t\t\t\t\t\t\tAu Pair &#038; Nounous\n\t\t\t\t\t<\/a>\n\t\t\t<a href=\"https:\/\/enfantsdazur.com\/fr\/save-me-time\/lawyers\/\" target=\"_self\" role=\"button\" rel=\"noopener noreferrer\">\n\t\t\t\t\t\t\tAvocats\n\t\t\t\t\t<\/a>\n\t\t\t<a href=\"https:\/\/enfantsdazur.com\/fr\/save-me-time\/oeuvres-caritatives\/\" target=\"_self\" role=\"button\" rel=\"noopener noreferrer\">\n\t\t\t\t\t\t\tOeuvres Caritatives\n\t\t\t\t\t<\/a>\n\t\t\t<a href=\"https:\/\/enfantsdazur.com\/fr\/save-me-time\/assistant-virtuel\/\" target=\"_self\" role=\"button\" rel=\"noopener noreferrer\">\n\t\t\t\t\t\t\tAssistant Virtuel\n\t\t\t\t\t<\/a>\n\t\t\t<a href=\"https:\/\/enfantsdazur.com\/fr\/save-me-time\/toiletteurs\/\" target=\"_self\" role=\"button\" rel=\"nofollow noopener noreferrer\">\n\t\t\t\t\t\t\tToiletteurs\n\t\t\t\t\t<\/a>\n\t\t\t<a href=\"\" target=\"_self\" role=\"button\" rel=\"noopener noreferrer\">\n\t\t\t\t\t\t\tConstruction\n\t\t\t\t\t<\/a>\n\t<h5>Sponsored Adverts<\/h5>\n\t\t\t\t<img loading=\"lazy\" decoding=\"async\" src=\"https:\/\/enfantsdazur.com\/wp-content\/uploads\/bb-plugin\/cache\/Snip20200428_4-square.png\" alt=\"LBS Tracey Lionetto\" itemprop=\"image\" height=\"500\" width=\"500\" title=\"LBS\" onerror=\"this.style.display='none'\"  \/>\n<h3><\/h3>\t\t\n\t<h5>\u00a0<strong>FEATURED LISTING<\/strong><\/h5>\n<p>LBS &#8211; your Paper Specialists In France<\/p>\n<p>Expert Relocation &amp; French Administration support\u00a0 in all things moving, living &amp; business in France:<\/p>\n<p>&#8211; Property Search &amp; Utilities<\/p>\n<p>&#8211; School applications<\/p>\n<p>&#8211; Business creation &amp; management<\/p>\n<p>&#8211; Healthcare &amp; Carte Vitale<\/p>\n<h6><\/h6>\n<h6><strong>Contact:\u00a0<\/strong>Tracey Lionetti<\/h6>\n<h6><strong>Tel:<\/strong>\u00a006 59 04 01 51<\/h6>\n<h6><strong>Email:\u00a0<\/strong><a href=\"mailto:relocation@lbsinfrance.com\">relocation@lbsinfrance.com<\/a><\/h6>\n<h6><strong>Facebook:\u00a0<\/strong>\/<a href=\"https:\/\/www.facebook.com\/LBSinFrance\/\" rel=\"nofollow noopener\" target=\"_blank\">LBSinFrance<\/a><\/h6>\n<h6><strong>Website:<\/strong>\u00a0<a href=\"http:\/\/www.lbsinfrance.com\/\" rel=\"nofollow noopener\" target=\"_blank\">www.lbsinfrance.com<\/a><\/h6>\n\t<h5>Sponsored Adverts<\/h5>\n\n","protected":false},"excerpt":{"rendered":"<p>Gagner du Temps Ci-dessous vous pouvez feuilleter nos annonces pour trouver des moyens de gagner du temps tels que des aides&hellip;<\/p>\n","protected":false},"author":1,"featured_media":0,"parent":0,"menu_order":0,"comment_status":"closed","ping_status":"closed","template":"","meta":{"footnotes":""},"class_list":["post-7493","page","type-page","status-publish","hentry"],"_links":{"self":[{"href":"https:\/\/enfantsdazur.com\/fr\/wp-json\/wp\/v2\/pages\/7493","targetHints":{"allow":["GET"]}}],"collection":[{"href":"https:\/\/enfantsdazur.com\/fr\/wp-json\/wp\/v2\/pages"}],"about":[{"href":"https:\/\/enfantsdazur.com\/fr\/wp-json\/wp\/v2\/types\/page"}],"author":[{"embeddable":true,"href":"https:\/\/enfantsdazur.com\/fr\/wp-json\/wp\/v2\/users\/1"}],"replies":[{"embeddable":true,"href":"https:\/\/enfantsdazur.com\/fr\/wp-json\/wp\/v2\/comments?post=7493"}],"version-history":[{"count":3,"href":"https:\/\/enfantsdazur.com\/fr\/wp-json\/wp\/v2\/pages\/7493\/revisions"}],"predecessor-version":[{"id":8244,"href":"https:\/\/enfantsdazur.com\/fr\/wp-json\/wp\/v2\/pages\/7493\/revisions\/8244"}],"wp:attachment":[{"href":"https:\/\/enfantsdazur.com\/fr\/wp-json\/wp\/v2\/media?parent=7493"}],"curies":[{"name":"wp","href":"https:\/\/api.w.org\/{rel}","templated":true}]}}