{"id":7497,"date":"2020-03-15T20:07:52","date_gmt":"2020-03-15T20:07:52","guid":{"rendered":"http:\/\/s961990797.websitehome.co.uk\/where-to-stay\/"},"modified":"2020-08-07T14:14:57","modified_gmt":"2020-08-07T14:14:57","slug":"where-to-stay","status":"publish","type":"page","link":"https:\/\/enfantsdazur.com\/fr\/where-to-stay\/","title":{"rendered":"Where to Stay"},"content":{"rendered":"\r\n\t<h2>Se Loger<\/h2>\r\n<p>Ci-dessous vous pouvez d\u00e9couvrir certains des nombreux lieux o\u00f9 vous pouvez vous loger sur la C\u00f4te d\u2019Azur. Les options pr\u00e9sent\u00e9es ici ont \u00e9t\u00e9 fournies par des h\u00e9bergeurs qui ont soulign\u00e9 qu\u2019ils sont adapt\u00e9s aux les familles. Nous ne sommes pas en mesure de v\u00e9rifier \u00e0 quel point ils sont adapt\u00e9s aux enfants, donc nous vous conseillons vivement de v\u00e9rifier avant de r\u00e9server.<\/p>\r\n\t\t\t<a href=\"https:\/\/enfantsdazur.com\/fr\/where-to-stay\/hotels\/\" target=\"_self\" role=\"button\" rel=\"noopener noreferrer\">\r\n\t\t\t\t\t\t\t H\u00f4tels \r\n\t\t\t\t\t<\/a>\r\n\t\t\t<a href=\"https:\/\/enfantsdazur.com\/fr\/where-to-stay\/locations-de-vacances\/\" target=\"_self\" role=\"button\" rel=\"nofollow noopener noreferrer\">\r\n\t\t\t\t\t\t\tLocations de Vacances\r\n\t\t\t\t\t<\/a>\r\n\t\t\t<a href=\"https:\/\/enfantsdazur.com\/fr\/where-to-stay\/camping\/\" target=\"_self\" role=\"button\" rel=\"noopener noreferrer\">\r\n\t\t\t\t\t\t\tCampings\r\n\t\t\t\t\t<\/a>\r\n\t\t\t<a href=\"https:\/\/enfantsdazur.com\/fr\/where-to-stay\/gites\/\" target=\"_self\" role=\"button\" rel=\"noopener noreferrer\">\r\n\t\t\t\t\t\t\tGites\r\n\t\t\t\t\t<\/a>\r\n\t<h5>Sponsored Adverts<\/h5>\r\n\t\t\t\t<img loading=\"lazy\" decoding=\"async\" src=\"https:\/\/enfantsdazur.com\/wp-content\/uploads\/bb-plugin\/cache\/cropped-enfants-logo-final-1-300x300-square.jpg\" alt=\"Enfants D'Azur Logo\" itemprop=\"image\" height=\"300\" width=\"300\" title=\"cropped-enfants-logo-final-1.jpg\" onerror=\"this.style.display='none'\"  \/>\r\n<h3><\/h3>\t\t\r\n\t<ul>\r\n<li>\r\n<h5>Get your business a\u00a0<strong>Featured Listing!<\/strong><\/h5>\r\n<\/li>\r\n<li>\r\n<h5>Be seen first by potential clients!<\/h5>\r\n<\/li>\r\n<li>\r\n<h5>Get Found!<\/h5>\r\n<\/li>\r\n<\/ul>\r\n<h6><\/h6>\r\n<h6><strong>Contact:\u00a0<\/strong>Holly Grattan<\/h6>\r\n<h6><strong>Tel:<\/strong>\u00a007 60 03 83 55<\/h6>\r\n<h6><strong>Email:<\/strong>\u00a0hollyenfantsdazur.com<\/h6>\r\n<h6><strong>Facebook:\u00a0<\/strong><a href=\"https:\/\/www.facebook.com\/enfantsdazur\" target=\"_blank\" rel=\"noopener noreferrer nofollow\" data-content=\"https:\/\/www.facebook.com\/enfantsdazur\" data-type=\"external\">\/enfantsdazur<\/a><\/h6>\r\n<h6><strong>Website:<\/strong>\u00a0<a href=\"https:\/\/enfantsdazur.com\/\" target=\"_blank\" rel=\"noopener noreferrer\" data-content=\"https:\/\/enfantsdazur.com\" data-type=\"external\">www.enfantsdazur.com<\/a><\/h6>\r\n\t<h5>Sponsored Adverts<\/h5>\r\n","protected":false},"excerpt":{"rendered":"<p>Se Loger Ci-dessous vous pouvez d\u00e9couvrir certains des nombreux lieux o\u00f9 vous pouvez vous loger sur la C\u00f4te d\u2019Azur. Les options&hellip;<\/p>\n","protected":false},"author":1,"featured_media":0,"parent":0,"menu_order":0,"comment_status":"closed","ping_status":"closed","template":"","meta":{"footnotes":""},"class_list":["post-7497","page","type-page","status-publish","hentry"],"_links":{"self":[{"href":"https:\/\/enfantsdazur.com\/fr\/wp-json\/wp\/v2\/pages\/7497","targetHints":{"allow":["GET"]}}],"collection":[{"href":"https:\/\/enfantsdazur.com\/fr\/wp-json\/wp\/v2\/pages"}],"about":[{"href":"https:\/\/enfantsdazur.com\/fr\/wp-json\/wp\/v2\/types\/page"}],"author":[{"embeddable":true,"href":"https:\/\/enfantsdazur.com\/fr\/wp-json\/wp\/v2\/users\/1"}],"replies":[{"embeddable":true,"href":"https:\/\/enfantsdazur.com\/fr\/wp-json\/wp\/v2\/comments?post=7497"}],"version-history":[{"count":0,"href":"https:\/\/enfantsdazur.com\/fr\/wp-json\/wp\/v2\/pages\/7497\/revisions"}],"wp:attachment":[{"href":"https:\/\/enfantsdazur.com\/fr\/wp-json\/wp\/v2\/media?parent=7497"}],"curies":[{"name":"wp","href":"https:\/\/api.w.org\/{rel}","templated":true}]}}