{"id":7507,"date":"2018-03-09T22:49:07","date_gmt":"2018-03-09T22:49:07","guid":{"rendered":"http:\/\/s961990797.websitehome.co.uk\/things-to-do\/sports-fitness\/"},"modified":"2021-03-10T08:54:50","modified_gmt":"2021-03-10T08:54:50","slug":"sports-fitness","status":"publish","type":"page","link":"https:\/\/enfantsdazur.com\/fr\/things-to-do\/sports-fitness\/","title":{"rendered":"Sports &#038; Fitness"},"content":{"rendered":"\n\n\t<h3><strong>Sports &amp; Fitness<\/strong><\/h3>\n<p>Nous listons ici les r\u00e9sultats de notre annuaire des activit\u00e9s sportives et de remise en forme pour les familles sur la C\u00f4te d&rsquo;Azur. Vous trouverez des programmes d&rsquo;activit\u00e9s sportives et de remise en forme pour les enfants. Les enfants sont naturellement enclins \u00e0 courir, sauter, grimper et bouger. Les sports d&rsquo;\u00e9quipe peuvent stimuler l&rsquo;estime de soi, la coordination et la forme physique g\u00e9n\u00e9rale des enfants, et les aider \u00e0 apprendre \u00e0 travailler avec d&rsquo;autres enfants et adultes. Si vous \u00eates une personne sportive qui aime le football, le golf, le rugby, le karat\u00e9, la natation, le handball, le water-polo ou tout autre sport, voici les listes pour vous.<\/p>\n\t\t\t<a href=\"https:\/\/enfantsdazur.com\/things-to-do\/sports-fitness\/tennis\/\" target=\"_self\" role=\"button\" rel=\"noopener noreferrer\">\n\t\t\t\t\t\t\tTennis\n\t\t\t\t\t<\/a>\n\t\t\t<a href=\"https:\/\/enfantsdazur.com\/things-to-do\/sports-fitness\/karate\/\" target=\"_self\" role=\"button\" rel=\"noopener noreferrer\">\n\t\t\t\t\t\t\tKarate\n\t\t\t\t\t<\/a>\n\t\t\t<a href=\"https:\/\/enfantsdazur.com\/things-to-do\/sports-fitness\/rugby\/\" target=\"_self\" role=\"button\" rel=\"noopener noreferrer\">\n\t\t\t\t\t\t\tRugby\n\t\t\t\t\t<\/a>\n\t\t\t<a href=\"https:\/\/enfantsdazur.com\/fr\/things-to-do\/dance\/\" target=\"_self\" role=\"button\" rel=\"noopener noreferrer\">\n\t\t\t\t\t\t\tDanse\n\t\t\t\t\t<\/a>\n\t\t\t<a href=\"https:\/\/enfantsdazur.com\/fr\/things-to-do\/sports-fitness\/natation\/\" target=\"_self\" role=\"button\" rel=\"noopener noreferrer\">\n\t\t\t\t\t\t\tNatation\n\t\t\t\t\t<\/a>\n\t\t\t<a href=\"https:\/\/enfantsdazur.com\/things-to-do\/sports-fitness\/handball\/\" target=\"_self\" role=\"button\" rel=\"noopener noreferrer\">\n\t\t\t\t\t\t\tHandball\n\t\t\t\t\t<\/a>\n\t\t\t<a href=\"https:\/\/enfantsdazur.com\/things-to-do\/sports-fitness\/football\/\" target=\"_self\" role=\"button\" rel=\"noopener noreferrer\">\n\t\t\t\t\t\t\tFootball\n\t\t\t\t\t<\/a>\n\t\t\t<a href=\"https:\/\/enfantsdazur.com\/things-to-do\/horseriding\/\" target=\"_self\" role=\"button\" rel=\"noopener noreferrer\">\n\t\t\t\t\t\t\t\u00c9quitation\n\t\t\t\t\t<\/a>\n\t\t\t<a href=\"https:\/\/enfantsdazur.com\/things-to-do\/sports-fitness\/golf\/\" target=\"_self\" role=\"button\" rel=\"noopener noreferrer\">\n\t\t\t\t\t\t\tGolf\n\t\t\t\t\t<\/a>\n\t\t\t<a href=\"https:\/\/enfantsdazur.com\/things-to-do\/sports-fitness\/waterpolo\/\" target=\"_self\" role=\"button\" rel=\"noopener noreferrer\">\n\t\t\t\t\t\t\tWater Polo\n\t\t\t\t\t<\/a>\n\t\t\t<a href=\"https:\/\/enfantsdazur.com\/things-to-do\/gymnastics\/\" target=\"_self\" role=\"button\" rel=\"noopener noreferrer\">\n\t\t\t\t\t\t\tGymnastique\n\t\t\t\t\t<\/a>\n\t<h3>Main Sponsor<\/h3>\n\t<h5>Sponsored Adverts<\/h5>\n\n","protected":false},"excerpt":{"rendered":"<p>Sports &amp; Fitness Nous listons ici les r\u00e9sultats de notre annuaire des activit\u00e9s sportives et de remise en forme pour les&hellip;<\/p>\n","protected":false},"author":1,"featured_media":0,"parent":7484,"menu_order":0,"comment_status":"closed","ping_status":"closed","template":"","meta":{"footnotes":""},"class_list":["post-7507","page","type-page","status-publish","hentry"],"_links":{"self":[{"href":"https:\/\/enfantsdazur.com\/fr\/wp-json\/wp\/v2\/pages\/7507","targetHints":{"allow":["GET"]}}],"collection":[{"href":"https:\/\/enfantsdazur.com\/fr\/wp-json\/wp\/v2\/pages"}],"about":[{"href":"https:\/\/enfantsdazur.com\/fr\/wp-json\/wp\/v2\/types\/page"}],"author":[{"embeddable":true,"href":"https:\/\/enfantsdazur.com\/fr\/wp-json\/wp\/v2\/users\/1"}],"replies":[{"embeddable":true,"href":"https:\/\/enfantsdazur.com\/fr\/wp-json\/wp\/v2\/comments?post=7507"}],"version-history":[{"count":0,"href":"https:\/\/enfantsdazur.com\/fr\/wp-json\/wp\/v2\/pages\/7507\/revisions"}],"up":[{"embeddable":true,"href":"https:\/\/enfantsdazur.com\/fr\/wp-json\/wp\/v2\/pages\/7484"}],"wp:attachment":[{"href":"https:\/\/enfantsdazur.com\/fr\/wp-json\/wp\/v2\/media?parent=7507"}],"curies":[{"name":"wp","href":"https:\/\/api.w.org\/{rel}","templated":true}]}}