{"id":7521,"date":"2017-12-06T20:52:39","date_gmt":"2017-12-06T20:52:39","guid":{"rendered":"http:\/\/s961990797.websitehome.co.uk\/directory\/"},"modified":"2021-03-10T08:28:17","modified_gmt":"2021-03-10T08:28:17","slug":"directory","status":"publish","type":"page","link":"https:\/\/enfantsdazur.com\/fr\/directory\/","title":{"rendered":"Directory"},"content":{"rendered":"\n\n\t\t\t\t<a href=\"https:\/\/enfantsdazur.com\/fr\/magazine\/\" target=\"_self\" itemprop=\"url\" rel=\"noopener noreferrer\">\n\t\t\t\t<img loading=\"lazy\" decoding=\"async\" src=\"https:\/\/enfantsdazur.com\/wp-content\/uploads\/2021\/03\/9.png\" alt=\"French banner EDZ magazine\" itemprop=\"image\" height=\"150\" width=\"548\" title=\"9\" onerror=\"this.style.display='none'\"  \/>\n\t\t\t\t<\/a>\n\t\t\t\t<a href=\"https:\/\/enfantsdazur.com\/magazine\/\" target=\"_self\" itemprop=\"url\" rel=\"noopener noreferrer\">\n\t\t\t\t<img loading=\"lazy\" decoding=\"async\" src=\"https:\/\/enfantsdazur.com\/wp-content\/uploads\/2021\/03\/8.png\" alt=\"issue 5 EDZ Magazine\" itemprop=\"image\" height=\"150\" width=\"548\" title=\"8\" onerror=\"this.style.display='none'\"  \/>\n\t\t\t\t<\/a>\n\t<h1><strong>Explorer l&rsquo;Annuaire\u00a0<\/strong><\/h1>\n<p>Annuaire local d&rsquo;informations, activit\u00e9s et services pour enfants et familles sur la C\u00f4te d&rsquo;Azur ainsi que pour touristes visitant la r\u00e9gion avec des enfants. Nous avons de nombreuses informations r\u00e9guli\u00e8rement mises \u00e0 jour pour les familles et touristes visitant la C\u00f4te d&rsquo;Azur qui recherchent des activit\u00e9s, informations et services. Nous avons des suggestions de choses \u00e0 faire avec les enfants, d&rsquo;\u00e9ducation et de garde ainsi que des organisateurs de f\u00eates et des fournisseurs pour vos \u00e9v\u00e8nements sp\u00e9ciaux. Nous compilons aussi des services de Sant\u00e9 et Bien-Etre pour les parents, ainsi que les lieux o\u00f9 acheter tout ce dont vous aurez besoin pour vos enfants ou m\u00eame o\u00f9 trouver des produits de luxe. Nous vous donnons des moyens de gagner du temps et de trouver de l&rsquo;aide sur la C\u00f4te d&rsquo;Azur. Nous n&rsquo;avons pas pu nous emp\u00eacher de chercher les meilleurs restaurants familiaux, ainsi que les moyens de transports sur la C\u00f4te d&rsquo;Azur.<\/p>\n\t\t\t\t<a href=\"https:\/\/enfantsdazur.com\/things-to-do\/\" target=\"_self\" itemprop=\"url\" rel=\"noopener noreferrer\">\n\t\t\t\t<img loading=\"lazy\" decoding=\"async\" src=\"https:\/\/enfantsdazur.com\/wp-content\/uploads\/2017\/12\/activiteis-1-300x192.jpeg\" alt=\"activiteis\" itemprop=\"image\" height=\"192\" width=\"300\" title=\"activiteis\" onerror=\"this.style.display='none'\"  \/>\n\t\t\t\t<\/a>\n\t\t\t<a href=\"https:\/\/enfantsdazur.com\/fr\/things-to-do\/\" target=\"_self\" role=\"button\" rel=\"noopener noreferrer\">\n\t\t\t\t\t\t\tChoses \u00e0 Faire\n\t\t\t\t\t<\/a>\n\t\t\t\t<a href=\"https:\/\/enfantsdazur.com\/health-wellbeing\/\" target=\"_self\" itemprop=\"url\" rel=\"noopener noreferrer\">\n\t\t\t\t<img loading=\"lazy\" decoding=\"async\" src=\"https:\/\/enfantsdazur.com\/wp-content\/uploads\/2017\/12\/woman-pregnant-pier-belly-54634-300x200.jpeg\" alt=\"woman-pregnant-pier-belly-54634\" itemprop=\"image\" height=\"200\" width=\"300\" title=\"woman-pregnant-pier-belly-54634\" onerror=\"this.style.display='none'\"  \/>\n\t\t\t\t<\/a>\n\t\t\t<a href=\"https:\/\/enfantsdazur.com\/fr\/health-wellbeing\/\" target=\"_self\" role=\"button\" rel=\"noopener noreferrer\">\n\t\t\t\t\t\t\tSant\u00e9 &#038; Bien-\u00catre\n\t\t\t\t\t<\/a>\n\t\t\t\t<a href=\"https:\/\/enfantsdazur.com\/dine-out\/\" target=\"_self\" itemprop=\"url\" rel=\"noopener noreferrer\">\n\t\t\t\t<img loading=\"lazy\" decoding=\"async\" src=\"https:\/\/enfantsdazur.com\/wp-content\/uploads\/2020\/03\/burger-with-lettuce-and-tomato-3864682-300x200.jpg\" alt=\"Dine Out\" itemprop=\"image\" height=\"200\" width=\"300\" title=\"Dine Out\" onerror=\"this.style.display='none'\"  \/>\n\t\t\t\t<\/a>\n\t\t\t<a href=\"https:\/\/enfantsdazur.com\/fr\/dine-out\/\" target=\"_self\" role=\"button\" rel=\"noopener noreferrer\">\n\t\t\t\t\t\t\tManger \u00e0 l&rsquo;Ext\u00e9rieur\n\t\t\t\t\t<\/a>\n\t\t\t\t<a href=\"https:\/\/enfantsdazur.com\/education-childcare\/\" target=\"_self\" itemprop=\"url\" rel=\"noopener noreferrer\">\n\t\t\t\t<img loading=\"lazy\" decoding=\"async\" src=\"https:\/\/enfantsdazur.com\/wp-content\/uploads\/2017\/12\/pexels-photo-261895-300x199.jpeg\" alt=\"pexels-photo-261895\" itemprop=\"image\" height=\"199\" width=\"300\" title=\"pexels-photo-261895\" onerror=\"this.style.display='none'\"  \/>\n\t\t\t\t<\/a>\n\t\t\t<a href=\"https:\/\/enfantsdazur.com\/fr\/education-childcare\/\" target=\"_self\" role=\"button\" rel=\"noopener noreferrer\">\n\t\t\t\t\t\t\t\u00c9ducation &#038; Garde\n\t\t\t\t\t<\/a>\n\t\t\t\t<a href=\"https:\/\/enfantsdazur.com\/shopping\/\" target=\"_self\" itemprop=\"url\" rel=\"noopener noreferrer\">\n\t\t\t\t<img loading=\"lazy\" decoding=\"async\" src=\"https:\/\/enfantsdazur.com\/wp-content\/uploads\/2017\/12\/shopping-300x200.jpeg\" alt=\"Closeup of woman holding shopping bags with copy space\" itemprop=\"image\" height=\"200\" width=\"300\" title=\"Closeup of woman holding shopping bags with copy space\" onerror=\"this.style.display='none'\"  \/>\n\t\t\t\t<\/a>\n\t\t\t<a href=\"https:\/\/enfantsdazur.com\/fr\/shopping\/\" target=\"_self\" role=\"button\" rel=\"noopener noreferrer\">\n\t\t\t\t\t\t\tShopping\n\t\t\t\t\t<\/a>\n\t\t\t\t<a href=\"https:\/\/enfantsdazur.com\/where-to-stay\/\" target=\"_self\" itemprop=\"url\" rel=\"noopener noreferrer\">\n\t\t\t\t<img loading=\"lazy\" decoding=\"async\" src=\"https:\/\/enfantsdazur.com\/wp-content\/uploads\/2020\/06\/Snip20200315_92-square-300x300.jpg\" alt=\"Where to Stay\" itemprop=\"image\" height=\"300\" width=\"300\" title=\"Where to Stay\" onerror=\"this.style.display='none'\"  \/>\n\t\t\t\t<\/a>\n\t\t\t<a href=\"https:\/\/enfantsdazur.com\/fr\/where-to-stay\/\" target=\"_self\" role=\"button\" rel=\"noopener noreferrer\">\n\t\t\t\t\t\t\tSe Loger\n\t\t\t\t\t<\/a>\n\t\t\t\t<a href=\"https:\/\/enfantsdazur.com\/parties\/\" target=\"_self\" itemprop=\"url\" rel=\"noopener noreferrer\">\n\t\t\t\t<img loading=\"lazy\" decoding=\"async\" src=\"https:\/\/enfantsdazur.com\/wp-content\/uploads\/2017\/12\/party-300x200.jpeg\" alt=\"party\" itemprop=\"image\" height=\"200\" width=\"300\" title=\"party\" onerror=\"this.style.display='none'\"  \/>\n\t\t\t\t<\/a>\n\t\t\t<a href=\"https:\/\/enfantsdazur.com\/fr\/parties\/\" target=\"_self\" role=\"button\" rel=\"noopener noreferrer\">\n\t\t\t\t\t\t\tF\u00eates\n\t\t\t\t\t<\/a>\n\t\t\t\t<a href=\"https:\/\/enfantsdazur.com\/save-me-time\/\" target=\"_self\" itemprop=\"url\" rel=\"noopener noreferrer\">\n\t\t\t\t<img loading=\"lazy\" decoding=\"async\" src=\"https:\/\/enfantsdazur.com\/wp-content\/uploads\/2017\/12\/pexels-photo-280248-300x199.jpeg\" alt=\"pexels-photo-280248\" itemprop=\"image\" height=\"199\" width=\"300\" title=\"pexels-photo-280248\" onerror=\"this.style.display='none'\"  \/>\n\t\t\t\t<\/a>\n\t\t\t<a href=\"https:\/\/enfantsdazur.com\/fr\/save-me-time\/\" target=\"_self\" role=\"button\" rel=\"noopener noreferrer\">\n\t\t\t\t\t\t\tGagner du Temps\n\t\t\t\t\t<\/a>\n\t\t\t\t<a href=\"https:\/\/enfantsdazur.com\/getting-around\/\" target=\"_self\" itemprop=\"url\" rel=\"noopener noreferrer\">\n\t\t\t\t<img loading=\"lazy\" decoding=\"async\" src=\"https:\/\/enfantsdazur.com\/wp-content\/uploads\/2020\/06\/Snip20200315_93-square-300x300.jpg\" alt=\"Getting Around\" itemprop=\"image\" height=\"300\" width=\"300\" title=\"Getting Around\" onerror=\"this.style.display='none'\"  \/>\n\t\t\t\t<\/a>\n\t\t\t<a href=\"https:\/\/enfantsdazur.com\/fr\/getting-around\/\" target=\"_self\" role=\"button\" rel=\"noopener noreferrer\">\n\t\t\t\t\t\t\tTransports\n\t\t\t\t\t<\/a>\n\t<h5>Sponsored Adverts<\/h5>\n\t<p>Sponsored Adverts<\/p>\n\t\n\t<meta itemprop=\"url\" content=\"https:\/\/enfantsdazur.com\/wp-content\/uploads\/2020\/07\/spreadsA.mp4\" \/><div style=\"width: 640px;\" class=\"wp-video\"><!--[if lt IE 9]><script>document.createElement('video');<\/script><![endif]-->\n<video muted class=\"wp-video-shortcode\" id=\"video-7521-1\" width=\"640\" height=\"360\" loop=\"1\" autoplay=\"1\" preload=\"metadata\" controls=\"controls\"><source type=\"video\/mp4\" src=\"https:\/\/enfantsdazur.com\/wp-content\/uploads\/2020\/07\/spreadsA.mp4?_=1\" \/><a href=\"https:\/\/enfantsdazur.com\/wp-content\/uploads\/2020\/07\/spreadsA.mp4\">https:\/\/enfantsdazur.com\/wp-content\/uploads\/2020\/07\/spreadsA.mp4<\/a><\/video><\/div>\n\t<h6><a href=\"https:\/\/enfantsdazur.com\/https-enfantsdazur-com-enfants-dazur-magazine\/\">Enfants D&rsquo;Azur Magazine<\/a><\/h6>\n\t<meta itemprop=\"url\" content=\"https:\/\/enfantsdazur.com\/wp-content\/uploads\/2020\/05\/Naughty-Nice.mp4\" \/><div style=\"width: 640px;\" class=\"wp-video\"><video muted class=\"wp-video-shortcode\" id=\"video-7521-2\" width=\"640\" height=\"360\" loop=\"1\" autoplay=\"1\" preload=\"metadata\" controls=\"controls\"><source type=\"video\/mp4\" src=\"https:\/\/enfantsdazur.com\/wp-content\/uploads\/2020\/05\/Naughty-Nice.mp4?_=2\" \/><source type=\"video\/mp4\" src=\"https:\/\/enfantsdazur.com\/wp-content\/uploads\/2020\/05\/Naughty-Nice.mp4?_=2\" \/><a href=\"https:\/\/enfantsdazur.com\/wp-content\/uploads\/2020\/05\/Naughty-Nice.mp4\">https:\/\/enfantsdazur.com\/wp-content\/uploads\/2020\/05\/Naughty-Nice.mp4<\/a><\/video><\/div>\n\t<h6>Naughty &amp; Nice Juice<\/h6>\n\n","protected":false},"excerpt":{"rendered":"<p>Explorer l&rsquo;Annuaire\u00a0 Annuaire local d&rsquo;informations, activit\u00e9s et services pour enfants et familles sur la C\u00f4te d&rsquo;Azur ainsi que pour touristes visitant&hellip;<\/p>\n","protected":false},"author":1,"featured_media":0,"parent":0,"menu_order":0,"comment_status":"closed","ping_status":"closed","template":"","meta":{"footnotes":""},"class_list":["post-7521","page","type-page","status-publish","hentry"],"_links":{"self":[{"href":"https:\/\/enfantsdazur.com\/fr\/wp-json\/wp\/v2\/pages\/7521","targetHints":{"allow":["GET"]}}],"collection":[{"href":"https:\/\/enfantsdazur.com\/fr\/wp-json\/wp\/v2\/pages"}],"about":[{"href":"https:\/\/enfantsdazur.com\/fr\/wp-json\/wp\/v2\/types\/page"}],"author":[{"embeddable":true,"href":"https:\/\/enfantsdazur.com\/fr\/wp-json\/wp\/v2\/users\/1"}],"replies":[{"embeddable":true,"href":"https:\/\/enfantsdazur.com\/fr\/wp-json\/wp\/v2\/comments?post=7521"}],"version-history":[{"count":20,"href":"https:\/\/enfantsdazur.com\/fr\/wp-json\/wp\/v2\/pages\/7521\/revisions"}],"predecessor-version":[{"id":9578,"href":"https:\/\/enfantsdazur.com\/fr\/wp-json\/wp\/v2\/pages\/7521\/revisions\/9578"}],"wp:attachment":[{"href":"https:\/\/enfantsdazur.com\/fr\/wp-json\/wp\/v2\/media?parent=7521"}],"curies":[{"name":"wp","href":"https:\/\/api.w.org\/{rel}","templated":true}]}}