{"id":7663,"date":"2017-12-05T23:07:59","date_gmt":"2017-12-05T23:07:59","guid":{"rendered":"http:\/\/s961990797.websitehome.co.uk\/health-wellbeing\/"},"modified":"2020-08-07T14:04:46","modified_gmt":"2020-08-07T14:04:46","slug":"health-wellbeing","status":"publish","type":"page","link":"https:\/\/enfantsdazur.com\/fr\/health-wellbeing\/","title":{"rendered":"Health &#038; Wellbeing"},"content":{"rendered":"<h2><strong>Sant\u00e9 &amp; Bien-\u00catre<\/strong><\/h2>\r\n<p>Cette partie se concentre plus sur le sujet de la sant\u00e9 et du bien-\u00eatre pour les parents. Il y a des sous-parties sur la nutrition, des cours de cuisine, des cours pr\u00e9 et post-partum, des activit\u00e9s, des coachs sp\u00e9cialis\u00e9s et des cours de fitness. Vous y trouverez aussi des num\u00e9ros utiles, des groupes de soutien et une cat\u00e9gorie \u00ab\u00a0Pour Vous\u00a0\u00bb ou vous pourrez feuilleter des produits et services qui vous permettront de prendre soin de vous et de prendre un peu de repos.<\/p>\r\n\t\t\t<a href=\"https:\/\/enfantsdazur.com\/fr\/health-wellbeing\/nutrition\/\" target=\"_self\" role=\"button\" rel=\"noopener noreferrer\">\r\n\t\t\t\t\t\t\tNutrition\r\n\t\t\t\t\t<\/a>\r\n\t\t\t<a href=\"\/?page_id=277\" target=\"_self\" role=\"button\" rel=\"noopener noreferrer\">\r\n\t\t\t\t\t\t\tPre &#038; Post Natal\r\n\t\t\t\t\t<\/a>\r\n\t\t\t<a href=\"https:\/\/enfantsdazur.com\/personal-trainers\/\" target=\"_self\" role=\"button\" rel=\"noopener noreferrer\">\r\n\t\t\t\t\t\t\tEntraineurs Personnels\r\n\t\t\t\t\t<\/a>\r\n\t\t\t<a href=\"\/?page_id=6390\" target=\"_self\" role=\"button\" rel=\"nofollow noopener noreferrer\">\r\n\t\t\t\t\t\t\tCoaching\r\n\t\t\t\t\t<\/a>\r\n\t\t\t<a href=\"\/?page_id=273\" target=\"_self\" role=\"button\" rel=\"noopener noreferrer\">\r\n\t\t\t\t\t\t\tCours de Cuisine\r\n\t\t\t\t\t<\/a>\r\n\t\t\t<a href=\"\/?page_id=279\" target=\"_self\" role=\"button\" rel=\"noopener noreferrer\">\r\n\t\t\t\t\t\t\tNum\u00e9ros Utiles\r\n\t\t\t\t\t<\/a>\r\n\t\t\t<a href=\"\/?page_id=3890\" target=\"_self\" role=\"button\" rel=\"noopener noreferrer\">\r\n\t\t\t\t\t\t\tYoga \/ Pilates\r\n\t\t\t\t\t<\/a>\r\n\t\t\t<a href=\"\/?page_id=6392\" target=\"_self\" role=\"button\" rel=\"nofollow noopener noreferrer\">\r\n\t\t\t\t\t\t\tCours de Fitness \r\n\t\t\t\t\t<\/a>\r\n\t\t\t<a href=\"\/?page_id=275\" target=\"_self\" role=\"button\" rel=\"noopener noreferrer\">\r\n\t\t\t\t\t\t\tTemps pour Moi\r\n\t\t\t\t\t<\/a>\r\n\t\t\t<a href=\"\/?page_id=281\" target=\"_self\" role=\"button\" rel=\"noopener noreferrer\">\r\n\t\t\t\t\t\t\tGroupes de Soutien\r\n\t\t\t\t\t<\/a>\r\n\t\t\t<a href=\"\/?page_id=3869\" target=\"_self\" role=\"button\" rel=\"noopener noreferrer\">\r\n\t\t\t\t\t\t\tHypnoth\u00e9rapie\r\n\t\t\t\t\t<\/a>\r\n\t<h3>Main Sponsor<\/h3>\r\n\t<h5>Publicit\u00e9s Sponsoris\u00e9es<\/h5>","protected":false},"excerpt":{"rendered":"<p>Sant\u00e9 &amp; Bien-\u00catre Cette partie se concentre plus sur le sujet de la sant\u00e9 et du bien-\u00eatre pour les parents. Il&hellip;<\/p>\n","protected":false},"author":1,"featured_media":0,"parent":0,"menu_order":0,"comment_status":"closed","ping_status":"closed","template":"","meta":{"footnotes":""},"class_list":["post-7663","page","type-page","status-publish","hentry"],"_links":{"self":[{"href":"https:\/\/enfantsdazur.com\/fr\/wp-json\/wp\/v2\/pages\/7663","targetHints":{"allow":["GET"]}}],"collection":[{"href":"https:\/\/enfantsdazur.com\/fr\/wp-json\/wp\/v2\/pages"}],"about":[{"href":"https:\/\/enfantsdazur.com\/fr\/wp-json\/wp\/v2\/types\/page"}],"author":[{"embeddable":true,"href":"https:\/\/enfantsdazur.com\/fr\/wp-json\/wp\/v2\/users\/1"}],"replies":[{"embeddable":true,"href":"https:\/\/enfantsdazur.com\/fr\/wp-json\/wp\/v2\/comments?post=7663"}],"version-history":[{"count":0,"href":"https:\/\/enfantsdazur.com\/fr\/wp-json\/wp\/v2\/pages\/7663\/revisions"}],"wp:attachment":[{"href":"https:\/\/enfantsdazur.com\/fr\/wp-json\/wp\/v2\/media?parent=7663"}],"curies":[{"name":"wp","href":"https:\/\/api.w.org\/{rel}","templated":true}]}}