{"id":7673,"date":"2018-03-09T22:55:15","date_gmt":"2018-03-09T22:55:15","guid":{"rendered":"http:\/\/s961990797.websitehome.co.uk\/things-to-do\/sports-fitness\/golf\/"},"modified":"2020-09-07T14:41:42","modified_gmt":"2020-09-07T14:41:42","slug":"golf","status":"publish","type":"page","link":"https:\/\/enfantsdazur.com\/fr\/things-to-do\/sports-fitness\/golf\/","title":{"rendered":"Golf"},"content":{"rendered":"<h2>\n\t\t<a href=\"https:\/\/enfantsdazur.com\/things-to-do\/sports-fitness\/golf\/\" title=\"Golf\" target=\"_self\" rel=\"noopener noreferrer\">\n\t\tGolf\n\t\t<\/a>\n\t<\/h2>\n\t<p>\n\n\n<div id=\"wpv-view-layout-7677\" class=\"js-wpv-view-layout js-wpv-layout-responsive js-wpv-view-layout-7677\" data-viewnumber=\"7677\" data-pagination=\"{&quot;id&quot;:7677,&quot;query&quot;:&quot;normal&quot;,&quot;type&quot;:&quot;disabled&quot;,&quot;effect&quot;:&quot;fade&quot;,&quot;duration&quot;:500,&quot;speed&quot;:5,&quot;pause_on_hover&quot;:&quot;disabled&quot;,&quot;stop_rollover&quot;:&quot;false&quot;,&quot;cache_pages&quot;:&quot;enabled&quot;,&quot;preload_images&quot;:&quot;enabled&quot;,&quot;preload_pages&quot;:&quot;enabled&quot;,&quot;preload_reach&quot;:1,&quot;spinner&quot;:&quot;builtin&quot;,&quot;spinner_image&quot;:&quot;https:\/\/enfantsdazur.com\/wp-content\/plugins\/wp-views\/embedded\/res\/img\/ajax-loader.gif&quot;,&quot;callback_next&quot;:&quot;&quot;,&quot;manage_history&quot;:&quot;enabled&quot;,&quot;has_controls_in_form&quot;:&quot;disabled&quot;,&quot;infinite_tolerance&quot;:&quot;0&quot;,&quot;max_pages&quot;:0,&quot;page&quot;:1,&quot;base_permalink&quot;:&quot;\/fr\/wp-json\/wp\/v2\/pages\/7673?wpv_view_count=7677&amp;wpv_paged=WPV_PAGE_NUM&quot;,&quot;loop&quot;:{&quot;type&quot;:&quot;&quot;,&quot;name&quot;:&quot;&quot;,&quot;data&quot;:[],&quot;id&quot;:0}}\" data-permalink=\"\/fr\/wp-json\/wp\/v2\/pages\/7673?wpv_view_count=7677\">\n\n\t\n\t\n\t\n\t\t<div class=\"container\">\n  <section id=\"image\">\n  \t<div class=\"logo-border\"><img decoding=\"async\" src=\"https:\/\/enfantsdazur.com\/wp-content\/uploads\/2020\/09\/pexels-pixabay-274262.jpg\" \/><\/div>\n  <\/section>\n  <aside id=\"listing\">\n\t\t<div class=\"titles\"><strong>Company Name:<\/strong><\/div> <a href=\"https:\/\/enfantsdazur.com\/fr\/business-listing\/royal-mougins-golf-resort\/\">Royal Mougins Golf Resort<\/a>\n\t\t<br>\n\t\t<div id= \"text-color\"><strong>Locations:<\/strong><\/div> \n\t\t<br>\n    \t<div id= \"text-color\"><strong>Ages:<\/strong><\/div> 10+\n    \t<br>\n    \t<br>\n\t\t<div id= \"text-color\"><strong>Description:<\/strong><\/div> <p>Profitez d'une partie de golf dans ce Golf 4 \u00e9toiles, id\u00e9alement situ\u00e9 dans Mougins.<\/p>\n <a href= \"https:\/\/enfantsdazur.com\/fr\/business-listing\/royal-mougins-golf-resort\/\"> read more&#8230; <\/a> \n\t<br>\n    <br>\n\t<a href= \"https:\/\/enfantsdazur.com\/fr\/business-listing\/royal-mougins-golf-resort\/\"> Click here for full listing details\u2026 <\/a>\n   <\/aside> \n<\/div>\n<hr>\n\t\n\t\n\t\n\t\n<\/div>\nOn the Cote D&rsquo;Azur there is an amazing array of fun\u00a0golfing activities\u00a0to cater for every age and taste. If you enjoy a round of golf, want to experience the best golf\u00a0courses the riviera has to offer or just want to visit a driving range you have come to the right place. Here you will find our Golf listings.<\/p>\n","protected":false},"excerpt":{"rendered":"<p>Golf On the Cote D&rsquo;Azur there is an amazing array of fun\u00a0golfing activities\u00a0to cater for every age and taste. If you&hellip;<\/p>\n","protected":false},"author":1,"featured_media":0,"parent":7507,"menu_order":0,"comment_status":"closed","ping_status":"closed","template":"","meta":{"footnotes":""},"class_list":["post-7673","page","type-page","status-publish","hentry"],"_links":{"self":[{"href":"https:\/\/enfantsdazur.com\/fr\/wp-json\/wp\/v2\/pages\/7673","targetHints":{"allow":["GET"]}}],"collection":[{"href":"https:\/\/enfantsdazur.com\/fr\/wp-json\/wp\/v2\/pages"}],"about":[{"href":"https:\/\/enfantsdazur.com\/fr\/wp-json\/wp\/v2\/types\/page"}],"author":[{"embeddable":true,"href":"https:\/\/enfantsdazur.com\/fr\/wp-json\/wp\/v2\/users\/1"}],"replies":[{"embeddable":true,"href":"https:\/\/enfantsdazur.com\/fr\/wp-json\/wp\/v2\/comments?post=7673"}],"version-history":[{"count":0,"href":"https:\/\/enfantsdazur.com\/fr\/wp-json\/wp\/v2\/pages\/7673\/revisions"}],"up":[{"embeddable":true,"href":"https:\/\/enfantsdazur.com\/fr\/wp-json\/wp\/v2\/pages\/7507"}],"wp:attachment":[{"href":"https:\/\/enfantsdazur.com\/fr\/wp-json\/wp\/v2\/media?parent=7673"}],"curies":[{"name":"wp","href":"https:\/\/api.w.org\/{rel}","templated":true}]}}