{"id":9175,"date":"2020-10-30T21:31:34","date_gmt":"2020-10-30T21:31:34","guid":{"rendered":"http:\/\/s961990797.websitehome.co.uk\/win-anosracines\/"},"modified":"2020-12-10T13:08:06","modified_gmt":"2020-12-10T13:08:06","slug":"win-anosracines","status":"publish","type":"page","link":"https:\/\/enfantsdazur.com\/fr\/win-anosracines\/","title":{"rendered":"Comp\u00e9tition, Kit Couronne de No\u00ebl Moderne"},"content":{"rendered":"\n<h1>\n\t\tCOMP\u00c9TITION\n\t<\/h1>\n\t<h2>Gagnez un Kit Couronne de No\u00ebl Moderne en collaboration avec A Nos Racines<\/h2>\n<p>&nbsp;<\/p>\n<h2>Pour participer, compl\u00e9tez and validez \u00a0le formulaire ci-dessous<\/h2>\n\t<p>Nous avons 1 kit de <strong>couronne de no\u00ebl<\/strong> <strong>moderne<\/strong> \u00e0 offrir \u00e0 un heureux lecteur. Le kit comprend tout ce dont vous aurez besoin pour r\u00e9aliser le projet.<\/p>\n\n<ul>\n<li>Ce concours est ouvert uniquement aux personnes r\u00e9sidant en Alpes Maritimes (06).<\/li>\n<li>La date de cl\u00f4ture de ce concours est le 14 d\u00e9cembre 2020 \u00e0 17 heures.<\/li>\n<li>Un seul (1) gagnant sera tir\u00e9 au sort.<\/li>\n<li>La d\u00e9cision de l&rsquo;\u00e9diteur est d\u00e9finitive.<\/li>\n<li>Aucune alternative en esp\u00e8ces.<\/li>\n<li>Les participants doivent remplir le formulaire de mani\u00e8re compl\u00e8te et pr\u00e9cise.<\/li>\n<li>Les participants doivent suivre @enfantsdazur et @anosracines sur Instagram ou Facebook.<\/li>\n<\/ul>\n<p>Les CGU des concours Enfants d&rsquo;Azur s&rsquo;appliquent \u00e9galement. www.enfantsdazur.com\/competitions\/<\/p>\n<p>&nbsp;<\/p>\n<p>BON \u00c0 SAVOIR: <\/p>\n\n<p>Que vous achetiez un <strong>kit de couronne de no\u00ebl moderne\u00a0<\/strong>ou que vous en gagniez un, nous serions ravis de voir votre projet, alors partagez-le sur Facebook ou Instagram et tagguez @enfantsdazur et @anosracines.<\/p>\n\t\t\t\t<img loading=\"lazy\" decoding=\"async\" src=\"https:\/\/enfantsdazur.com\/wp-content\/uploads\/2020\/10\/A-nos-racines-Wreath-Competition-Nov-Dec.png\" alt=\"A nos racines Wreath Competition Nov Dec\" itemprop=\"image\" height=\"2000\" width=\"1347\" title=\"A nos racines Wreath Competition Nov Dec\" onerror=\"this.style.display='none'\"  \/>\n\t<iframe id=\"JotFormIFrame-203088706987065\" title=\"Form\" src=\"https:\/\/form.jotform.com\/203088706987065\" frameborder=\"0\" scrolling=\"no\" allowfullscreen=\"allowfullscreen\"><br \/>\n<\/iframe><br \/>\n\n\n","protected":false},"excerpt":{"rendered":"<p>COMP\u00c9TITION Gagnez un Kit Couronne de No\u00ebl Moderne en collaboration avec A Nos Racines &nbsp; Pour participer, compl\u00e9tez and validez \u00a0le&hellip;<\/p>\n","protected":false},"author":1,"featured_media":9164,"parent":0,"menu_order":0,"comment_status":"closed","ping_status":"closed","template":"","meta":{"footnotes":""},"class_list":["post-9175","page","type-page","status-publish","has-post-thumbnail","hentry"],"_links":{"self":[{"href":"https:\/\/enfantsdazur.com\/fr\/wp-json\/wp\/v2\/pages\/9175","targetHints":{"allow":["GET"]}}],"collection":[{"href":"https:\/\/enfantsdazur.com\/fr\/wp-json\/wp\/v2\/pages"}],"about":[{"href":"https:\/\/enfantsdazur.com\/fr\/wp-json\/wp\/v2\/types\/page"}],"author":[{"embeddable":true,"href":"https:\/\/enfantsdazur.com\/fr\/wp-json\/wp\/v2\/users\/1"}],"replies":[{"embeddable":true,"href":"https:\/\/enfantsdazur.com\/fr\/wp-json\/wp\/v2\/comments?post=9175"}],"version-history":[{"count":2,"href":"https:\/\/enfantsdazur.com\/fr\/wp-json\/wp\/v2\/pages\/9175\/revisions"}],"predecessor-version":[{"id":11401,"href":"https:\/\/enfantsdazur.com\/fr\/wp-json\/wp\/v2\/pages\/9175\/revisions\/11401"}],"wp:featuredmedia":[{"embeddable":true,"href":"https:\/\/enfantsdazur.com\/fr\/wp-json\/wp\/v2\/media\/9164"}],"wp:attachment":[{"href":"https:\/\/enfantsdazur.com\/fr\/wp-json\/wp\/v2\/media?parent=9175"}],"curies":[{"name":"wp","href":"https:\/\/api.w.org\/{rel}","templated":true}]}}