{"id":9332,"date":"2017-12-10T21:34:36","date_gmt":"2017-12-10T21:34:36","guid":{"rendered":"http:\/\/s961990797.websitehome.co.uk\/shopping\/toys-books\/"},"modified":"2020-11-04T10:34:38","modified_gmt":"2020-11-04T10:34:38","slug":"jouets-livres","status":"publish","type":"page","link":"https:\/\/enfantsdazur.com\/fr\/shopping\/jouets-livres\/","title":{"rendered":"Jouets &#038; Livres"},"content":{"rendered":"\n\t<p>Jouets &amp; Livres<\/p>\n<p>Ci-dessous, vous pouvez parcourir notre section jouets et livres. Nous avons essay\u00e9 de diviser les articles en diff\u00e9rentes cat\u00e9gories pour vous permettre de trouver plus facilement ce que vous recherchez.<\/p>\n\t\t\t<a href=\"https:\/\/enfantsdazur.com\/fr\/shopping\/jouets-livres\/jouets\/\" target=\"_self\" role=\"button\" rel=\"noopener noreferrer\">\n\t\t\t\t\t\t\tJouets\n\t\t\t\t\t<\/a>\n\t\t\t<a href=\"https:\/\/enfantsdazur.com\/shopping\/toys-books\/books\/\" target=\"_self\" role=\"button\" rel=\"noopener noreferrer\">\n\t\t\t\t\t\t\tLivres\n\t\t\t\t\t<\/a>\n\t\t\t<a href=\"https:\/\/enfantsdazur.com\/shopping\/toys-books\/author-interviews\/\" target=\"_self\" role=\"button\" rel=\"noopener noreferrer\">\n\t\t\t\t\t\t\tAuteurs\n\t\t\t\t\t<\/a>\n\t<h5>Sponsored Adverts<\/h5>\n\t\t\t\t<img loading=\"lazy\" decoding=\"async\" src=\"https:\/\/enfantsdazur.com\/wp-content\/uploads\/bb-plugin\/cache\/cropped-enfants-logo-final-1-300x300-square.jpg\" alt=\"Enfants D'Azur Logo\" itemprop=\"image\" height=\"300\" width=\"300\" title=\"cropped-enfants-logo-final-1.jpg\" onerror=\"this.style.display='none'\"  \/>\n<h3><\/h3>\t\t\n\t<ul>\n<li>\n<h5>Get your business a\u00a0<strong>Featured Listing!<\/strong><\/h5>\n<\/li>\n<li>\n<h5>Be seen first by potential clients!<\/h5>\n<\/li>\n<li>\n<h5>Get Found!<\/h5>\n<\/li>\n<\/ul>\n<h6><\/h6>\n<h6><strong>Contact:\u00a0<\/strong>Holly Grattan<\/h6>\n<h6><strong>Tel:<\/strong>\u00a006 27 44 19 23<\/h6>\n<h6><strong>Facebook:\u00a0<\/strong><a href=\"https:\/\/www.facebook.com\/enfantsdazur\" target=\"_blank\" rel=\"noopener noreferrer nofollow\" data-content=\"https:\/\/www.facebook.com\/enfantsdazur\" data-type=\"external\">\/enfantsdazur<\/a><\/h6>\n<h6><strong>Website:<\/strong>\u00a0<a href=\"https:\/\/enfantsdazur.com\/\" target=\"_blank\" rel=\"noopener noreferrer\" data-content=\"https:\/\/enfantsdazur.com\" data-type=\"external\">www.enfantsdazur.com<\/a><\/h6>\n\t<h5>Sponsored Adverts<\/h5>\n","protected":false},"excerpt":{"rendered":"<p>Jouets &amp; Livres Ci-dessous, vous pouvez parcourir notre section jouets et livres. Nous avons essay\u00e9 de diviser les articles en diff\u00e9rentes&hellip;<\/p>\n","protected":false},"author":1,"featured_media":0,"parent":7491,"menu_order":3,"comment_status":"closed","ping_status":"closed","template":"","meta":{"footnotes":""},"class_list":["post-9332","page","type-page","status-publish","hentry"],"_links":{"self":[{"href":"https:\/\/enfantsdazur.com\/fr\/wp-json\/wp\/v2\/pages\/9332","targetHints":{"allow":["GET"]}}],"collection":[{"href":"https:\/\/enfantsdazur.com\/fr\/wp-json\/wp\/v2\/pages"}],"about":[{"href":"https:\/\/enfantsdazur.com\/fr\/wp-json\/wp\/v2\/types\/page"}],"author":[{"embeddable":true,"href":"https:\/\/enfantsdazur.com\/fr\/wp-json\/wp\/v2\/users\/1"}],"replies":[{"embeddable":true,"href":"https:\/\/enfantsdazur.com\/fr\/wp-json\/wp\/v2\/comments?post=9332"}],"version-history":[{"count":0,"href":"https:\/\/enfantsdazur.com\/fr\/wp-json\/wp\/v2\/pages\/9332\/revisions"}],"up":[{"embeddable":true,"href":"https:\/\/enfantsdazur.com\/fr\/wp-json\/wp\/v2\/pages\/7491"}],"wp:attachment":[{"href":"https:\/\/enfantsdazur.com\/fr\/wp-json\/wp\/v2\/media?parent=9332"}],"curies":[{"name":"wp","href":"https:\/\/api.w.org\/{rel}","templated":true}]}}