{"id":9581,"date":"2020-11-05T00:09:51","date_gmt":"2020-11-05T00:09:51","guid":{"rendered":"http:\/\/s961990797.websitehome.co.uk\/win-lamalleajouets\/"},"modified":"2020-12-16T11:37:41","modified_gmt":"2020-12-16T11:37:41","slug":"win-lamalleajouets","status":"publish","type":"page","link":"https:\/\/enfantsdazur.com\/fr\/win-lamalleajouets\/","title":{"rendered":"Comp\u00e9tition, Boulier de La Malle \u00e0 Jouets"},"content":{"rendered":"\r\n<h1>COMP\u00c9TITION<\/h1>\r\n<h1>Gagnez un Boulier de La Malle \u00e0 Jouets \u00e0 Valbonne.<\/h1>\r\n<h1>Pour participer au concours, remplissez et validez le formulaire ci-dessous<\/h1>\r\n<p>Nous avons 1 <strong>Boulier<\/strong> \u00e0 offrir \u00e0 un lecteur chanceux.<\/p>\r\n<h3><strong>Conditions g\u00e9n\u00e9rales relatives au concours \u00ab\u00a0Boulier\u00a0\u00bb<\/strong><\/h3>\r\n<ul>\r\n<li>Ce concours est ouvert uniquement aux personnes r\u00e9sidant en Alpes Maritimes (06).<\/li>\r\n<li>La date de cl\u00f4ture de ce concours est le 11 d\u00e9cembre 2020 \u00e0 17 heures.<\/li>\r\n<li>Un seul (1) gagnant sera tir\u00e9 au sort.<\/li>\r\n<li>La d\u00e9cision de l\u2019\u00e9diteur est d\u00e9finitive.<\/li>\r\n<li>Aucune alternative en esp\u00e8ces.<\/li>\r\n<li>Les participants doivent remplir le formulaire de mani\u00e8re compl\u00e8te et pr\u00e9cise.<\/li>\r\n<li>Les participants doivent suivre @enfantsdazur et @lamalleajouets sur Instagram ou Facebook.<\/li>\r\n<\/ul>\r\n<p>Les CGU des concours Enfants d&rsquo;Azur s&rsquo;appliquent \u00e9galement.<\/p>\r\n<p>www.enfantsdazur.com\/competitions\/<\/p>\r\n<p>&nbsp;<\/p>\r\n<p>VEUILLEZ SOUTENIR NOS COMMERCES LOCAUX ET PETITES ENTREPRISES<\/p>\r\n<p>Pendant le confinement, La Malle \u00e0 Jouets a d\u00fb fermer ses portes mais elle prend les commandes via sa page Facebook: https:\/\/www.facebook.com\/lamalleajouets\u00a0<\/p>\r\n<p>Contactez Anais directement sur FB messenger.<\/p>\r\n<p><a href=\"https:\/\/bit.ly\/3mUIpZi\" target=\"_self\" rel=\"noopener noreferrer nofollow\"> <img loading=\"lazy\" decoding=\"async\" title=\"2\" src=\"https:\/\/enfantsdazur.com\/wp-content\/uploads\/2020\/11\/2-1.png\" alt=\"2\" width=\"1524\" height=\"1100\" \/> <\/a> <iframe id=\"JotFormIFrame-203088417089057\" title=\"Form\" src=\"https:\/\/form.jotform.com\/203088417089057\" frameborder=\"0\" scrolling=\"no\" allowfullscreen=\"allowfullscreen\"><br \/><\/iframe><\/p>\r\n","protected":false},"excerpt":{"rendered":"<p>COMP\u00c9TITION Gagnez un Boulier de La Malle \u00e0 Jouets \u00e0 Valbonne. Pour participer au concours, remplissez et validez le formulaire ci-dessous&hellip;<\/p>\n","protected":false},"author":1,"featured_media":0,"parent":0,"menu_order":0,"comment_status":"closed","ping_status":"closed","template":"","meta":{"footnotes":""},"class_list":["post-9581","page","type-page","status-publish","hentry"],"_links":{"self":[{"href":"https:\/\/enfantsdazur.com\/fr\/wp-json\/wp\/v2\/pages\/9581","targetHints":{"allow":["GET"]}}],"collection":[{"href":"https:\/\/enfantsdazur.com\/fr\/wp-json\/wp\/v2\/pages"}],"about":[{"href":"https:\/\/enfantsdazur.com\/fr\/wp-json\/wp\/v2\/types\/page"}],"author":[{"embeddable":true,"href":"https:\/\/enfantsdazur.com\/fr\/wp-json\/wp\/v2\/users\/1"}],"replies":[{"embeddable":true,"href":"https:\/\/enfantsdazur.com\/fr\/wp-json\/wp\/v2\/comments?post=9581"}],"version-history":[{"count":0,"href":"https:\/\/enfantsdazur.com\/fr\/wp-json\/wp\/v2\/pages\/9581\/revisions"}],"wp:attachment":[{"href":"https:\/\/enfantsdazur.com\/fr\/wp-json\/wp\/v2\/media?parent=9581"}],"curies":[{"name":"wp","href":"https:\/\/api.w.org\/{rel}","templated":true}]}}